{"id":2154,"date":"2018-05-14T10:10:12","date_gmt":"2018-05-14T10:10:12","guid":{"rendered":"http:\/\/www.satel-iberia.com\/satel2018\/aplicaciones\/control-periodo-tarifario\/"},"modified":"2018-08-02T09:39:58","modified_gmt":"2018-08-02T09:39:58","slug":"hourly-rate-discrimination-control","status":"publish","type":"page","link":"https:\/\/www.satel-iberia.com\/en\/application\/hourly-rate-discrimination-control\/","title":{"rendered":"HOURLY RATE DISCRIMINATION CONTROL"},"content":{"rendered":"<div class=\"wpb-content-wrapper\">[mk_page_section vertical_align=&#8221;center&#8221; bg_image=&#8221;https:\/\/www.satel-iberia.com\/wp-content\/uploads\/2018\/05\/slide03_1.jpg&#8221; bg_position=&#8221;center center&#8221; bg_stretch=&#8221;true&#8221; bg_gradient=&#8221;vertical&#8221; video_color_mask=&#8221;#34558e&#8221; gr_end=&#8221;#34558e&#8221; min_height=&#8221;0&#8243; full_width=&#8221;true&#8221; js_vertical_centered=&#8221;true&#8221; top_shape_style=&#8221;curve-top&#8221; top_shape_size=&#8221;small&#8221; top_shape_color=&#8221;#005c97&#8243; bottom_shape_style=&#8221;folded-bottom&#8221; bottom_shape_size=&#8221;small&#8221; el_class=&#8221;first-element&#8221; sidebar=&#8221;sidebar-1&#8243;][vc_column css=&#8221;.vc_custom_1524733207889{padding-top: 40px !important;}&#8221;][mk_fancy_title color=&#8221;#ffffff&#8221; size=&#8221;24&#8243; font_weight=&#8221;400&#8243; txt_transform=&#8221;uppercase&#8221; letter_spacing=&#8221;4&#8243; font_family=&#8221;Roboto+Condensed&#8221; font_type=&#8221;google&#8221; align=&#8221;center&#8221;]ENERGY MONITORING APPLICATION[\/mk_fancy_title][\/vc_column][\/mk_page_section][vc_row css=&#8221;.vc_custom_1524565598187{margin-top: 35px !important;}&#8221;][vc_column][vc_column_text disable_pattern=&#8221;false&#8221; margin_bottom=&#8221;30&#8243; css=&#8221;.vc_custom_1533202260910{margin-bottom: 0px !important;}&#8221;]In hourly rate discrimination, the cost per kWh depends on the period of time in which the consumption is made.<\/p>\n<p>With this solution it is now possible to decide which equipment will be switched on during the lowest cost periods (e.g. period 3 or 6) in order to obtain significant savings in the electricity bill.<br \/>\nThe aim of the solution is to automate the start\/stop of the equipment, taking into account the periods in which the kWh is more economical and to be able to indicate additional conditions that provide more effective control.[\/vc_column_text][vc_single_image image=&#8221;1566&#8243; img_size=&#8221;full&#8221; alignment=&#8221;center&#8221;][mk_fancy_title color=&#8221;#305690&#8243; size=&#8221;28&#8243; force_font_size=&#8221;true&#8221; size_phone=&#8221;24&#8243; font_weight=&#8221;400&#8243; txt_transform=&#8221;capitalize&#8221; letter_spacing=&#8221;1&#8243; font_family=&#8221;none&#8221; responsive_align=&#8221;left&#8221;]ADVANTAGES OF THE SOLUTION[\/mk_fancy_title][vc_column_text css=&#8221;.vc_custom_1533202453736{margin-top: -20px !important;margin-bottom: 20px !important;}&#8221;]\n<p>Precise control: Easily automate the start\/stop of equipment so that it can be precisely adjusted (time synchronized with the company counter) to the desired tariff period.<br \/>\nDetailed information: Additional meter data such as load curve, monthly closing, etc. are available. Delivery can be made via Ethernet or GPRS\/3G to a SCADA or FTP server.<br \/>\nSet up your own rules: Define rules for start\/stop involving more complex criteria such as power control, etc. if desired.<br \/>\nUp to 10 devices: Control start\/stop of up to 10 devices<br \/>\nEasy installation: Only one datalogger and one power supply required.<br \/>\n[\/vc_column_text][mk_button dimension=&#8221;flat&#8221; size=&#8221;medium&#8221; icon=&#8221;mk-moon-file-download&#8221; url=&#8221;\/wp-content\/uploads\/2018\/05\/sennet_control-periodo-tarifario.pdf&#8221; target=&#8221;_blank&#8221; bg_color=&#8221;#34558e&#8221; btn_hover_bg=&#8221;#57b2ec&#8221; btn_hover_txt_color=&#8221;#ffffff&#8221;]DOWNLOAD BROCHURE[\/mk_button][\/vc_column][\/vc_row][vc_row][vc_column][mk_padding_divider][\/vc_column][\/vc_row][vc_row fullwidth=&#8221;true&#8221; fullwidth_content=&#8221;false&#8221; css=&#8221;.vc_custom_1524571083790{padding-top: 20px !important;padding-bottom: 20px !important;background-color: #305690 !important;}&#8221;][vc_column][vc_column_text css=&#8221;.vc_custom_1533202791993{margin-bottom: 0px !important;}&#8221;]\n<h3 style=\"text-align: center;\"><span style=\"color: #ffffff;\">If you have any questions about our solutions and applications<br \/>\nYou can request more information.<\/span><\/h3>\n[\/vc_column_text][mk_button dimension=&#8221;flat&#8221; url=&#8221;\/contact&#8221; align=&#8221;center&#8221; bg_color=&#8221;#ffffff&#8221; text_color=&#8221;dark&#8221;]CONTACT NOW[\/mk_button][\/vc_column][\/vc_row][vc_row disable_element=&#8221;yes&#8221; css=&#8221;.vc_custom_1531729810458{margin-top: 40px !important;}&#8221;][vc_column][mk_fancy_title color=&#8221;#305690&#8243; size=&#8221;28&#8243; force_font_size=&#8221;true&#8221; size_phone=&#8221;24&#8243; font_weight=&#8221;400&#8243; txt_transform=&#8221;capitalize&#8221; letter_spacing=&#8221;1&#8243; font_family=&#8221;none&#8221; responsive_align=&#8221;left&#8221;]PRODUCTOS RELACIONADOS[\/mk_fancy_title][vc_basic_grid post_type=&#8221;page&#8221; max_items=&#8221;10&#8243; element_width=&#8221;3&#8243; item=&#8221;1070&#8243; initial_loading_animation=&#8221;none&#8221; grid_id=&#8221;vc_gid:1533202743718-a413e936-39b9-4&#8243; taxonomies=&#8221;12&#8243;][\/vc_column][\/vc_row]\n<\/div>","protected":false},"excerpt":{"rendered":"<p>[mk_page_section vertical_align=&#8221;center&#8221; bg_image=&#8221;https:\/\/www.satel-iberia.com\/wp-content\/uploads\/2018\/05\/slide03_1.jpg&#8221; bg_position=&#8221;center center&#8221; bg_stretch=&#8221;true&#8221; bg_gradient=&#8221;vertical&#8221; video_color_mask=&#8221;#34558e&#8221; gr_end=&#8221;#34558e&#8221; min_height=&#8221;0&#8243; full_width=&#8221;true&#8221; js_vertical_centered=&#8221;true&#8221; top_shape_style=&#8221;curve-top&#8221; top_shape_size=&#8221;small&#8221; top_shape_color=&#8221;#005c97&#8243; bottom_shape_style=&#8221;folded-bottom&#8221; bottom_shape_size=&#8221;small&#8221; el_class=&#8221;first-element&#8221; sidebar=&#8221;sidebar-1&#8243;][vc_column css=&#8221;.vc_custom_1524733207889{padding-top: 40px !important;}&#8221;][mk_fancy_title color=&#8221;#ffffff&#8221; size=&#8221;24&#8243; font_weight=&#8221;400&#8243; txt_transform=&#8221;uppercase&#8221; letter_spacing=&#8221;4&#8243; font_family=&#8221;Roboto+Condensed&#8221; font_type=&#8221;google&#8221; align=&#8221;center&#8221;]ENERGY MONITORING APPLICATION[\/mk_fancy_title][\/vc_column][\/mk_page_section][vc_row css=&#8221;.vc_custom_1524565598187{margin-top: 35px !important;}&#8221;][vc_column][vc_column_text disable_pattern=&#8221;false&#8221; margin_bottom=&#8221;30&#8243; css=&#8221;.vc_custom_1533202260910{margin-bottom: 0px !important;}&#8221;]In hourly rate discrimination, the cost per kWh depends on the period of time in which [&hellip;]<\/p>\n","protected":false},"author":1,"featured_media":0,"parent":2146,"menu_order":0,"comment_status":"closed","ping_status":"closed","template":"","meta":{"_joinchat":[],"footnotes":""},"categories":[],"tags":[],"class_list":["post-2154","page","type-page","status-publish","hentry"],"yoast_head":"<!-- This site is optimized with the Yoast SEO plugin v24.6 - https:\/\/yoast.com\/wordpress\/plugins\/seo\/ -->\n<title>Automatizaci\u00f3n y Control del Periodo Tarifario para ahorro energ\u00e9tico<\/title>\n<meta name=\"description\" content=\"Soluci\u00f3n para la automatizaci\u00f3n Control del Periodo Tarifario. Arranque \/ parada de los equipos considerando los periodos en los que el kWh es m\u00e1s econ\u00f3mico\" \/>\n<meta name=\"robots\" content=\"index, follow, max-snippet:-1, max-image-preview:large, max-video-preview:-1\" \/>\n<link rel=\"canonical\" href=\"https:\/\/www.satel-iberia.com\/en\/application\/hourly-rate-discrimination-control\/\" \/>\n<meta property=\"og:locale\" content=\"en_US\" \/>\n<meta property=\"og:type\" content=\"article\" \/>\n<meta property=\"og:title\" content=\"Automatizaci\u00f3n y Control del Periodo Tarifario para ahorro energ\u00e9tico\" \/>\n<meta property=\"og:description\" content=\"Soluci\u00f3n para la automatizaci\u00f3n Control del Periodo Tarifario. Arranque \/ parada de los equipos considerando los periodos en los que el kWh es m\u00e1s econ\u00f3mico\" \/>\n<meta property=\"og:url\" content=\"https:\/\/www.satel-iberia.com\/en\/application\/hourly-rate-discrimination-control\/\" \/>\n<meta property=\"og:site_name\" content=\"Satel Iberia\" \/>\n<meta property=\"article:modified_time\" content=\"2018-08-02T09:39:58+00:00\" \/>\n<meta name=\"twitter:card\" content=\"summary_large_image\" \/>\n<meta name=\"twitter:label1\" content=\"Est. reading time\" \/>\n\t<meta name=\"twitter:data1\" content=\"3 minutes\" \/>\n<script type=\"application\/ld+json\" class=\"yoast-schema-graph\">{\"@context\":\"https:\/\/schema.org\",\"@graph\":[{\"@type\":\"WebPage\",\"@id\":\"https:\/\/www.satel-iberia.com\/en\/application\/hourly-rate-discrimination-control\/\",\"url\":\"https:\/\/www.satel-iberia.com\/en\/application\/hourly-rate-discrimination-control\/\",\"name\":\"Automatizaci\u00f3n y Control del Periodo Tarifario para ahorro energ\u00e9tico\",\"isPartOf\":{\"@id\":\"https:\/\/www.satel-iberia.com\/#website\"},\"datePublished\":\"2018-05-14T10:10:12+00:00\",\"dateModified\":\"2018-08-02T09:39:58+00:00\",\"description\":\"Soluci\u00f3n para la automatizaci\u00f3n Control del Periodo Tarifario. Arranque \/ parada de los equipos considerando los periodos en los que el kWh es m\u00e1s econ\u00f3mico\",\"breadcrumb\":{\"@id\":\"https:\/\/www.satel-iberia.com\/en\/application\/hourly-rate-discrimination-control\/#breadcrumb\"},\"inLanguage\":\"en-US\",\"potentialAction\":[{\"@type\":\"ReadAction\",\"target\":[\"https:\/\/www.satel-iberia.com\/en\/application\/hourly-rate-discrimination-control\/\"]}]},{\"@type\":\"BreadcrumbList\",\"@id\":\"https:\/\/www.satel-iberia.com\/en\/application\/hourly-rate-discrimination-control\/#breadcrumb\",\"itemListElement\":[{\"@type\":\"ListItem\",\"position\":1,\"name\":\"Portada\",\"item\":\"https:\/\/www.satel-iberia.com\/en\/\"},{\"@type\":\"ListItem\",\"position\":2,\"name\":\"APPLICATION\",\"item\":\"https:\/\/www.satel-iberia.com\/en\/application\/\"},{\"@type\":\"ListItem\",\"position\":3,\"name\":\"HOURLY RATE DISCRIMINATION CONTROL\"}]},{\"@type\":\"WebSite\",\"@id\":\"https:\/\/www.satel-iberia.com\/#website\",\"url\":\"https:\/\/www.satel-iberia.com\/\",\"name\":\"Satel Iberia\",\"description\":\"Soluciones de monitorizaci\u00f3n y telecontrol a su medida\",\"potentialAction\":[{\"@type\":\"SearchAction\",\"target\":{\"@type\":\"EntryPoint\",\"urlTemplate\":\"https:\/\/www.satel-iberia.com\/?s={search_term_string}\"},\"query-input\":{\"@type\":\"PropertyValueSpecification\",\"valueRequired\":true,\"valueName\":\"search_term_string\"}}],\"inLanguage\":\"en-US\"}]}<\/script>\n<!-- \/ Yoast SEO plugin. -->","yoast_head_json":{"title":"Automatizaci\u00f3n y Control del Periodo Tarifario para ahorro energ\u00e9tico","description":"Soluci\u00f3n para la automatizaci\u00f3n Control del Periodo Tarifario. Arranque \/ parada de los equipos considerando los periodos en los que el kWh es m\u00e1s econ\u00f3mico","robots":{"index":"index","follow":"follow","max-snippet":"max-snippet:-1","max-image-preview":"max-image-preview:large","max-video-preview":"max-video-preview:-1"},"canonical":"https:\/\/www.satel-iberia.com\/en\/application\/hourly-rate-discrimination-control\/","og_locale":"en_US","og_type":"article","og_title":"Automatizaci\u00f3n y Control del Periodo Tarifario para ahorro energ\u00e9tico","og_description":"Soluci\u00f3n para la automatizaci\u00f3n Control del Periodo Tarifario. Arranque \/ parada de los equipos considerando los periodos en los que el kWh es m\u00e1s econ\u00f3mico","og_url":"https:\/\/www.satel-iberia.com\/en\/application\/hourly-rate-discrimination-control\/","og_site_name":"Satel Iberia","article_modified_time":"2018-08-02T09:39:58+00:00","twitter_card":"summary_large_image","twitter_misc":{"Est. reading time":"3 minutes"},"schema":{"@context":"https:\/\/schema.org","@graph":[{"@type":"WebPage","@id":"https:\/\/www.satel-iberia.com\/en\/application\/hourly-rate-discrimination-control\/","url":"https:\/\/www.satel-iberia.com\/en\/application\/hourly-rate-discrimination-control\/","name":"Automatizaci\u00f3n y Control del Periodo Tarifario para ahorro energ\u00e9tico","isPartOf":{"@id":"https:\/\/www.satel-iberia.com\/#website"},"datePublished":"2018-05-14T10:10:12+00:00","dateModified":"2018-08-02T09:39:58+00:00","description":"Soluci\u00f3n para la automatizaci\u00f3n Control del Periodo Tarifario. Arranque \/ parada de los equipos considerando los periodos en los que el kWh es m\u00e1s econ\u00f3mico","breadcrumb":{"@id":"https:\/\/www.satel-iberia.com\/en\/application\/hourly-rate-discrimination-control\/#breadcrumb"},"inLanguage":"en-US","potentialAction":[{"@type":"ReadAction","target":["https:\/\/www.satel-iberia.com\/en\/application\/hourly-rate-discrimination-control\/"]}]},{"@type":"BreadcrumbList","@id":"https:\/\/www.satel-iberia.com\/en\/application\/hourly-rate-discrimination-control\/#breadcrumb","itemListElement":[{"@type":"ListItem","position":1,"name":"Portada","item":"https:\/\/www.satel-iberia.com\/en\/"},{"@type":"ListItem","position":2,"name":"APPLICATION","item":"https:\/\/www.satel-iberia.com\/en\/application\/"},{"@type":"ListItem","position":3,"name":"HOURLY RATE DISCRIMINATION CONTROL"}]},{"@type":"WebSite","@id":"https:\/\/www.satel-iberia.com\/#website","url":"https:\/\/www.satel-iberia.com\/","name":"Satel Iberia","description":"Soluciones de monitorizaci\u00f3n y telecontrol a su medida","potentialAction":[{"@type":"SearchAction","target":{"@type":"EntryPoint","urlTemplate":"https:\/\/www.satel-iberia.com\/?s={search_term_string}"},"query-input":{"@type":"PropertyValueSpecification","valueRequired":true,"valueName":"search_term_string"}}],"inLanguage":"en-US"}]}},"post_mailing_queue_ids":[],"_links":{"self":[{"href":"https:\/\/www.satel-iberia.com\/en\/wp-json\/wp\/v2\/pages\/2154","targetHints":{"allow":["GET"]}}],"collection":[{"href":"https:\/\/www.satel-iberia.com\/en\/wp-json\/wp\/v2\/pages"}],"about":[{"href":"https:\/\/www.satel-iberia.com\/en\/wp-json\/wp\/v2\/types\/page"}],"author":[{"embeddable":true,"href":"https:\/\/www.satel-iberia.com\/en\/wp-json\/wp\/v2\/users\/1"}],"replies":[{"embeddable":true,"href":"https:\/\/www.satel-iberia.com\/en\/wp-json\/wp\/v2\/comments?post=2154"}],"version-history":[{"count":9,"href":"https:\/\/www.satel-iberia.com\/en\/wp-json\/wp\/v2\/pages\/2154\/revisions"}],"predecessor-version":[{"id":4897,"href":"https:\/\/www.satel-iberia.com\/en\/wp-json\/wp\/v2\/pages\/2154\/revisions\/4897"}],"up":[{"embeddable":true,"href":"https:\/\/www.satel-iberia.com\/en\/wp-json\/wp\/v2\/pages\/2146"}],"wp:attachment":[{"href":"https:\/\/www.satel-iberia.com\/en\/wp-json\/wp\/v2\/media?parent=2154"}],"wp:term":[{"taxonomy":"category","embeddable":true,"href":"https:\/\/www.satel-iberia.com\/en\/wp-json\/wp\/v2\/categories?post=2154"},{"taxonomy":"post_tag","embeddable":true,"href":"https:\/\/www.satel-iberia.com\/en\/wp-json\/wp\/v2\/tags?post=2154"}],"curies":[{"name":"wp","href":"https:\/\/api.w.org\/{rel}","templated":true}]}}