{"id":2155,"date":"2018-05-14T10:29:04","date_gmt":"2018-05-14T10:29:04","guid":{"rendered":"http:\/\/www.satel-iberia.com\/satel2018\/aplicaciones\/monitorizacion-instalaciones-fotovoltaicas-y-generacion\/"},"modified":"2018-07-24T12:17:14","modified_gmt":"2018-07-24T12:17:14","slug":"monitoring-of-photovoltaic-installations-and-generation","status":"publish","type":"page","link":"https:\/\/www.satel-iberia.com\/en\/application\/monitoring-of-photovoltaic-installations-and-generation\/","title":{"rendered":"MONITORING OF PHOTOVOLTAIC INSTALLATIONS AND GENERATION"},"content":{"rendered":"<div class=\"wpb-content-wrapper\">[mk_page_section vertical_align=&#8221;center&#8221; bg_image=&#8221;https:\/\/www.satel-iberia.com\/wp-content\/uploads\/2018\/05\/li-neasverdes_shutterstock_397235554.jpg&#8221; bg_position=&#8221;center center&#8221; bg_stretch=&#8221;true&#8221; bg_gradient=&#8221;vertical&#8221; video_color_mask=&#8221;#34558e&#8221; gr_end=&#8221;#34558e&#8221; min_height=&#8221;0&#8243; full_width=&#8221;true&#8221; js_vertical_centered=&#8221;true&#8221; top_shape_style=&#8221;curve-top&#8221; top_shape_size=&#8221;small&#8221; top_shape_color=&#8221;#005c97&#8243; bottom_shape_style=&#8221;folded-bottom&#8221; bottom_shape_size=&#8221;small&#8221; el_class=&#8221;first-element&#8221; sidebar=&#8221;sidebar-1&#8243;][vc_column css=&#8221;.vc_custom_1524733207889{padding-top: 40px !important;}&#8221;][mk_fancy_title color=&#8221;#ffffff&#8221; size=&#8221;24&#8243; font_weight=&#8221;400&#8243; txt_transform=&#8221;uppercase&#8221; letter_spacing=&#8221;4&#8243; font_family=&#8221;Roboto+Condensed&#8221; font_type=&#8221;google&#8221; align=&#8221;center&#8221;]OPTIMIZE THE ENERGY GENERATION[\/mk_fancy_title][\/vc_column][\/mk_page_section][vc_row css=&#8221;.vc_custom_1524565598187{margin-top: 35px !important;}&#8221;][vc_column][vc_column_text disable_pattern=&#8221;false&#8221; margin_bottom=&#8221;30&#8243; css=&#8221;.vc_custom_1532434139286{margin-bottom: 0px !important;}&#8221;]\n<h3><span style=\"color: #34558e;\">SenNet Solar is a solution for monitoring any kind of power generation plants. In this type of facilities, it is essential to monitor and remotely control the devices involved in the process: inverters, meters, trackers, etc.<\/span><\/h3>\n<p><strong>Benefits<\/strong>: increased production, lower maintenance costs, greater profitability, greater energy availability and greater security.<\/p>\n<p>The solution not only meters the energy generated, but also makes possible to set alarms and control orders over devices (remote reset, switch off&#8230;).It is a comprehensive solution, adaptable to power plants of any size.<\/p>\n<p>The same equipment used for this solution can be also used for Real Time Telemetry (RTT) and for managing the electricity arrangements (dispatch management), controlling the electricity put into the network.<\/p>\n<p>It is compatible with most energy inverters in the market, such as the trademarks: Solarmax, SMA, Fronius, Danfos, GreenPower, Ingeteam, Aurora, PowerOne, Refu, Kaco, Riello, Xantrex, Sunways, Sungrow, Siemens, Atersa, etc. It is also compatible with most energy meters, such as: Actaris, Landis&amp;Gyr, Circutor, etc.[\/vc_column_text][vc_single_image image=&#8221;1571&#8243; img_size=&#8221;full&#8221; alignment=&#8221;center&#8221;][mk_fancy_title color=&#8221;#305690&#8243; size=&#8221;28&#8243; force_font_size=&#8221;true&#8221; size_phone=&#8221;24&#8243; font_weight=&#8221;400&#8243; txt_transform=&#8221;capitalize&#8221; letter_spacing=&#8221;1&#8243; font_family=&#8221;none&#8221; responsive_align=&#8221;left&#8221;]ADVANTAGES PROVIDED BY THE SOLUTION[\/mk_fancy_title][vc_column_text css=&#8221;.vc_custom_1532434315362{margin-top: -20px !important;margin-bottom: 20px !important;}&#8221;]\n<ul>\n<li style=\"list-style-type: none;\">\n<ul>\n<li><span style=\"color: #34558e;\"><strong>Comprehensive monitoring<\/strong><\/span>: inverters, counters, trackers, protections.<\/li>\n<li><strong><span style=\"color: #34558e;\">Remote control<\/span><\/strong><\/li>\n<li><strong><span style=\"color: #34558e;\">Integrable with SCADA<\/span><\/strong><\/li>\n<li><strong><span style=\"color: #34558e;\">Scalable and Compatible<\/span><\/strong>: More items can be monitored in the future if needed. Compatible with most devices. Works with most software platforms.<\/li>\n<li><strong><span style=\"color: #34558e;\">Inexpensive installation<\/span><\/strong>: More items can be monitored in the future if needed. Compatible with most devices. Works with most software platforms.<\/li>\n<li><strong><span style=\"color: #34558e;\">Comprehensive solution<\/span><\/strong>: Real Time Telemetry (TTR), optional. TO periodically inform the grid manager.<br \/>\nDespatch Advice Management, optional. To control the amount of energy put into the grid.<\/li>\n<\/ul>\n<\/li>\n<\/ul>\n[\/vc_column_text][\/vc_column][\/vc_row][vc_row][vc_column][mk_padding_divider][\/vc_column][\/vc_row][vc_row fullwidth=&#8221;true&#8221; fullwidth_content=&#8221;false&#8221; css=&#8221;.vc_custom_1524571083790{padding-top: 20px !important;padding-bottom: 20px !important;background-color: #305690 !important;}&#8221;][vc_column][vc_column_text css=&#8221;.vc_custom_1532434344413{margin-bottom: 0px !important;}&#8221;]\n<h3 style=\"text-align: center;\"><span style=\"color: #ffffff;\">If you have any questions about our solutions and applications<br \/>\nYou can request more information.<\/span><\/h3>\n[\/vc_column_text][mk_button dimension=&#8221;flat&#8221; url=&#8221;\/contact&#8221; align=&#8221;center&#8221; bg_color=&#8221;#ffffff&#8221; text_color=&#8221;dark&#8221;]CONTACT NOW[\/mk_button][\/vc_column][\/vc_row][vc_row disable_element=&#8221;yes&#8221; css=&#8221;.vc_custom_1531730055739{margin-top: 40px !important;}&#8221;][vc_column][mk_fancy_title color=&#8221;#305690&#8243; size=&#8221;28&#8243; force_font_size=&#8221;true&#8221; size_phone=&#8221;24&#8243; font_weight=&#8221;400&#8243; txt_transform=&#8221;capitalize&#8221; letter_spacing=&#8221;1&#8243; font_family=&#8221;none&#8221; responsive_align=&#8221;left&#8221;]PRODUCTOS RELACIONADOS[\/mk_fancy_title][vc_basic_grid post_type=&#8221;page&#8221; max_items=&#8221;10&#8243; element_width=&#8221;3&#8243; item=&#8221;1070&#8243; initial_loading_animation=&#8221;none&#8221; grid_id=&#8221;vc_gid:1532434377484-62f39e96-f790-6&#8243; taxonomies=&#8221;12&#8243;][\/vc_column][\/vc_row]\n<\/div>","protected":false},"excerpt":{"rendered":"<p>[mk_page_section vertical_align=&#8221;center&#8221; bg_image=&#8221;https:\/\/www.satel-iberia.com\/wp-content\/uploads\/2018\/05\/li-neasverdes_shutterstock_397235554.jpg&#8221; bg_position=&#8221;center center&#8221; bg_stretch=&#8221;true&#8221; bg_gradient=&#8221;vertical&#8221; video_color_mask=&#8221;#34558e&#8221; gr_end=&#8221;#34558e&#8221; min_height=&#8221;0&#8243; full_width=&#8221;true&#8221; js_vertical_centered=&#8221;true&#8221; top_shape_style=&#8221;curve-top&#8221; top_shape_size=&#8221;small&#8221; top_shape_color=&#8221;#005c97&#8243; bottom_shape_style=&#8221;folded-bottom&#8221; bottom_shape_size=&#8221;small&#8221; el_class=&#8221;first-element&#8221; sidebar=&#8221;sidebar-1&#8243;][vc_column css=&#8221;.vc_custom_1524733207889{padding-top: 40px !important;}&#8221;][mk_fancy_title color=&#8221;#ffffff&#8221; size=&#8221;24&#8243; font_weight=&#8221;400&#8243; txt_transform=&#8221;uppercase&#8221; letter_spacing=&#8221;4&#8243; font_family=&#8221;Roboto+Condensed&#8221; font_type=&#8221;google&#8221; align=&#8221;center&#8221;]OPTIMIZE THE ENERGY GENERATION[\/mk_fancy_title][\/vc_column][\/mk_page_section][vc_row css=&#8221;.vc_custom_1524565598187{margin-top: 35px !important;}&#8221;][vc_column][vc_column_text disable_pattern=&#8221;false&#8221; margin_bottom=&#8221;30&#8243; css=&#8221;.vc_custom_1532434139286{margin-bottom: 0px !important;}&#8221;] SenNet Solar is a solution for monitoring any kind of power generation plants. In [&hellip;]<\/p>\n","protected":false},"author":1,"featured_media":0,"parent":2146,"menu_order":0,"comment_status":"closed","ping_status":"closed","template":"","meta":{"_joinchat":[],"footnotes":""},"categories":[],"tags":[],"class_list":["post-2155","page","type-page","status-publish","hentry"],"yoast_head":"<!-- This site is optimized with the Yoast SEO plugin v24.6 - https:\/\/yoast.com\/wordpress\/plugins\/seo\/ -->\n<title>Monitorizaci\u00f3n fotovoltaica de plantas de generaci\u00f3n de energ\u00eda - Satel<\/title>\n<meta name=\"description\" content=\"SenNet Solar es una soluci\u00f3n para la monitorizaci\u00f3n fotovoltaica de plantas de generaci\u00f3n de energ\u00eda, que telecontrola el estado de los dispositivos.\" \/>\n<meta name=\"robots\" content=\"index, follow, max-snippet:-1, max-image-preview:large, max-video-preview:-1\" \/>\n<link rel=\"canonical\" href=\"https:\/\/www.satel-iberia.com\/en\/application\/monitoring-of-photovoltaic-installations-and-generation\/\" \/>\n<meta property=\"og:locale\" content=\"en_US\" \/>\n<meta property=\"og:type\" content=\"article\" \/>\n<meta property=\"og:title\" content=\"Monitorizaci\u00f3n fotovoltaica de plantas de generaci\u00f3n de energ\u00eda - Satel\" \/>\n<meta property=\"og:description\" content=\"SenNet Solar es una soluci\u00f3n para la monitorizaci\u00f3n fotovoltaica de plantas de generaci\u00f3n de energ\u00eda, que telecontrola el estado de los dispositivos.\" \/>\n<meta property=\"og:url\" content=\"https:\/\/www.satel-iberia.com\/en\/application\/monitoring-of-photovoltaic-installations-and-generation\/\" \/>\n<meta property=\"og:site_name\" content=\"Satel Iberia\" \/>\n<meta property=\"article:modified_time\" content=\"2018-07-24T12:17:14+00:00\" \/>\n<meta name=\"twitter:card\" content=\"summary_large_image\" \/>\n<meta name=\"twitter:label1\" content=\"Est. reading time\" \/>\n\t<meta name=\"twitter:data1\" content=\"3 minutes\" \/>\n<script type=\"application\/ld+json\" class=\"yoast-schema-graph\">{\"@context\":\"https:\/\/schema.org\",\"@graph\":[{\"@type\":\"WebPage\",\"@id\":\"https:\/\/www.satel-iberia.com\/en\/application\/monitoring-of-photovoltaic-installations-and-generation\/\",\"url\":\"https:\/\/www.satel-iberia.com\/en\/application\/monitoring-of-photovoltaic-installations-and-generation\/\",\"name\":\"Monitorizaci\u00f3n fotovoltaica de plantas de generaci\u00f3n de energ\u00eda - Satel\",\"isPartOf\":{\"@id\":\"https:\/\/www.satel-iberia.com\/#website\"},\"datePublished\":\"2018-05-14T10:29:04+00:00\",\"dateModified\":\"2018-07-24T12:17:14+00:00\",\"description\":\"SenNet Solar es una soluci\u00f3n para la monitorizaci\u00f3n fotovoltaica de plantas de generaci\u00f3n de energ\u00eda, que telecontrola el estado de los dispositivos.\",\"breadcrumb\":{\"@id\":\"https:\/\/www.satel-iberia.com\/en\/application\/monitoring-of-photovoltaic-installations-and-generation\/#breadcrumb\"},\"inLanguage\":\"en-US\",\"potentialAction\":[{\"@type\":\"ReadAction\",\"target\":[\"https:\/\/www.satel-iberia.com\/en\/application\/monitoring-of-photovoltaic-installations-and-generation\/\"]}]},{\"@type\":\"BreadcrumbList\",\"@id\":\"https:\/\/www.satel-iberia.com\/en\/application\/monitoring-of-photovoltaic-installations-and-generation\/#breadcrumb\",\"itemListElement\":[{\"@type\":\"ListItem\",\"position\":1,\"name\":\"Portada\",\"item\":\"https:\/\/www.satel-iberia.com\/en\/\"},{\"@type\":\"ListItem\",\"position\":2,\"name\":\"APPLICATION\",\"item\":\"https:\/\/www.satel-iberia.com\/en\/application\/\"},{\"@type\":\"ListItem\",\"position\":3,\"name\":\"MONITORING OF PHOTOVOLTAIC INSTALLATIONS AND GENERATION\"}]},{\"@type\":\"WebSite\",\"@id\":\"https:\/\/www.satel-iberia.com\/#website\",\"url\":\"https:\/\/www.satel-iberia.com\/\",\"name\":\"Satel Iberia\",\"description\":\"Soluciones de monitorizaci\u00f3n y telecontrol a su medida\",\"potentialAction\":[{\"@type\":\"SearchAction\",\"target\":{\"@type\":\"EntryPoint\",\"urlTemplate\":\"https:\/\/www.satel-iberia.com\/?s={search_term_string}\"},\"query-input\":{\"@type\":\"PropertyValueSpecification\",\"valueRequired\":true,\"valueName\":\"search_term_string\"}}],\"inLanguage\":\"en-US\"}]}<\/script>\n<!-- \/ Yoast SEO plugin. -->","yoast_head_json":{"title":"Monitorizaci\u00f3n fotovoltaica de plantas de generaci\u00f3n de energ\u00eda - Satel","description":"SenNet Solar es una soluci\u00f3n para la monitorizaci\u00f3n fotovoltaica de plantas de generaci\u00f3n de energ\u00eda, que telecontrola el estado de los dispositivos.","robots":{"index":"index","follow":"follow","max-snippet":"max-snippet:-1","max-image-preview":"max-image-preview:large","max-video-preview":"max-video-preview:-1"},"canonical":"https:\/\/www.satel-iberia.com\/en\/application\/monitoring-of-photovoltaic-installations-and-generation\/","og_locale":"en_US","og_type":"article","og_title":"Monitorizaci\u00f3n fotovoltaica de plantas de generaci\u00f3n de energ\u00eda - Satel","og_description":"SenNet Solar es una soluci\u00f3n para la monitorizaci\u00f3n fotovoltaica de plantas de generaci\u00f3n de energ\u00eda, que telecontrola el estado de los dispositivos.","og_url":"https:\/\/www.satel-iberia.com\/en\/application\/monitoring-of-photovoltaic-installations-and-generation\/","og_site_name":"Satel Iberia","article_modified_time":"2018-07-24T12:17:14+00:00","twitter_card":"summary_large_image","twitter_misc":{"Est. reading time":"3 minutes"},"schema":{"@context":"https:\/\/schema.org","@graph":[{"@type":"WebPage","@id":"https:\/\/www.satel-iberia.com\/en\/application\/monitoring-of-photovoltaic-installations-and-generation\/","url":"https:\/\/www.satel-iberia.com\/en\/application\/monitoring-of-photovoltaic-installations-and-generation\/","name":"Monitorizaci\u00f3n fotovoltaica de plantas de generaci\u00f3n de energ\u00eda - Satel","isPartOf":{"@id":"https:\/\/www.satel-iberia.com\/#website"},"datePublished":"2018-05-14T10:29:04+00:00","dateModified":"2018-07-24T12:17:14+00:00","description":"SenNet Solar es una soluci\u00f3n para la monitorizaci\u00f3n fotovoltaica de plantas de generaci\u00f3n de energ\u00eda, que telecontrola el estado de los dispositivos.","breadcrumb":{"@id":"https:\/\/www.satel-iberia.com\/en\/application\/monitoring-of-photovoltaic-installations-and-generation\/#breadcrumb"},"inLanguage":"en-US","potentialAction":[{"@type":"ReadAction","target":["https:\/\/www.satel-iberia.com\/en\/application\/monitoring-of-photovoltaic-installations-and-generation\/"]}]},{"@type":"BreadcrumbList","@id":"https:\/\/www.satel-iberia.com\/en\/application\/monitoring-of-photovoltaic-installations-and-generation\/#breadcrumb","itemListElement":[{"@type":"ListItem","position":1,"name":"Portada","item":"https:\/\/www.satel-iberia.com\/en\/"},{"@type":"ListItem","position":2,"name":"APPLICATION","item":"https:\/\/www.satel-iberia.com\/en\/application\/"},{"@type":"ListItem","position":3,"name":"MONITORING OF PHOTOVOLTAIC INSTALLATIONS AND GENERATION"}]},{"@type":"WebSite","@id":"https:\/\/www.satel-iberia.com\/#website","url":"https:\/\/www.satel-iberia.com\/","name":"Satel Iberia","description":"Soluciones de monitorizaci\u00f3n y telecontrol a su medida","potentialAction":[{"@type":"SearchAction","target":{"@type":"EntryPoint","urlTemplate":"https:\/\/www.satel-iberia.com\/?s={search_term_string}"},"query-input":{"@type":"PropertyValueSpecification","valueRequired":true,"valueName":"search_term_string"}}],"inLanguage":"en-US"}]}},"post_mailing_queue_ids":[],"_links":{"self":[{"href":"https:\/\/www.satel-iberia.com\/en\/wp-json\/wp\/v2\/pages\/2155","targetHints":{"allow":["GET"]}}],"collection":[{"href":"https:\/\/www.satel-iberia.com\/en\/wp-json\/wp\/v2\/pages"}],"about":[{"href":"https:\/\/www.satel-iberia.com\/en\/wp-json\/wp\/v2\/types\/page"}],"author":[{"embeddable":true,"href":"https:\/\/www.satel-iberia.com\/en\/wp-json\/wp\/v2\/users\/1"}],"replies":[{"embeddable":true,"href":"https:\/\/www.satel-iberia.com\/en\/wp-json\/wp\/v2\/comments?post=2155"}],"version-history":[{"count":7,"href":"https:\/\/www.satel-iberia.com\/en\/wp-json\/wp\/v2\/pages\/2155\/revisions"}],"predecessor-version":[{"id":4808,"href":"https:\/\/www.satel-iberia.com\/en\/wp-json\/wp\/v2\/pages\/2155\/revisions\/4808"}],"up":[{"embeddable":true,"href":"https:\/\/www.satel-iberia.com\/en\/wp-json\/wp\/v2\/pages\/2146"}],"wp:attachment":[{"href":"https:\/\/www.satel-iberia.com\/en\/wp-json\/wp\/v2\/media?parent=2155"}],"wp:term":[{"taxonomy":"category","embeddable":true,"href":"https:\/\/www.satel-iberia.com\/en\/wp-json\/wp\/v2\/categories?post=2155"},{"taxonomy":"post_tag","embeddable":true,"href":"https:\/\/www.satel-iberia.com\/en\/wp-json\/wp\/v2\/tags?post=2155"}],"curies":[{"name":"wp","href":"https:\/\/api.w.org\/{rel}","templated":true}]}}