{"id":2166,"date":"2018-05-11T10:24:58","date_gmt":"2018-05-11T10:24:58","guid":{"rendered":"http:\/\/www.satel-iberia.com\/satel2018\/aplicaciones\/industria\/"},"modified":"2018-07-26T08:33:47","modified_gmt":"2018-07-26T08:33:47","slug":"industry","status":"publish","type":"page","link":"https:\/\/www.satel-iberia.com\/en\/application\/industry\/","title":{"rendered":"INDUSTRY"},"content":{"rendered":"<div class=\"wpb-content-wrapper\">[mk_page_section vertical_align=&#8221;center&#8221; bg_image=&#8221;https:\/\/www.satel-iberia.com\/wp-content\/uploads\/2018\/05\/satel-logistica.jpg&#8221; bg_position=&#8221;center center&#8221; bg_stretch=&#8221;true&#8221; bg_gradient=&#8221;vertical&#8221; video_color_mask=&#8221;#34558e&#8221; gr_end=&#8221;#34558e&#8221; min_height=&#8221;0&#8243; full_width=&#8221;true&#8221; js_vertical_centered=&#8221;true&#8221; top_shape_style=&#8221;curve-top&#8221; top_shape_size=&#8221;small&#8221; top_shape_color=&#8221;#005c97&#8243; bottom_shape_style=&#8221;folded-bottom&#8221; bottom_shape_size=&#8221;small&#8221; el_class=&#8221;first-element&#8221; sidebar=&#8221;sidebar-1&#8243;][vc_column css=&#8221;.vc_custom_1524733207889{padding-top: 40px !important;}&#8221;][mk_fancy_title color=&#8221;#ffffff&#8221; size=&#8221;24&#8243; font_weight=&#8221;400&#8243; txt_transform=&#8221;uppercase&#8221; letter_spacing=&#8221;4&#8243; font_family=&#8221;Roboto+Condensed&#8221; font_type=&#8221;google&#8221; align=&#8221;center&#8221;]VARIOUS APPLICATION POSSIBILITIES OF RADIO TECHNOLOGY[\/mk_fancy_title][\/vc_column][\/mk_page_section][vc_row css=&#8221;.vc_custom_1524565598187{margin-top: 35px !important;}&#8221;][vc_column][vc_column_text disable_pattern=&#8221;false&#8221; margin_bottom=&#8221;30&#8243; css=&#8221;.vc_custom_1532590982314{margin-bottom: 0px !important;}&#8221;]\n<h3><span style=\"color: #34558e;\">SATEL radio technology is used everywhere where data needs to be transmitted wirelessly.<\/span><\/h3>\n<p>possibilities are endless, all the way from the hot desert to icy polar conditions. The high-quality radio modems are reliable even in the most difficult environments.<br \/>\nRadio modems communicate wirelessly with each other point-to-point or on a multipoint basis \u2013 the routing options are diverse. A local data transfer network can be built without telecom operators or other intermediaries. Radio technology networks are vital where cabling is impossible or too expensive.[\/vc_column_text][vc_single_image image=&#8221;1463&#8243; img_size=&#8221;full&#8221; alignment=&#8221;center&#8221;][vc_column_text css=&#8221;.vc_custom_1532593897725{margin-bottom: 0px !important;}&#8221;]Una red de datos por radio puede construirse sin operadores de telecomunicaciones u otros intermediarios. Las redes de tecnolog\u00eda de radio son vitales cuando el cableado es imposible o demasiado caro.<\/p>\n<p><span style=\"color: #34558e;\"><strong>Logistics<\/strong><\/span><\/p>\n<p>With SATELLINE radio modems it is easy to set up various location data applications, for example in cargo containers in large depots or moving maintenance vehicles at the airport. Anywhere where accurate, real-time location data is needed.<\/p>\n<p>With SATELLINE radio modems it is possible to create a reliable data transfer system for warehouses that gives precise location data, helps in stock management and increases reliability.<\/p>\n<ul>\n<li>Controlling and monitoring applications, e.g. tracking a straddle carrier and ordering it to fetch a specific container at a given time<\/li>\n<li>Controlling unmanned vehicles and relay location data<\/li>\n<li>Transmitting inventory information between the warehouse control centre and collectors<\/li>\n<li>Monitoring stock levels in real-time<\/li>\n<\/ul>\n[\/vc_column_text][\/vc_column][\/vc_row][vc_row][vc_column][mk_padding_divider][\/vc_column][\/vc_row][vc_row fullwidth=&#8221;true&#8221; fullwidth_content=&#8221;false&#8221; css=&#8221;.vc_custom_1524571083790{padding-top: 20px !important;padding-bottom: 20px !important;background-color: #305690 !important;}&#8221;][vc_column][vc_column_text css=&#8221;.vc_custom_1532593930727{margin-bottom: 0px !important;}&#8221;]\n<h3 style=\"text-align: center;\"><span style=\"color: #ffffff;\">If you have any questions about our solutions and applications<br \/>\nYou can request more information.<\/span><\/h3>\n[\/vc_column_text][mk_button dimension=&#8221;flat&#8221; url=&#8221;\/contact&#8221; align=&#8221;center&#8221; bg_color=&#8221;#ffffff&#8221; text_color=&#8221;dark&#8221;]CONTACT NOW[\/mk_button][\/vc_column][\/vc_row][vc_row disable_element=&#8221;yes&#8221; css=&#8221;.vc_custom_1531482080270{margin-top: 40px !important;}&#8221;][vc_column][mk_fancy_title color=&#8221;#305690&#8243; size=&#8221;28&#8243; force_font_size=&#8221;true&#8221; size_phone=&#8221;24&#8243; font_weight=&#8221;400&#8243; txt_transform=&#8221;capitalize&#8221; letter_spacing=&#8221;1&#8243; font_family=&#8221;none&#8221; responsive_align=&#8221;left&#8221;]PRODUCTOS RELACIONADOS[\/mk_fancy_title][vc_basic_grid post_type=&#8221;page&#8221; max_items=&#8221;10&#8243; element_width=&#8221;3&#8243; item=&#8221;1070&#8243; initial_loading_animation=&#8221;none&#8221; grid_id=&#8221;vc_gid:1532590412215-b54f7fa1-6147-4&#8243; taxonomies=&#8221;5&#8243;][\/vc_column][\/vc_row]\n<\/div>","protected":false},"excerpt":{"rendered":"<p>[mk_page_section vertical_align=&#8221;center&#8221; bg_image=&#8221;https:\/\/www.satel-iberia.com\/wp-content\/uploads\/2018\/05\/satel-logistica.jpg&#8221; bg_position=&#8221;center center&#8221; bg_stretch=&#8221;true&#8221; bg_gradient=&#8221;vertical&#8221; video_color_mask=&#8221;#34558e&#8221; gr_end=&#8221;#34558e&#8221; min_height=&#8221;0&#8243; full_width=&#8221;true&#8221; js_vertical_centered=&#8221;true&#8221; top_shape_style=&#8221;curve-top&#8221; top_shape_size=&#8221;small&#8221; top_shape_color=&#8221;#005c97&#8243; bottom_shape_style=&#8221;folded-bottom&#8221; bottom_shape_size=&#8221;small&#8221; el_class=&#8221;first-element&#8221; sidebar=&#8221;sidebar-1&#8243;][vc_column css=&#8221;.vc_custom_1524733207889{padding-top: 40px !important;}&#8221;][mk_fancy_title color=&#8221;#ffffff&#8221; size=&#8221;24&#8243; font_weight=&#8221;400&#8243; txt_transform=&#8221;uppercase&#8221; letter_spacing=&#8221;4&#8243; font_family=&#8221;Roboto+Condensed&#8221; font_type=&#8221;google&#8221; align=&#8221;center&#8221;]VARIOUS APPLICATION POSSIBILITIES OF RADIO TECHNOLOGY[\/mk_fancy_title][\/vc_column][\/mk_page_section][vc_row css=&#8221;.vc_custom_1524565598187{margin-top: 35px !important;}&#8221;][vc_column][vc_column_text disable_pattern=&#8221;false&#8221; margin_bottom=&#8221;30&#8243; css=&#8221;.vc_custom_1532590982314{margin-bottom: 0px !important;}&#8221;] SATEL radio technology is used everywhere where data needs to be transmitted [&hellip;]<\/p>\n","protected":false},"author":1,"featured_media":0,"parent":2146,"menu_order":0,"comment_status":"closed","ping_status":"closed","template":"","meta":{"_joinchat":[],"footnotes":""},"categories":[],"tags":[],"class_list":["post-2166","page","type-page","status-publish","hentry"],"yoast_head":"<!-- This site is optimized with the Yoast SEO plugin v24.6 - https:\/\/yoast.com\/wordpress\/plugins\/seo\/ -->\n<title>Automatizaci\u00f3n industrial - Datos de localizaci\u00f3n en tiempo real - Satel<\/title>\n<meta name=\"description\" content=\"Para la Automatizaci\u00f3n industrial es necesario crear un sistema de datos de localizaci\u00f3n precisos y en tiempo real. Es posible con Radiom\u00f3dems SATELLINE.\" \/>\n<meta name=\"robots\" content=\"index, follow, max-snippet:-1, max-image-preview:large, max-video-preview:-1\" \/>\n<link rel=\"canonical\" href=\"https:\/\/www.satel-iberia.com\/en\/application\/industry\/\" \/>\n<meta property=\"og:locale\" content=\"en_US\" \/>\n<meta property=\"og:type\" content=\"article\" \/>\n<meta property=\"og:title\" content=\"Automatizaci\u00f3n industrial - Datos de localizaci\u00f3n en tiempo real - Satel\" \/>\n<meta property=\"og:description\" content=\"Para la Automatizaci\u00f3n industrial es necesario crear un sistema de datos de localizaci\u00f3n precisos y en tiempo real. Es posible con Radiom\u00f3dems SATELLINE.\" \/>\n<meta property=\"og:url\" content=\"https:\/\/www.satel-iberia.com\/en\/application\/industry\/\" \/>\n<meta property=\"og:site_name\" content=\"Satel Iberia\" \/>\n<meta property=\"article:modified_time\" content=\"2018-07-26T08:33:47+00:00\" \/>\n<meta name=\"twitter:card\" content=\"summary_large_image\" \/>\n<meta name=\"twitter:label1\" content=\"Est. reading time\" \/>\n\t<meta name=\"twitter:data1\" content=\"3 minutes\" \/>\n<script type=\"application\/ld+json\" class=\"yoast-schema-graph\">{\"@context\":\"https:\/\/schema.org\",\"@graph\":[{\"@type\":\"WebPage\",\"@id\":\"https:\/\/www.satel-iberia.com\/en\/application\/industry\/\",\"url\":\"https:\/\/www.satel-iberia.com\/en\/application\/industry\/\",\"name\":\"Automatizaci\u00f3n industrial - Datos de localizaci\u00f3n en tiempo real - Satel\",\"isPartOf\":{\"@id\":\"https:\/\/www.satel-iberia.com\/#website\"},\"datePublished\":\"2018-05-11T10:24:58+00:00\",\"dateModified\":\"2018-07-26T08:33:47+00:00\",\"description\":\"Para la Automatizaci\u00f3n industrial es necesario crear un sistema de datos de localizaci\u00f3n precisos y en tiempo real. Es posible con Radiom\u00f3dems SATELLINE.\",\"breadcrumb\":{\"@id\":\"https:\/\/www.satel-iberia.com\/en\/application\/industry\/#breadcrumb\"},\"inLanguage\":\"en-US\",\"potentialAction\":[{\"@type\":\"ReadAction\",\"target\":[\"https:\/\/www.satel-iberia.com\/en\/application\/industry\/\"]}]},{\"@type\":\"BreadcrumbList\",\"@id\":\"https:\/\/www.satel-iberia.com\/en\/application\/industry\/#breadcrumb\",\"itemListElement\":[{\"@type\":\"ListItem\",\"position\":1,\"name\":\"Portada\",\"item\":\"https:\/\/www.satel-iberia.com\/en\/\"},{\"@type\":\"ListItem\",\"position\":2,\"name\":\"APPLICATION\",\"item\":\"https:\/\/www.satel-iberia.com\/en\/application\/\"},{\"@type\":\"ListItem\",\"position\":3,\"name\":\"INDUSTRY\"}]},{\"@type\":\"WebSite\",\"@id\":\"https:\/\/www.satel-iberia.com\/#website\",\"url\":\"https:\/\/www.satel-iberia.com\/\",\"name\":\"Satel Iberia\",\"description\":\"Soluciones de monitorizaci\u00f3n y telecontrol a su medida\",\"potentialAction\":[{\"@type\":\"SearchAction\",\"target\":{\"@type\":\"EntryPoint\",\"urlTemplate\":\"https:\/\/www.satel-iberia.com\/?s={search_term_string}\"},\"query-input\":{\"@type\":\"PropertyValueSpecification\",\"valueRequired\":true,\"valueName\":\"search_term_string\"}}],\"inLanguage\":\"en-US\"}]}<\/script>\n<!-- \/ Yoast SEO plugin. -->","yoast_head_json":{"title":"Automatizaci\u00f3n industrial - Datos de localizaci\u00f3n en tiempo real - Satel","description":"Para la Automatizaci\u00f3n industrial es necesario crear un sistema de datos de localizaci\u00f3n precisos y en tiempo real. Es posible con Radiom\u00f3dems SATELLINE.","robots":{"index":"index","follow":"follow","max-snippet":"max-snippet:-1","max-image-preview":"max-image-preview:large","max-video-preview":"max-video-preview:-1"},"canonical":"https:\/\/www.satel-iberia.com\/en\/application\/industry\/","og_locale":"en_US","og_type":"article","og_title":"Automatizaci\u00f3n industrial - Datos de localizaci\u00f3n en tiempo real - Satel","og_description":"Para la Automatizaci\u00f3n industrial es necesario crear un sistema de datos de localizaci\u00f3n precisos y en tiempo real. Es posible con Radiom\u00f3dems SATELLINE.","og_url":"https:\/\/www.satel-iberia.com\/en\/application\/industry\/","og_site_name":"Satel Iberia","article_modified_time":"2018-07-26T08:33:47+00:00","twitter_card":"summary_large_image","twitter_misc":{"Est. reading time":"3 minutes"},"schema":{"@context":"https:\/\/schema.org","@graph":[{"@type":"WebPage","@id":"https:\/\/www.satel-iberia.com\/en\/application\/industry\/","url":"https:\/\/www.satel-iberia.com\/en\/application\/industry\/","name":"Automatizaci\u00f3n industrial - Datos de localizaci\u00f3n en tiempo real - Satel","isPartOf":{"@id":"https:\/\/www.satel-iberia.com\/#website"},"datePublished":"2018-05-11T10:24:58+00:00","dateModified":"2018-07-26T08:33:47+00:00","description":"Para la Automatizaci\u00f3n industrial es necesario crear un sistema de datos de localizaci\u00f3n precisos y en tiempo real. Es posible con Radiom\u00f3dems SATELLINE.","breadcrumb":{"@id":"https:\/\/www.satel-iberia.com\/en\/application\/industry\/#breadcrumb"},"inLanguage":"en-US","potentialAction":[{"@type":"ReadAction","target":["https:\/\/www.satel-iberia.com\/en\/application\/industry\/"]}]},{"@type":"BreadcrumbList","@id":"https:\/\/www.satel-iberia.com\/en\/application\/industry\/#breadcrumb","itemListElement":[{"@type":"ListItem","position":1,"name":"Portada","item":"https:\/\/www.satel-iberia.com\/en\/"},{"@type":"ListItem","position":2,"name":"APPLICATION","item":"https:\/\/www.satel-iberia.com\/en\/application\/"},{"@type":"ListItem","position":3,"name":"INDUSTRY"}]},{"@type":"WebSite","@id":"https:\/\/www.satel-iberia.com\/#website","url":"https:\/\/www.satel-iberia.com\/","name":"Satel Iberia","description":"Soluciones de monitorizaci\u00f3n y telecontrol a su medida","potentialAction":[{"@type":"SearchAction","target":{"@type":"EntryPoint","urlTemplate":"https:\/\/www.satel-iberia.com\/?s={search_term_string}"},"query-input":{"@type":"PropertyValueSpecification","valueRequired":true,"valueName":"search_term_string"}}],"inLanguage":"en-US"}]}},"post_mailing_queue_ids":[],"_links":{"self":[{"href":"https:\/\/www.satel-iberia.com\/en\/wp-json\/wp\/v2\/pages\/2166","targetHints":{"allow":["GET"]}}],"collection":[{"href":"https:\/\/www.satel-iberia.com\/en\/wp-json\/wp\/v2\/pages"}],"about":[{"href":"https:\/\/www.satel-iberia.com\/en\/wp-json\/wp\/v2\/types\/page"}],"author":[{"embeddable":true,"href":"https:\/\/www.satel-iberia.com\/en\/wp-json\/wp\/v2\/users\/1"}],"replies":[{"embeddable":true,"href":"https:\/\/www.satel-iberia.com\/en\/wp-json\/wp\/v2\/comments?post=2166"}],"version-history":[{"count":6,"href":"https:\/\/www.satel-iberia.com\/en\/wp-json\/wp\/v2\/pages\/2166\/revisions"}],"predecessor-version":[{"id":4828,"href":"https:\/\/www.satel-iberia.com\/en\/wp-json\/wp\/v2\/pages\/2166\/revisions\/4828"}],"up":[{"embeddable":true,"href":"https:\/\/www.satel-iberia.com\/en\/wp-json\/wp\/v2\/pages\/2146"}],"wp:attachment":[{"href":"https:\/\/www.satel-iberia.com\/en\/wp-json\/wp\/v2\/media?parent=2166"}],"wp:term":[{"taxonomy":"category","embeddable":true,"href":"https:\/\/www.satel-iberia.com\/en\/wp-json\/wp\/v2\/categories?post=2166"},{"taxonomy":"post_tag","embeddable":true,"href":"https:\/\/www.satel-iberia.com\/en\/wp-json\/wp\/v2\/tags?post=2166"}],"curies":[{"name":"wp","href":"https:\/\/api.w.org\/{rel}","templated":true}]}}