{"id":2172,"date":"2018-05-14T08:37:06","date_gmt":"2018-05-14T08:37:06","guid":{"rendered":"http:\/\/www.satel-iberia.com\/satel2018\/aplicaciones\/baterias\/"},"modified":"2020-11-19T14:51:08","modified_gmt":"2020-11-19T14:51:08","slug":"battery","status":"publish","type":"page","link":"https:\/\/www.satel-iberia.com\/en\/application\/battery\/","title":{"rendered":"BATTERY"},"content":{"rendered":"<div class=\"wpb-content-wrapper\">[mk_page_section vertical_align=&#8221;center&#8221; bg_image=&#8221;https:\/\/www.satel-iberia.com\/wp-content\/uploads\/2018\/05\/baterias-de-gel-rebacas.jpg&#8221; bg_position=&#8221;center center&#8221; bg_stretch=&#8221;true&#8221; bg_gradient=&#8221;vertical&#8221; video_color_mask=&#8221;#34558e&#8221; gr_end=&#8221;#34558e&#8221; min_height=&#8221;0&#8243; full_width=&#8221;true&#8221; js_vertical_centered=&#8221;true&#8221; top_shape_style=&#8221;curve-top&#8221; top_shape_size=&#8221;small&#8221; top_shape_color=&#8221;#005c97&#8243; bottom_shape_style=&#8221;folded-bottom&#8221; bottom_shape_size=&#8221;small&#8221; el_class=&#8221;first-element&#8221; sidebar=&#8221;sidebar-1&#8243;][vc_column css=&#8221;.vc_custom_1524733207889{padding-top: 40px !important;}&#8221;][mk_fancy_title color=&#8221;#ffffff&#8221; size=&#8221;24&#8243; font_weight=&#8221;400&#8243; txt_transform=&#8221;uppercase&#8221; letter_spacing=&#8221;4&#8243; font_family=&#8221;Roboto+Condensed&#8221; font_type=&#8221;google&#8221; align=&#8221;center&#8221;]MONITOR THE STATUS OF YOUR BATTERIES[\/mk_fancy_title][\/vc_column][\/mk_page_section][vc_row css=&#8221;.vc_custom_1524565598187{margin-top: 35px !important;}&#8221;][vc_column][vc_column_text disable_pattern=&#8221;false&#8221; margin_bottom=&#8221;30&#8243; css=&#8221;.vc_custom_1532433209549{margin-bottom: 0px !important;}&#8221;]A growing number of buildings have an Uninterruptible Power Supply (UPS) to ensure the correct supply in case of voltage drops or power cuts.<\/p>\n<h3><span style=\"color: #34558e;\">The solution SenNet Battery monitors the status of each battery at the UPS to ensure a proper functioning when needed.<\/span><\/h3>\n[\/vc_column_text][vc_single_image image=&#8221;1527&#8243; img_size=&#8221;full&#8221; alignment=&#8221;center&#8221;][mk_fancy_title color=&#8221;#305690&#8243; size=&#8221;28&#8243; force_font_size=&#8221;true&#8221; size_phone=&#8221;24&#8243; font_weight=&#8221;400&#8243; txt_transform=&#8221;capitalize&#8221; letter_spacing=&#8221;1&#8243; font_family=&#8221;none&#8221; responsive_align=&#8221;left&#8221;]THE SOLUTION: SENNET BATTERY[\/mk_fancy_title][vc_column_text css=&#8221;.vc_custom_1532433281971{margin-top: -20px !important;margin-bottom: 20px !important;}&#8221;]A growing number of buildings have an Uninterruptible Power Supply (UPS) to ensure the correct supply in case of voltage drops or power cuts. The solution SenNet Battery monitors the status of each battery at the UPS to ensure a proper functioning when needed.<\/p>\n<p>Backup batteries fail over time and spread the failure to adjacent batteries. Classical solutions rely on replacing all batteries periodically. This alternative is uneconomical, since the customer gets rid not only of those that are damaged, but also of those that still work properly.<\/p>\n<p><strong>The solution SenNet Battery monitors four variables: impedance, temperature, voltage and current, so it is always known the operating status of the battery and it is possible to react at the right time, replacing the damaged units and avoiding the spread of failures to the series.<\/strong>[\/vc_column_text][mk_fancy_title color=&#8221;#305690&#8243; size=&#8221;28&#8243; force_font_size=&#8221;true&#8221; size_phone=&#8221;24&#8243; font_weight=&#8221;400&#8243; txt_transform=&#8221;capitalize&#8221; letter_spacing=&#8221;1&#8243; font_family=&#8221;none&#8221; responsive_align=&#8221;left&#8221;]ADVANTAGES PROVIDED BY THE SOLUTION[\/mk_fancy_title][vc_column_text css=&#8221;.vc_custom_1532433386257{margin-top: -20px !important;margin-bottom: 20px !important;}&#8221;]\n<ul>\n<li><span style=\"color: #34558e;\"><strong>Monitoring<\/strong><\/span>: It monitors impedance, temperature, current and voltage<\/li>\n<li><span style=\"color: #34558e;\"><strong>Detection<\/strong><\/span>: Detects damaged batteries<\/li>\n<li><span style=\"color: #34558e;\"><strong>Damage prevention<\/strong><\/span>: Avoids damaged batteries \u201cinfecting\u201d the rest of the series<\/li>\n<li><span style=\"color: #34558e;\"><strong>Replacement management<\/strong><\/span>: The batteries are replaced when they are damaged, increasing life span<\/li>\n<li><span style=\"color: #34558e;\"><strong>UPS operativity guaranteed<\/strong><\/span>: It ensures that the UPS responds in case of power cuts<\/li>\n<\/ul>\n[\/vc_column_text][\/vc_column][\/vc_row][vc_row][vc_column][mk_padding_divider][\/vc_column][\/vc_row][vc_row fullwidth=&#8221;true&#8221; fullwidth_content=&#8221;false&#8221; css=&#8221;.vc_custom_1524571083790{padding-top: 20px !important;padding-bottom: 20px !important;background-color: #305690 !important;}&#8221;][vc_column][vc_column_text css=&#8221;.vc_custom_1532433399059{margin-bottom: 0px !important;}&#8221;]\n<h3 style=\"text-align: center;\"><span style=\"color: #ffffff;\">If you have any questions about our solutions and applications<br \/>\nYou can request more information.<\/span><\/h3>\n[\/vc_column_text][mk_button dimension=&#8221;flat&#8221; url=&#8221;\/contact\/&#8221; align=&#8221;center&#8221; bg_color=&#8221;#ffffff&#8221; text_color=&#8221;dark&#8221;]CONTACT NOW[\/mk_button][\/vc_column][\/vc_row][vc_row disable_element=&#8221;yes&#8221; css=&#8221;.vc_custom_1531911895315{margin-top: 40px !important;}&#8221;][vc_column][mk_fancy_title color=&#8221;#305690&#8243; size=&#8221;28&#8243; force_font_size=&#8221;true&#8221; size_phone=&#8221;24&#8243; font_weight=&#8221;400&#8243; txt_transform=&#8221;capitalize&#8221; letter_spacing=&#8221;1&#8243; font_family=&#8221;none&#8221; responsive_align=&#8221;left&#8221;]PRODUCTOS RELACIONADOS[\/mk_fancy_title][vc_basic_grid post_type=&#8221;page&#8221; max_items=&#8221;10&#8243; element_width=&#8221;3&#8243; item=&#8221;1070&#8243; initial_loading_animation=&#8221;none&#8221; grid_id=&#8221;vc_gid:1605797407752-00422859429b569c9d25f915d69b76fb-7&#8243; taxonomies=&#8221;13&#8243;][\/vc_column][\/vc_row]\n<\/div>","protected":false},"excerpt":{"rendered":"<p>[mk_page_section vertical_align=&#8221;center&#8221; bg_image=&#8221;https:\/\/www.satel-iberia.com\/wp-content\/uploads\/2018\/05\/baterias-de-gel-rebacas.jpg&#8221; bg_position=&#8221;center center&#8221; bg_stretch=&#8221;true&#8221; bg_gradient=&#8221;vertical&#8221; video_color_mask=&#8221;#34558e&#8221; gr_end=&#8221;#34558e&#8221; min_height=&#8221;0&#8243; full_width=&#8221;true&#8221; js_vertical_centered=&#8221;true&#8221; top_shape_style=&#8221;curve-top&#8221; top_shape_size=&#8221;small&#8221; top_shape_color=&#8221;#005c97&#8243; bottom_shape_style=&#8221;folded-bottom&#8221; bottom_shape_size=&#8221;small&#8221; el_class=&#8221;first-element&#8221; sidebar=&#8221;sidebar-1&#8243;][vc_column css=&#8221;.vc_custom_1524733207889{padding-top: 40px !important;}&#8221;][mk_fancy_title color=&#8221;#ffffff&#8221; size=&#8221;24&#8243; font_weight=&#8221;400&#8243; txt_transform=&#8221;uppercase&#8221; letter_spacing=&#8221;4&#8243; font_family=&#8221;Roboto+Condensed&#8221; font_type=&#8221;google&#8221; align=&#8221;center&#8221;]MONITOR THE STATUS OF YOUR BATTERIES[\/mk_fancy_title][\/vc_column][\/mk_page_section][vc_row css=&#8221;.vc_custom_1524565598187{margin-top: 35px !important;}&#8221;][vc_column][vc_column_text disable_pattern=&#8221;false&#8221; margin_bottom=&#8221;30&#8243; css=&#8221;.vc_custom_1532433209549{margin-bottom: 0px !important;}&#8221;]A growing number of buildings have an Uninterruptible Power Supply (UPS) to ensure [&hellip;]<\/p>\n","protected":false},"author":1,"featured_media":0,"parent":2146,"menu_order":0,"comment_status":"closed","ping_status":"closed","template":"","meta":{"_joinchat":[],"footnotes":""},"categories":[48],"tags":[],"class_list":["post-2172","page","type-page","status-publish","hentry","category-implementation"],"yoast_head":"<!-- This site is optimized with the Yoast SEO plugin v24.6 - https:\/\/yoast.com\/wordpress\/plugins\/seo\/ -->\n<title>\u226b BATTERY - Satel Iberia<\/title>\n<meta name=\"description\" content=\"Sistemas de Alimentaci\u00f3n Ininterrumpida (SAI), garantizan el suministro el\u00e9ctrico en caso de ca\u00eddas de tensi\u00f3n por la monitorizaci\u00f3n de las bater\u00edas.\" \/>\n<meta name=\"robots\" content=\"index, follow, max-snippet:-1, max-image-preview:large, max-video-preview:-1\" \/>\n<link rel=\"canonical\" href=\"https:\/\/www.satel-iberia.com\/en\/application\/battery\/\" \/>\n<meta property=\"og:locale\" content=\"en_US\" \/>\n<meta property=\"og:type\" content=\"article\" \/>\n<meta property=\"og:title\" content=\"\u226b BATTERY - Satel Iberia\" \/>\n<meta property=\"og:description\" content=\"Sistemas de Alimentaci\u00f3n Ininterrumpida (SAI), garantizan el suministro el\u00e9ctrico en caso de ca\u00eddas de tensi\u00f3n por la monitorizaci\u00f3n de las bater\u00edas.\" \/>\n<meta property=\"og:url\" content=\"https:\/\/www.satel-iberia.com\/en\/application\/battery\/\" \/>\n<meta property=\"og:site_name\" content=\"Satel Iberia\" \/>\n<meta property=\"article:modified_time\" content=\"2020-11-19T14:51:08+00:00\" \/>\n<meta name=\"twitter:card\" content=\"summary_large_image\" \/>\n<meta name=\"twitter:label1\" content=\"Est. reading time\" \/>\n\t<meta name=\"twitter:data1\" content=\"3 minutes\" \/>\n<script type=\"application\/ld+json\" class=\"yoast-schema-graph\">{\"@context\":\"https:\/\/schema.org\",\"@graph\":[{\"@type\":\"WebPage\",\"@id\":\"https:\/\/www.satel-iberia.com\/en\/application\/battery\/\",\"url\":\"https:\/\/www.satel-iberia.com\/en\/application\/battery\/\",\"name\":\"\u226b BATTERY - Satel Iberia\",\"isPartOf\":{\"@id\":\"https:\/\/www.satel-iberia.com\/#website\"},\"datePublished\":\"2018-05-14T08:37:06+00:00\",\"dateModified\":\"2020-11-19T14:51:08+00:00\",\"description\":\"Sistemas de Alimentaci\u00f3n Ininterrumpida (SAI), garantizan el suministro el\u00e9ctrico en caso de ca\u00eddas de tensi\u00f3n por la monitorizaci\u00f3n de las bater\u00edas.\",\"breadcrumb\":{\"@id\":\"https:\/\/www.satel-iberia.com\/en\/application\/battery\/#breadcrumb\"},\"inLanguage\":\"en-US\",\"potentialAction\":[{\"@type\":\"ReadAction\",\"target\":[\"https:\/\/www.satel-iberia.com\/en\/application\/battery\/\"]}]},{\"@type\":\"BreadcrumbList\",\"@id\":\"https:\/\/www.satel-iberia.com\/en\/application\/battery\/#breadcrumb\",\"itemListElement\":[{\"@type\":\"ListItem\",\"position\":1,\"name\":\"Portada\",\"item\":\"https:\/\/www.satel-iberia.com\/en\/\"},{\"@type\":\"ListItem\",\"position\":2,\"name\":\"APPLICATION\",\"item\":\"https:\/\/www.satel-iberia.com\/en\/application\/\"},{\"@type\":\"ListItem\",\"position\":3,\"name\":\"BATTERY\"}]},{\"@type\":\"WebSite\",\"@id\":\"https:\/\/www.satel-iberia.com\/#website\",\"url\":\"https:\/\/www.satel-iberia.com\/\",\"name\":\"Satel Iberia\",\"description\":\"Soluciones de monitorizaci\u00f3n y telecontrol a su medida\",\"potentialAction\":[{\"@type\":\"SearchAction\",\"target\":{\"@type\":\"EntryPoint\",\"urlTemplate\":\"https:\/\/www.satel-iberia.com\/?s={search_term_string}\"},\"query-input\":{\"@type\":\"PropertyValueSpecification\",\"valueRequired\":true,\"valueName\":\"search_term_string\"}}],\"inLanguage\":\"en-US\"}]}<\/script>\n<!-- \/ Yoast SEO plugin. -->","yoast_head_json":{"title":"\u226b BATTERY - Satel Iberia","description":"Sistemas de Alimentaci\u00f3n Ininterrumpida (SAI), garantizan el suministro el\u00e9ctrico en caso de ca\u00eddas de tensi\u00f3n por la monitorizaci\u00f3n de las bater\u00edas.","robots":{"index":"index","follow":"follow","max-snippet":"max-snippet:-1","max-image-preview":"max-image-preview:large","max-video-preview":"max-video-preview:-1"},"canonical":"https:\/\/www.satel-iberia.com\/en\/application\/battery\/","og_locale":"en_US","og_type":"article","og_title":"\u226b BATTERY - Satel Iberia","og_description":"Sistemas de Alimentaci\u00f3n Ininterrumpida (SAI), garantizan el suministro el\u00e9ctrico en caso de ca\u00eddas de tensi\u00f3n por la monitorizaci\u00f3n de las bater\u00edas.","og_url":"https:\/\/www.satel-iberia.com\/en\/application\/battery\/","og_site_name":"Satel Iberia","article_modified_time":"2020-11-19T14:51:08+00:00","twitter_card":"summary_large_image","twitter_misc":{"Est. reading time":"3 minutes"},"schema":{"@context":"https:\/\/schema.org","@graph":[{"@type":"WebPage","@id":"https:\/\/www.satel-iberia.com\/en\/application\/battery\/","url":"https:\/\/www.satel-iberia.com\/en\/application\/battery\/","name":"\u226b BATTERY - Satel Iberia","isPartOf":{"@id":"https:\/\/www.satel-iberia.com\/#website"},"datePublished":"2018-05-14T08:37:06+00:00","dateModified":"2020-11-19T14:51:08+00:00","description":"Sistemas de Alimentaci\u00f3n Ininterrumpida (SAI), garantizan el suministro el\u00e9ctrico en caso de ca\u00eddas de tensi\u00f3n por la monitorizaci\u00f3n de las bater\u00edas.","breadcrumb":{"@id":"https:\/\/www.satel-iberia.com\/en\/application\/battery\/#breadcrumb"},"inLanguage":"en-US","potentialAction":[{"@type":"ReadAction","target":["https:\/\/www.satel-iberia.com\/en\/application\/battery\/"]}]},{"@type":"BreadcrumbList","@id":"https:\/\/www.satel-iberia.com\/en\/application\/battery\/#breadcrumb","itemListElement":[{"@type":"ListItem","position":1,"name":"Portada","item":"https:\/\/www.satel-iberia.com\/en\/"},{"@type":"ListItem","position":2,"name":"APPLICATION","item":"https:\/\/www.satel-iberia.com\/en\/application\/"},{"@type":"ListItem","position":3,"name":"BATTERY"}]},{"@type":"WebSite","@id":"https:\/\/www.satel-iberia.com\/#website","url":"https:\/\/www.satel-iberia.com\/","name":"Satel Iberia","description":"Soluciones de monitorizaci\u00f3n y telecontrol a su medida","potentialAction":[{"@type":"SearchAction","target":{"@type":"EntryPoint","urlTemplate":"https:\/\/www.satel-iberia.com\/?s={search_term_string}"},"query-input":{"@type":"PropertyValueSpecification","valueRequired":true,"valueName":"search_term_string"}}],"inLanguage":"en-US"}]}},"post_mailing_queue_ids":[],"_links":{"self":[{"href":"https:\/\/www.satel-iberia.com\/en\/wp-json\/wp\/v2\/pages\/2172","targetHints":{"allow":["GET"]}}],"collection":[{"href":"https:\/\/www.satel-iberia.com\/en\/wp-json\/wp\/v2\/pages"}],"about":[{"href":"https:\/\/www.satel-iberia.com\/en\/wp-json\/wp\/v2\/types\/page"}],"author":[{"embeddable":true,"href":"https:\/\/www.satel-iberia.com\/en\/wp-json\/wp\/v2\/users\/1"}],"replies":[{"embeddable":true,"href":"https:\/\/www.satel-iberia.com\/en\/wp-json\/wp\/v2\/comments?post=2172"}],"version-history":[{"count":6,"href":"https:\/\/www.satel-iberia.com\/en\/wp-json\/wp\/v2\/pages\/2172\/revisions"}],"predecessor-version":[{"id":8534,"href":"https:\/\/www.satel-iberia.com\/en\/wp-json\/wp\/v2\/pages\/2172\/revisions\/8534"}],"up":[{"embeddable":true,"href":"https:\/\/www.satel-iberia.com\/en\/wp-json\/wp\/v2\/pages\/2146"}],"wp:attachment":[{"href":"https:\/\/www.satel-iberia.com\/en\/wp-json\/wp\/v2\/media?parent=2172"}],"wp:term":[{"taxonomy":"category","embeddable":true,"href":"https:\/\/www.satel-iberia.com\/en\/wp-json\/wp\/v2\/categories?post=2172"},{"taxonomy":"post_tag","embeddable":true,"href":"https:\/\/www.satel-iberia.com\/en\/wp-json\/wp\/v2\/tags?post=2172"}],"curies":[{"name":"wp","href":"https:\/\/api.w.org\/{rel}","templated":true}]}}