{"id":2173,"date":"2018-05-14T08:47:16","date_gmt":"2018-05-14T08:47:16","guid":{"rendered":"http:\/\/www.satel-iberia.com\/satel2018\/aplicaciones\/monitorizacion-de-consumos\/"},"modified":"2018-07-27T07:54:25","modified_gmt":"2018-07-27T07:54:25","slug":"consumption-monitoring","status":"publish","type":"page","link":"https:\/\/www.satel-iberia.com\/en\/application\/consumption-monitoring\/","title":{"rendered":"CONSUMPTION MONITORING"},"content":{"rendered":"<div class=\"wpb-content-wrapper\">[mk_page_section vertical_align=&#8221;center&#8221; bg_image=&#8221;https:\/\/www.satel-iberia.com\/wp-content\/uploads\/2018\/05\/eficiencia-energetica-2000.jpg&#8221; bg_position=&#8221;center center&#8221; bg_stretch=&#8221;true&#8221; bg_gradient=&#8221;vertical&#8221; video_color_mask=&#8221;#34558e&#8221; gr_end=&#8221;#34558e&#8221; min_height=&#8221;0&#8243; full_width=&#8221;true&#8221; js_vertical_centered=&#8221;true&#8221; top_shape_style=&#8221;curve-top&#8221; top_shape_size=&#8221;small&#8221; top_shape_color=&#8221;#005c97&#8243; bottom_shape_style=&#8221;folded-bottom&#8221; bottom_shape_size=&#8221;small&#8221; el_class=&#8221;first-element&#8221; sidebar=&#8221;sidebar-1&#8243;][vc_column css=&#8221;.vc_custom_1524733207889{padding-top: 40px !important;}&#8221;][mk_fancy_title color=&#8221;#ffffff&#8221; size=&#8221;24&#8243; font_weight=&#8221;400&#8243; txt_transform=&#8221;uppercase&#8221; letter_spacing=&#8221;4&#8243; font_family=&#8221;Roboto+Condensed&#8221; font_type=&#8221;google&#8221; align=&#8221;center&#8221;]INTELLIGENT ENERGY EFFICIENCY[\/mk_fancy_title][\/vc_column][\/mk_page_section][vc_row css=&#8221;.vc_custom_1524565598187{margin-top: 35px !important;}&#8221;][vc_column][vc_column_text disable_pattern=&#8221;false&#8221; margin_bottom=&#8221;30&#8243; css=&#8221;.vc_custom_1532675890818{margin-bottom: 0px !important;}&#8221;]\n<h3><span style=\"color: #34558e;\">SenNet Optimal is a monitoring solution to meter consumption <strong>(electricity, gas, water)<\/strong> and other variables (temperature, humidity, presence, lighting &#8230;); both for industries and for businesses in the tertiary sector.<\/span><\/h3>\n<p>The <strong>aim<\/strong> is to optimize the energy efficiency of a building through efficient consumption based on information.<\/p>\n<p>The <strong>advantages<\/strong> are: be informed in real time about consumption and monitored data, understand the impact of consumption on your bill, control the demand and obtain additional information.<\/p>\n<p>It is addressed to all businesses that want to measure and control their consumption (electricity, gas, heat, water &#8230;), save on energy bills and create an energy-saving culture in the company.[\/vc_column_text][vc_single_image image=&#8221;1532&#8243; img_size=&#8221;full&#8221; alignment=&#8221;center&#8221;][mk_fancy_title color=&#8221;#305690&#8243; size=&#8221;28&#8243; force_font_size=&#8221;true&#8221; size_phone=&#8221;24&#8243; font_weight=&#8221;400&#8243; txt_transform=&#8221;capitalize&#8221; letter_spacing=&#8221;1&#8243; font_family=&#8221;none&#8221; responsive_align=&#8221;left&#8221;]HOW DOES SENNET OPTIMAL WORK?[\/mk_fancy_title][vc_column_text css=&#8221;.vc_custom_1532676194787{margin-top: -20px !important;margin-bottom: 20px !important;}&#8221;]The heart of the solution SenNet Optimal is the\u00a0data logger, or hub, which is\u00a0able to connect to all kinds of meters and sensors, working as a central unit of a wireless or cable network.<\/p>\n<p>The dataloggers can be connected to\u00a0<a href=\"https:\/\/www.satel-iberia.com\/en\/category\/products\/energy-monitoring\/electrical-analyzers\/\">third-party sensors<\/a>\u00a0or to\u00a0SenNet&#8217;s devices. \u00a0Once the information of these devices is captured, it can be sent to the data-visualization software of SenNet or to other Energy Management Software (EMS). There are different types of connections to send the data; thuse, SenNet offers GPRS dataloggers, 3G, Ethernet&#8230;<\/p>\n<p>The devices, the datalogger and the software, form a monitoring system that allows for detecting inneficiencies, irregular consumptions, wasting points, etc. It also allows for creating control rules or customized alarms to save energy.[\/vc_column_text][mk_fancy_title color=&#8221;#305690&#8243; size=&#8221;28&#8243; force_font_size=&#8221;true&#8221; size_phone=&#8221;24&#8243; font_weight=&#8221;400&#8243; txt_transform=&#8221;capitalize&#8221; letter_spacing=&#8221;1&#8243; font_family=&#8221;none&#8221; responsive_align=&#8221;left&#8221;]ADVANTAGES PROVIDED BY THE SOLUTION[\/mk_fancy_title][vc_column_text css=&#8221;.vc_custom_1532677848646{margin-top: -20px !important;margin-bottom: 20px !important;}&#8221;]\n<ul>\n<li><span style=\"color: #34558e;\"><strong>Comprehensive monitoring<\/strong><\/span>: Measures, manages and controls.<\/li>\n<li><span style=\"color: #34558e;\"><strong>For all consumer needs<\/strong><\/span>: Any type of consumption. The integrated electricity meters save time, space and money.<\/li>\n<li><span style=\"color: #34558e;\"><strong>Open solution<\/strong><\/span>: Compatible with any metering device we may come across at your facilities. The customer is not tied to a particular brand or software.<\/li>\n<li><span style=\"color: #34558e;\"><strong>Scalable Solution<\/strong><\/span>: Suitable for all kinds of businesses, from small shops to large buildings. It can be extended according to future needs.<\/li>\n<li><span style=\"color: #34558e;\"><strong>Inexpensive installation<\/strong><\/span>: Thanks to the diversity of communications (radio, GPRS, cable) it is not necessary to lay cable; so, the installation is faster and cheaper.<\/li>\n<\/ul>\n[\/vc_column_text][mk_button dimension=&#8221;flat&#8221; size=&#8221;medium&#8221; icon=&#8221;mk-moon-file-download&#8221; url=&#8221;\/wp-content\/uploads\/2018\/07\/sennet_optimal_catalogo_2016_eng.pdf&#8221; target=&#8221;_blank&#8221; bg_color=&#8221;#34558e&#8221; btn_hover_bg=&#8221;#57b2ec&#8221; btn_hover_txt_color=&#8221;#ffffff&#8221;]BROCHURE[\/mk_button][\/vc_column][\/vc_row][vc_row][vc_column][mk_padding_divider][\/vc_column][\/vc_row][vc_row fullwidth=&#8221;true&#8221; fullwidth_content=&#8221;false&#8221; css=&#8221;.vc_custom_1524571083790{padding-top: 20px !important;padding-bottom: 20px !important;background-color: #305690 !important;}&#8221;][vc_column][vc_column_text css=&#8221;.vc_custom_1532678025688{margin-bottom: 0px !important;}&#8221;]\n<h3 style=\"text-align: center;\"><span style=\"color: #ffffff;\">If you have any questions about our solutions and applications<br \/>\nYou can request more information.<\/span><\/h3>\n[\/vc_column_text][mk_button dimension=&#8221;flat&#8221; url=&#8221;\/contact&#8221; align=&#8221;center&#8221; bg_color=&#8221;#ffffff&#8221; text_color=&#8221;dark&#8221;]CONTACT NOW[\/mk_button][\/vc_column][\/vc_row][vc_row disable_element=&#8221;yes&#8221; css=&#8221;.vc_custom_1531726524970{margin-top: 40px !important;}&#8221;][vc_column][mk_fancy_title color=&#8221;#305690&#8243; size=&#8221;28&#8243; force_font_size=&#8221;true&#8221; size_phone=&#8221;24&#8243; font_weight=&#8221;400&#8243; txt_transform=&#8221;capitalize&#8221; letter_spacing=&#8221;1&#8243; font_family=&#8221;none&#8221; responsive_align=&#8221;left&#8221;]PRODUCTOS RELACIONADOS[\/mk_fancy_title][vc_basic_grid post_type=&#8221;page&#8221; max_items=&#8221;10&#8243; element_width=&#8221;3&#8243; item=&#8221;1070&#8243; initial_loading_animation=&#8221;none&#8221; grid_id=&#8221;vc_gid:1532674544679-80a0de11-5fdb-10&#8243; taxonomies=&#8221;12&#8243;][\/vc_column][\/vc_row]\n<\/div>","protected":false},"excerpt":{"rendered":"<p>[mk_page_section vertical_align=&#8221;center&#8221; bg_image=&#8221;https:\/\/www.satel-iberia.com\/wp-content\/uploads\/2018\/05\/eficiencia-energetica-2000.jpg&#8221; bg_position=&#8221;center center&#8221; bg_stretch=&#8221;true&#8221; bg_gradient=&#8221;vertical&#8221; video_color_mask=&#8221;#34558e&#8221; gr_end=&#8221;#34558e&#8221; min_height=&#8221;0&#8243; full_width=&#8221;true&#8221; js_vertical_centered=&#8221;true&#8221; top_shape_style=&#8221;curve-top&#8221; top_shape_size=&#8221;small&#8221; top_shape_color=&#8221;#005c97&#8243; bottom_shape_style=&#8221;folded-bottom&#8221; bottom_shape_size=&#8221;small&#8221; el_class=&#8221;first-element&#8221; sidebar=&#8221;sidebar-1&#8243;][vc_column css=&#8221;.vc_custom_1524733207889{padding-top: 40px !important;}&#8221;][mk_fancy_title color=&#8221;#ffffff&#8221; size=&#8221;24&#8243; font_weight=&#8221;400&#8243; txt_transform=&#8221;uppercase&#8221; letter_spacing=&#8221;4&#8243; font_family=&#8221;Roboto+Condensed&#8221; font_type=&#8221;google&#8221; align=&#8221;center&#8221;]INTELLIGENT ENERGY EFFICIENCY[\/mk_fancy_title][\/vc_column][\/mk_page_section][vc_row css=&#8221;.vc_custom_1524565598187{margin-top: 35px !important;}&#8221;][vc_column][vc_column_text disable_pattern=&#8221;false&#8221; margin_bottom=&#8221;30&#8243; css=&#8221;.vc_custom_1532675890818{margin-bottom: 0px !important;}&#8221;] SenNet Optimal is a monitoring solution to meter consumption (electricity, gas, water) and other variables [&hellip;]<\/p>\n","protected":false},"author":1,"featured_media":0,"parent":2146,"menu_order":0,"comment_status":"closed","ping_status":"closed","template":"","meta":{"_joinchat":[],"footnotes":""},"categories":[],"tags":[],"class_list":["post-2173","page","type-page","status-publish","hentry"],"yoast_head":"<!-- This site is optimized with the Yoast SEO plugin v24.6 - https:\/\/yoast.com\/wordpress\/plugins\/seo\/ -->\n<title>Monitorizaci\u00f3n y Medidor de consumo el\u00e9ctrico<\/title>\n<meta name=\"description\" content=\"SenNet Optimal es un Medidor de consumo el\u00e9ctrico . Optimiza la eficiencia energ\u00e9tica de un edificio mediante un consumo eficiente, gracias a la informaci\u00f3n\" \/>\n<meta name=\"robots\" content=\"index, follow, max-snippet:-1, max-image-preview:large, max-video-preview:-1\" \/>\n<link rel=\"canonical\" href=\"https:\/\/www.satel-iberia.com\/en\/application\/consumption-monitoring\/\" \/>\n<meta property=\"og:locale\" content=\"en_US\" \/>\n<meta property=\"og:type\" content=\"article\" \/>\n<meta property=\"og:title\" content=\"Monitorizaci\u00f3n y Medidor de consumo el\u00e9ctrico\" \/>\n<meta property=\"og:description\" content=\"SenNet Optimal es un Medidor de consumo el\u00e9ctrico . Optimiza la eficiencia energ\u00e9tica de un edificio mediante un consumo eficiente, gracias a la informaci\u00f3n\" \/>\n<meta property=\"og:url\" content=\"https:\/\/www.satel-iberia.com\/en\/application\/consumption-monitoring\/\" \/>\n<meta property=\"og:site_name\" content=\"Satel Iberia\" \/>\n<meta property=\"article:modified_time\" content=\"2018-07-27T07:54:25+00:00\" \/>\n<meta name=\"twitter:card\" content=\"summary_large_image\" \/>\n<meta name=\"twitter:label1\" content=\"Est. reading time\" \/>\n\t<meta name=\"twitter:data1\" content=\"4 minutes\" \/>\n<script type=\"application\/ld+json\" class=\"yoast-schema-graph\">{\"@context\":\"https:\/\/schema.org\",\"@graph\":[{\"@type\":\"WebPage\",\"@id\":\"https:\/\/www.satel-iberia.com\/en\/application\/consumption-monitoring\/\",\"url\":\"https:\/\/www.satel-iberia.com\/en\/application\/consumption-monitoring\/\",\"name\":\"Monitorizaci\u00f3n y Medidor de consumo el\u00e9ctrico\",\"isPartOf\":{\"@id\":\"https:\/\/www.satel-iberia.com\/#website\"},\"datePublished\":\"2018-05-14T08:47:16+00:00\",\"dateModified\":\"2018-07-27T07:54:25+00:00\",\"description\":\"SenNet Optimal es un Medidor de consumo el\u00e9ctrico . Optimiza la eficiencia energ\u00e9tica de un edificio mediante un consumo eficiente, gracias a la informaci\u00f3n\",\"breadcrumb\":{\"@id\":\"https:\/\/www.satel-iberia.com\/en\/application\/consumption-monitoring\/#breadcrumb\"},\"inLanguage\":\"en-US\",\"potentialAction\":[{\"@type\":\"ReadAction\",\"target\":[\"https:\/\/www.satel-iberia.com\/en\/application\/consumption-monitoring\/\"]}]},{\"@type\":\"BreadcrumbList\",\"@id\":\"https:\/\/www.satel-iberia.com\/en\/application\/consumption-monitoring\/#breadcrumb\",\"itemListElement\":[{\"@type\":\"ListItem\",\"position\":1,\"name\":\"Portada\",\"item\":\"https:\/\/www.satel-iberia.com\/en\/\"},{\"@type\":\"ListItem\",\"position\":2,\"name\":\"APPLICATION\",\"item\":\"https:\/\/www.satel-iberia.com\/en\/application\/\"},{\"@type\":\"ListItem\",\"position\":3,\"name\":\"CONSUMPTION MONITORING\"}]},{\"@type\":\"WebSite\",\"@id\":\"https:\/\/www.satel-iberia.com\/#website\",\"url\":\"https:\/\/www.satel-iberia.com\/\",\"name\":\"Satel Iberia\",\"description\":\"Soluciones de monitorizaci\u00f3n y telecontrol a su medida\",\"potentialAction\":[{\"@type\":\"SearchAction\",\"target\":{\"@type\":\"EntryPoint\",\"urlTemplate\":\"https:\/\/www.satel-iberia.com\/?s={search_term_string}\"},\"query-input\":{\"@type\":\"PropertyValueSpecification\",\"valueRequired\":true,\"valueName\":\"search_term_string\"}}],\"inLanguage\":\"en-US\"}]}<\/script>\n<!-- \/ Yoast SEO plugin. -->","yoast_head_json":{"title":"Monitorizaci\u00f3n y Medidor de consumo el\u00e9ctrico","description":"SenNet Optimal es un Medidor de consumo el\u00e9ctrico . Optimiza la eficiencia energ\u00e9tica de un edificio mediante un consumo eficiente, gracias a la informaci\u00f3n","robots":{"index":"index","follow":"follow","max-snippet":"max-snippet:-1","max-image-preview":"max-image-preview:large","max-video-preview":"max-video-preview:-1"},"canonical":"https:\/\/www.satel-iberia.com\/en\/application\/consumption-monitoring\/","og_locale":"en_US","og_type":"article","og_title":"Monitorizaci\u00f3n y Medidor de consumo el\u00e9ctrico","og_description":"SenNet Optimal es un Medidor de consumo el\u00e9ctrico . Optimiza la eficiencia energ\u00e9tica de un edificio mediante un consumo eficiente, gracias a la informaci\u00f3n","og_url":"https:\/\/www.satel-iberia.com\/en\/application\/consumption-monitoring\/","og_site_name":"Satel Iberia","article_modified_time":"2018-07-27T07:54:25+00:00","twitter_card":"summary_large_image","twitter_misc":{"Est. reading time":"4 minutes"},"schema":{"@context":"https:\/\/schema.org","@graph":[{"@type":"WebPage","@id":"https:\/\/www.satel-iberia.com\/en\/application\/consumption-monitoring\/","url":"https:\/\/www.satel-iberia.com\/en\/application\/consumption-monitoring\/","name":"Monitorizaci\u00f3n y Medidor de consumo el\u00e9ctrico","isPartOf":{"@id":"https:\/\/www.satel-iberia.com\/#website"},"datePublished":"2018-05-14T08:47:16+00:00","dateModified":"2018-07-27T07:54:25+00:00","description":"SenNet Optimal es un Medidor de consumo el\u00e9ctrico . Optimiza la eficiencia energ\u00e9tica de un edificio mediante un consumo eficiente, gracias a la informaci\u00f3n","breadcrumb":{"@id":"https:\/\/www.satel-iberia.com\/en\/application\/consumption-monitoring\/#breadcrumb"},"inLanguage":"en-US","potentialAction":[{"@type":"ReadAction","target":["https:\/\/www.satel-iberia.com\/en\/application\/consumption-monitoring\/"]}]},{"@type":"BreadcrumbList","@id":"https:\/\/www.satel-iberia.com\/en\/application\/consumption-monitoring\/#breadcrumb","itemListElement":[{"@type":"ListItem","position":1,"name":"Portada","item":"https:\/\/www.satel-iberia.com\/en\/"},{"@type":"ListItem","position":2,"name":"APPLICATION","item":"https:\/\/www.satel-iberia.com\/en\/application\/"},{"@type":"ListItem","position":3,"name":"CONSUMPTION MONITORING"}]},{"@type":"WebSite","@id":"https:\/\/www.satel-iberia.com\/#website","url":"https:\/\/www.satel-iberia.com\/","name":"Satel Iberia","description":"Soluciones de monitorizaci\u00f3n y telecontrol a su medida","potentialAction":[{"@type":"SearchAction","target":{"@type":"EntryPoint","urlTemplate":"https:\/\/www.satel-iberia.com\/?s={search_term_string}"},"query-input":{"@type":"PropertyValueSpecification","valueRequired":true,"valueName":"search_term_string"}}],"inLanguage":"en-US"}]}},"post_mailing_queue_ids":[],"_links":{"self":[{"href":"https:\/\/www.satel-iberia.com\/en\/wp-json\/wp\/v2\/pages\/2173","targetHints":{"allow":["GET"]}}],"collection":[{"href":"https:\/\/www.satel-iberia.com\/en\/wp-json\/wp\/v2\/pages"}],"about":[{"href":"https:\/\/www.satel-iberia.com\/en\/wp-json\/wp\/v2\/types\/page"}],"author":[{"embeddable":true,"href":"https:\/\/www.satel-iberia.com\/en\/wp-json\/wp\/v2\/users\/1"}],"replies":[{"embeddable":true,"href":"https:\/\/www.satel-iberia.com\/en\/wp-json\/wp\/v2\/comments?post=2173"}],"version-history":[{"count":6,"href":"https:\/\/www.satel-iberia.com\/en\/wp-json\/wp\/v2\/pages\/2173\/revisions"}],"predecessor-version":[{"id":4836,"href":"https:\/\/www.satel-iberia.com\/en\/wp-json\/wp\/v2\/pages\/2173\/revisions\/4836"}],"up":[{"embeddable":true,"href":"https:\/\/www.satel-iberia.com\/en\/wp-json\/wp\/v2\/pages\/2146"}],"wp:attachment":[{"href":"https:\/\/www.satel-iberia.com\/en\/wp-json\/wp\/v2\/media?parent=2173"}],"wp:term":[{"taxonomy":"category","embeddable":true,"href":"https:\/\/www.satel-iberia.com\/en\/wp-json\/wp\/v2\/categories?post=2173"},{"taxonomy":"post_tag","embeddable":true,"href":"https:\/\/www.satel-iberia.com\/en\/wp-json\/wp\/v2\/tags?post=2173"}],"curies":[{"name":"wp","href":"https:\/\/api.w.org\/{rel}","templated":true}]}}