{"id":2174,"date":"2018-05-14T09:13:46","date_gmt":"2018-05-14T09:13:46","guid":{"rendered":"http:\/\/www.satel-iberia.com\/satel2018\/aplicaciones\/monitorizacion-y-control-alumbrado-publico\/"},"modified":"2021-01-25T12:14:29","modified_gmt":"2021-01-25T12:14:29","slug":"monitorizacion-y-control-alumbrado-publico","status":"publish","type":"page","link":"https:\/\/www.satel-iberia.com\/en\/application\/monitorizacion-y-control-alumbrado-publico\/","title":{"rendered":"Monitoring and control of Public lighting"},"content":{"rendered":"<div class=\"wpb-content-wrapper\">[mk_page_section vertical_align=&#8221;center&#8221; bg_image=&#8221;https:\/\/www.satel-iberia.com\/wp-content\/uploads\/2018\/05\/alumbrado-publico.jpg&#8221; bg_position=&#8221;center center&#8221; bg_stretch=&#8221;true&#8221; bg_gradient=&#8221;vertical&#8221; video_color_mask=&#8221;#34558e&#8221; gr_end=&#8221;#34558e&#8221; min_height=&#8221;0&#8243; full_width=&#8221;true&#8221; js_vertical_centered=&#8221;true&#8221; top_shape_style=&#8221;curve-top&#8221; top_shape_size=&#8221;small&#8221; top_shape_color=&#8221;#005c97&#8243; bottom_shape_style=&#8221;folded-bottom&#8221; bottom_shape_size=&#8221;small&#8221; el_class=&#8221;first-element&#8221; sidebar=&#8221;sidebar-1&#8243;][vc_column css=&#8221;.vc_custom_1524733207889{padding-top: 40px !important;}&#8221;][mk_fancy_title color=&#8221;#ffffff&#8221; size=&#8221;24&#8243; font_weight=&#8221;400&#8243; txt_transform=&#8221;uppercase&#8221; letter_spacing=&#8221;4&#8243; font_family=&#8221;Roboto+Condensed&#8221; font_type=&#8221;google&#8221; align=&#8221;center&#8221;]ENERGY MONITORING APPLICATION[\/mk_fancy_title][\/vc_column][\/mk_page_section][vc_row css=&#8221;.vc_custom_1524565598187{margin-top: 35px !important;}&#8221;][vc_column][vc_column_text disable_pattern=&#8221;false&#8221; margin_bottom=&#8221;30&#8243; css=&#8221;.vc_custom_1532429907420{margin-bottom: 0px !important;}&#8221;]\n<h3><span style=\"color: #34558e;\">The advance of monitoring and automation systems and the increase of price of energy, forces that more and more municipalities install intelligent systems for public lighting<\/span><\/h3>\n<p>The <strong>advantages<\/strong> Satel Iberia provide for public lighting are the following:<\/p>\n<ul>\n<li>Optimisation of lighting uptime. Thanks to the internal astronomical clock of the dataloggers, sunset and sunrise can be predicted at any geographical location. In addition, it is possible to set a default safety time (e.g. turn on the lighting 15 min. before sunset) or even customize an on\/off timing for each circuit. For example, on streets with an E-W orientation there is more sun light at dawn and dusk than on streets with an N-S orientation, therefore, we can set different on\/off time.<\/li>\n<li>Real-time power consumption measurement allows detecting under-consumption at night caused by faults: damage, thefts or breakdowns in the luminaires and lamps. On the other hand, daytime over-consumption can be also detected, such as: illegal hook-ups to the energy supply network.<\/li>\n<li>The equipment can be integrated to a SCADA or to any Energy Management System (EMS) in the market.<\/li>\n<li>Remote action. Apart from the automatic control, it is also possible to carry out operations such as: maintenance work, extension of on\/off time in celebration of local festivities&#8230;<\/li>\n<li>The solution is also valid for dimmable luminaires (regulation of intensity). It is capable of dimming gradually according to darkness or dawn of the place.<\/li>\n<li>Possibility of installing motion and\/or lighting sensors.<\/li>\n<\/ul>\n[\/vc_column_text][vc_single_image image=&#8221;1537&#8243; img_size=&#8221;full&#8221; alignment=&#8221;center&#8221;][vc_column_text css=&#8221;.vc_custom_1611576868441{margin-bottom: 0px !important;}&#8221;]In addition, a complete monitoring and remote-control system for public lighting. At panel level or luminaire level using radio frequency or PLC.<\/p>\n<p>Supplement it with our <a href=\"https:\/\/www.satel-iberia.com\/en\/category\/products\/energy-monitoring\/energy-management-software\/\">software solution<\/a> or choose any software in the market that suits your needs.[\/vc_column_text][\/vc_column][\/vc_row][vc_row][vc_column][mk_padding_divider][\/vc_column][\/vc_row][vc_row fullwidth=&#8221;true&#8221; fullwidth_content=&#8221;false&#8221; css=&#8221;.vc_custom_1524571083790{padding-top: 20px !important;padding-bottom: 20px !important;background-color: #305690 !important;}&#8221;][vc_column][vc_column_text css=&#8221;.vc_custom_1532429955342{margin-bottom: 0px !important;}&#8221;]\n<h3 style=\"text-align: center;\"><span style=\"color: #ffffff;\">If you have any questions about our solutions and applications<br \/>\nYou can request more information.<\/span><\/h3>\n[\/vc_column_text][mk_button dimension=&#8221;flat&#8221; url=&#8221;\/contact&#8221; align=&#8221;center&#8221; bg_color=&#8221;#ffffff&#8221; text_color=&#8221;dark&#8221;]CONTACT NOW[\/mk_button][\/vc_column][\/vc_row][vc_row disable_element=&#8221;yes&#8221; css=&#8221;.vc_custom_1531727281620{margin-top: 40px !important;}&#8221;][vc_column][mk_fancy_title color=&#8221;#305690&#8243; size=&#8221;28&#8243; force_font_size=&#8221;true&#8221; size_phone=&#8221;24&#8243; font_weight=&#8221;400&#8243; txt_transform=&#8221;capitalize&#8221; letter_spacing=&#8221;1&#8243; font_family=&#8221;none&#8221; responsive_align=&#8221;left&#8221;]PRODUCTOS RELACIONADOS[\/mk_fancy_title][vc_basic_grid post_type=&#8221;page&#8221; max_items=&#8221;10&#8243; element_width=&#8221;3&#8243; item=&#8221;1070&#8243; initial_loading_animation=&#8221;none&#8221; grid_id=&#8221;vc_gid:1611576850938-56145377b48f465a58e4c3b649915102-4&#8243; taxonomies=&#8221;12&#8243;][\/vc_column][\/vc_row]\n<\/div>","protected":false},"excerpt":{"rendered":"<p>[mk_page_section vertical_align=&#8221;center&#8221; bg_image=&#8221;https:\/\/www.satel-iberia.com\/wp-content\/uploads\/2018\/05\/alumbrado-publico.jpg&#8221; bg_position=&#8221;center center&#8221; bg_stretch=&#8221;true&#8221; bg_gradient=&#8221;vertical&#8221; video_color_mask=&#8221;#34558e&#8221; gr_end=&#8221;#34558e&#8221; min_height=&#8221;0&#8243; full_width=&#8221;true&#8221; js_vertical_centered=&#8221;true&#8221; top_shape_style=&#8221;curve-top&#8221; top_shape_size=&#8221;small&#8221; top_shape_color=&#8221;#005c97&#8243; bottom_shape_style=&#8221;folded-bottom&#8221; bottom_shape_size=&#8221;small&#8221; el_class=&#8221;first-element&#8221; sidebar=&#8221;sidebar-1&#8243;][vc_column css=&#8221;.vc_custom_1524733207889{padding-top: 40px !important;}&#8221;][mk_fancy_title color=&#8221;#ffffff&#8221; size=&#8221;24&#8243; font_weight=&#8221;400&#8243; txt_transform=&#8221;uppercase&#8221; letter_spacing=&#8221;4&#8243; font_family=&#8221;Roboto+Condensed&#8221; font_type=&#8221;google&#8221; align=&#8221;center&#8221;]ENERGY MONITORING APPLICATION[\/mk_fancy_title][\/vc_column][\/mk_page_section][vc_row css=&#8221;.vc_custom_1524565598187{margin-top: 35px !important;}&#8221;][vc_column][vc_column_text disable_pattern=&#8221;false&#8221; margin_bottom=&#8221;30&#8243; css=&#8221;.vc_custom_1532429907420{margin-bottom: 0px !important;}&#8221;] The advance of monitoring and automation systems and the increase of price of energy, forces [&hellip;]<\/p>\n","protected":false},"author":1,"featured_media":0,"parent":2146,"menu_order":0,"comment_status":"closed","ping_status":"closed","template":"","meta":{"_joinchat":[],"footnotes":""},"categories":[],"tags":[],"class_list":["post-2174","page","type-page","status-publish","hentry"],"yoast_head":"<!-- This site is optimized with the Yoast SEO plugin v24.6 - https:\/\/yoast.com\/wordpress\/plugins\/seo\/ -->\n<title>Control de Iluminaci\u00f3n y Monitorizaci\u00f3n del Alumbrado P\u00fablico - Satel<\/title>\n<meta name=\"description\" content=\"Los sistemas de monitorizaci\u00f3n y el creciente precio de la energ\u00eda, hace que los municipios cuenten con sistemas inteligentes para el control de iluminaci\u00f3n\" \/>\n<meta name=\"robots\" content=\"index, follow, max-snippet:-1, max-image-preview:large, max-video-preview:-1\" \/>\n<link rel=\"canonical\" href=\"https:\/\/www.satel-iberia.com\/en\/application\/monitorizacion-y-control-alumbrado-publico\/\" \/>\n<meta property=\"og:locale\" content=\"en_US\" \/>\n<meta property=\"og:type\" content=\"article\" \/>\n<meta property=\"og:title\" content=\"Control de Iluminaci\u00f3n y Monitorizaci\u00f3n del Alumbrado P\u00fablico - Satel\" \/>\n<meta property=\"og:description\" content=\"Los sistemas de monitorizaci\u00f3n y el creciente precio de la energ\u00eda, hace que los municipios cuenten con sistemas inteligentes para el control de iluminaci\u00f3n\" \/>\n<meta property=\"og:url\" content=\"https:\/\/www.satel-iberia.com\/en\/application\/monitorizacion-y-control-alumbrado-publico\/\" \/>\n<meta property=\"og:site_name\" content=\"Satel Iberia\" \/>\n<meta property=\"article:modified_time\" content=\"2021-01-25T12:14:29+00:00\" \/>\n<meta name=\"twitter:card\" content=\"summary_large_image\" \/>\n<meta name=\"twitter:label1\" content=\"Est. reading time\" \/>\n\t<meta name=\"twitter:data1\" content=\"3 minutes\" \/>\n<script type=\"application\/ld+json\" class=\"yoast-schema-graph\">{\"@context\":\"https:\/\/schema.org\",\"@graph\":[{\"@type\":\"WebPage\",\"@id\":\"https:\/\/www.satel-iberia.com\/en\/application\/monitorizacion-y-control-alumbrado-publico\/\",\"url\":\"https:\/\/www.satel-iberia.com\/en\/application\/monitorizacion-y-control-alumbrado-publico\/\",\"name\":\"Control de Iluminaci\u00f3n y Monitorizaci\u00f3n del Alumbrado P\u00fablico - Satel\",\"isPartOf\":{\"@id\":\"https:\/\/www.satel-iberia.com\/#website\"},\"datePublished\":\"2018-05-14T09:13:46+00:00\",\"dateModified\":\"2021-01-25T12:14:29+00:00\",\"description\":\"Los sistemas de monitorizaci\u00f3n y el creciente precio de la energ\u00eda, hace que los municipios cuenten con sistemas inteligentes para el control de iluminaci\u00f3n\",\"breadcrumb\":{\"@id\":\"https:\/\/www.satel-iberia.com\/en\/application\/monitorizacion-y-control-alumbrado-publico\/#breadcrumb\"},\"inLanguage\":\"en-US\",\"potentialAction\":[{\"@type\":\"ReadAction\",\"target\":[\"https:\/\/www.satel-iberia.com\/en\/application\/monitorizacion-y-control-alumbrado-publico\/\"]}]},{\"@type\":\"BreadcrumbList\",\"@id\":\"https:\/\/www.satel-iberia.com\/en\/application\/monitorizacion-y-control-alumbrado-publico\/#breadcrumb\",\"itemListElement\":[{\"@type\":\"ListItem\",\"position\":1,\"name\":\"Portada\",\"item\":\"https:\/\/www.satel-iberia.com\/en\/\"},{\"@type\":\"ListItem\",\"position\":2,\"name\":\"APPLICATION\",\"item\":\"https:\/\/www.satel-iberia.com\/en\/application\/\"},{\"@type\":\"ListItem\",\"position\":3,\"name\":\"Monitoring and control of Public lighting\"}]},{\"@type\":\"WebSite\",\"@id\":\"https:\/\/www.satel-iberia.com\/#website\",\"url\":\"https:\/\/www.satel-iberia.com\/\",\"name\":\"Satel Iberia\",\"description\":\"Soluciones de monitorizaci\u00f3n y telecontrol a su medida\",\"potentialAction\":[{\"@type\":\"SearchAction\",\"target\":{\"@type\":\"EntryPoint\",\"urlTemplate\":\"https:\/\/www.satel-iberia.com\/?s={search_term_string}\"},\"query-input\":{\"@type\":\"PropertyValueSpecification\",\"valueRequired\":true,\"valueName\":\"search_term_string\"}}],\"inLanguage\":\"en-US\"}]}<\/script>\n<!-- \/ Yoast SEO plugin. -->","yoast_head_json":{"title":"Control de Iluminaci\u00f3n y Monitorizaci\u00f3n del Alumbrado P\u00fablico - Satel","description":"Los sistemas de monitorizaci\u00f3n y el creciente precio de la energ\u00eda, hace que los municipios cuenten con sistemas inteligentes para el control de iluminaci\u00f3n","robots":{"index":"index","follow":"follow","max-snippet":"max-snippet:-1","max-image-preview":"max-image-preview:large","max-video-preview":"max-video-preview:-1"},"canonical":"https:\/\/www.satel-iberia.com\/en\/application\/monitorizacion-y-control-alumbrado-publico\/","og_locale":"en_US","og_type":"article","og_title":"Control de Iluminaci\u00f3n y Monitorizaci\u00f3n del Alumbrado P\u00fablico - Satel","og_description":"Los sistemas de monitorizaci\u00f3n y el creciente precio de la energ\u00eda, hace que los municipios cuenten con sistemas inteligentes para el control de iluminaci\u00f3n","og_url":"https:\/\/www.satel-iberia.com\/en\/application\/monitorizacion-y-control-alumbrado-publico\/","og_site_name":"Satel Iberia","article_modified_time":"2021-01-25T12:14:29+00:00","twitter_card":"summary_large_image","twitter_misc":{"Est. reading time":"3 minutes"},"schema":{"@context":"https:\/\/schema.org","@graph":[{"@type":"WebPage","@id":"https:\/\/www.satel-iberia.com\/en\/application\/monitorizacion-y-control-alumbrado-publico\/","url":"https:\/\/www.satel-iberia.com\/en\/application\/monitorizacion-y-control-alumbrado-publico\/","name":"Control de Iluminaci\u00f3n y Monitorizaci\u00f3n del Alumbrado P\u00fablico - Satel","isPartOf":{"@id":"https:\/\/www.satel-iberia.com\/#website"},"datePublished":"2018-05-14T09:13:46+00:00","dateModified":"2021-01-25T12:14:29+00:00","description":"Los sistemas de monitorizaci\u00f3n y el creciente precio de la energ\u00eda, hace que los municipios cuenten con sistemas inteligentes para el control de iluminaci\u00f3n","breadcrumb":{"@id":"https:\/\/www.satel-iberia.com\/en\/application\/monitorizacion-y-control-alumbrado-publico\/#breadcrumb"},"inLanguage":"en-US","potentialAction":[{"@type":"ReadAction","target":["https:\/\/www.satel-iberia.com\/en\/application\/monitorizacion-y-control-alumbrado-publico\/"]}]},{"@type":"BreadcrumbList","@id":"https:\/\/www.satel-iberia.com\/en\/application\/monitorizacion-y-control-alumbrado-publico\/#breadcrumb","itemListElement":[{"@type":"ListItem","position":1,"name":"Portada","item":"https:\/\/www.satel-iberia.com\/en\/"},{"@type":"ListItem","position":2,"name":"APPLICATION","item":"https:\/\/www.satel-iberia.com\/en\/application\/"},{"@type":"ListItem","position":3,"name":"Monitoring and control of Public lighting"}]},{"@type":"WebSite","@id":"https:\/\/www.satel-iberia.com\/#website","url":"https:\/\/www.satel-iberia.com\/","name":"Satel Iberia","description":"Soluciones de monitorizaci\u00f3n y telecontrol a su medida","potentialAction":[{"@type":"SearchAction","target":{"@type":"EntryPoint","urlTemplate":"https:\/\/www.satel-iberia.com\/?s={search_term_string}"},"query-input":{"@type":"PropertyValueSpecification","valueRequired":true,"valueName":"search_term_string"}}],"inLanguage":"en-US"}]}},"post_mailing_queue_ids":[],"_links":{"self":[{"href":"https:\/\/www.satel-iberia.com\/en\/wp-json\/wp\/v2\/pages\/2174","targetHints":{"allow":["GET"]}}],"collection":[{"href":"https:\/\/www.satel-iberia.com\/en\/wp-json\/wp\/v2\/pages"}],"about":[{"href":"https:\/\/www.satel-iberia.com\/en\/wp-json\/wp\/v2\/types\/page"}],"author":[{"embeddable":true,"href":"https:\/\/www.satel-iberia.com\/en\/wp-json\/wp\/v2\/users\/1"}],"replies":[{"embeddable":true,"href":"https:\/\/www.satel-iberia.com\/en\/wp-json\/wp\/v2\/comments?post=2174"}],"version-history":[{"count":8,"href":"https:\/\/www.satel-iberia.com\/en\/wp-json\/wp\/v2\/pages\/2174\/revisions"}],"predecessor-version":[{"id":8770,"href":"https:\/\/www.satel-iberia.com\/en\/wp-json\/wp\/v2\/pages\/2174\/revisions\/8770"}],"up":[{"embeddable":true,"href":"https:\/\/www.satel-iberia.com\/en\/wp-json\/wp\/v2\/pages\/2146"}],"wp:attachment":[{"href":"https:\/\/www.satel-iberia.com\/en\/wp-json\/wp\/v2\/media?parent=2174"}],"wp:term":[{"taxonomy":"category","embeddable":true,"href":"https:\/\/www.satel-iberia.com\/en\/wp-json\/wp\/v2\/categories?post=2174"},{"taxonomy":"post_tag","embeddable":true,"href":"https:\/\/www.satel-iberia.com\/en\/wp-json\/wp\/v2\/tags?post=2174"}],"curies":[{"name":"wp","href":"https:\/\/api.w.org\/{rel}","templated":true}]}}