{"id":2185,"date":"2018-03-16T08:49:40","date_gmt":"2018-03-16T08:49:40","guid":{"rendered":"http:\/\/www.satel-iberia.com\/satel2018\/productos\/monitorizacion-energetica\/analizadores-electricos\/"},"modified":"2018-10-09T08:24:11","modified_gmt":"2018-10-09T08:24:11","slug":"analizadores-electricos","status":"publish","type":"page","link":"https:\/\/www.satel-iberia.com\/en\/products\/energy-monitoring-2\/analizadores-electricos\/","title":{"rendered":"ANALIZADORES  EL\u00c9CTRICOS"},"content":{"rendered":"<div class=\"wpb-content-wrapper\">[vc_row][vc_column][mk_fancy_title color=&#8221;#353535&#8243; size=&#8221;28&#8243; force_font_size=&#8221;true&#8221; size_phone=&#8221;24&#8243; font_weight=&#8221;400&#8243; txt_transform=&#8221;capitalize&#8221; letter_spacing=&#8221;1&#8243; font_family=&#8221;none&#8221; align=&#8221;center&#8221;]\n<p>PRODUCTOS<\/p>\n[\/mk_fancy_title][vc_column_text align=&#8221;center&#8221; css=&#8221;.vc_custom_1524215110620{margin-bottom: 0px !important;}&#8221;]Descubre nuestra amplia gama de <strong>analizadores el\u00e9ctricos<\/strong>. Todos ellos permiten realizar sumatorios dentro del cuadro , abaratando la mano de obra y disminuyendo equipamiento.<\/p>\n<p>Analizadores trif\u00e1sicos, monof\u00e1sicos, con medidas de arm\u00f3nicos,<strong> compactos<\/strong> con hasta 20 circuitos trif\u00e1sicos.[\/vc_column_text][\/vc_column][\/vc_row][vc_row][vc_column][mk_padding_divider][\/vc_column][\/vc_row][vc_row][vc_column][vc_basic_grid post_type=&#8221;page&#8221; max_items=&#8221;10&#8243; element_width=&#8221;3&#8243; item=&#8221;1070&#8243; initial_loading_animation=&#8221;none&#8221; grid_id=&#8221;vc_gid:1524484206292-02917a7a-dd5f-6&#8243; taxonomies=&#8221;13&#8243;][\/vc_column][\/vc_row]\n<\/div>","protected":false},"excerpt":{"rendered":"<p>[vc_row][vc_column][mk_fancy_title color=&#8221;#353535&#8243; size=&#8221;28&#8243; force_font_size=&#8221;true&#8221; size_phone=&#8221;24&#8243; font_weight=&#8221;400&#8243; txt_transform=&#8221;capitalize&#8221; letter_spacing=&#8221;1&#8243; font_family=&#8221;none&#8221; align=&#8221;center&#8221;] PRODUCTOS [\/mk_fancy_title][vc_column_text align=&#8221;center&#8221; css=&#8221;.vc_custom_1524215110620{margin-bottom: 0px !important;}&#8221;]Descubre nuestra amplia gama de analizadores el\u00e9ctricos. Todos ellos permiten realizar sumatorios dentro del cuadro , abaratando la mano de obra y disminuyendo equipamiento. Analizadores trif\u00e1sicos, monof\u00e1sicos, con medidas de arm\u00f3nicos, compactos con hasta 20 circuitos trif\u00e1sicos.[\/vc_column_text][\/vc_column][\/vc_row][vc_row][vc_column][mk_padding_divider][\/vc_column][\/vc_row][vc_row][vc_column][vc_basic_grid post_type=&#8221;page&#8221; max_items=&#8221;10&#8243; element_width=&#8221;3&#8243; [&hellip;]<\/p>\n","protected":false},"author":1,"featured_media":0,"parent":2148,"menu_order":0,"comment_status":"closed","ping_status":"closed","template":"","meta":{"_joinchat":[],"footnotes":""},"categories":[],"tags":[],"class_list":["post-2185","page","type-page","status-publish","hentry"],"yoast_head":"<!-- This site is optimized with the Yoast SEO plugin v24.6 - https:\/\/yoast.com\/wordpress\/plugins\/seo\/ -->\n<title>\u226b ANALIZADORES EL\u00c9CTRICOS - Satel Iberia<\/title>\n<meta name=\"description\" content=\"Los analizadores el\u00e9ctricos permiten realizar sumatorios dentro del cuadro, abaratando la mano de obra y disminuyendo equipamiento.\" \/>\n<meta name=\"robots\" content=\"noindex, follow\" \/>\n<meta property=\"og:locale\" content=\"en_US\" \/>\n<meta property=\"og:type\" content=\"article\" \/>\n<meta property=\"og:title\" content=\"\u226b ANALIZADORES EL\u00c9CTRICOS - Satel Iberia\" \/>\n<meta property=\"og:description\" content=\"Los analizadores el\u00e9ctricos permiten realizar sumatorios dentro del cuadro, abaratando la mano de obra y disminuyendo equipamiento.\" \/>\n<meta property=\"og:url\" content=\"https:\/\/www.satel-iberia.com\/en\/products\/energy-monitoring-2\/analizadores-electricos\/\" \/>\n<meta property=\"og:site_name\" content=\"Satel Iberia\" \/>\n<meta property=\"article:modified_time\" content=\"2018-10-09T08:24:11+00:00\" \/>\n<meta name=\"twitter:card\" content=\"summary_large_image\" \/>\n<meta name=\"twitter:label1\" content=\"Est. reading time\" \/>\n\t<meta name=\"twitter:data1\" content=\"1 minute\" \/>\n<script type=\"application\/ld+json\" class=\"yoast-schema-graph\">{\"@context\":\"https:\/\/schema.org\",\"@graph\":[{\"@type\":\"WebPage\",\"@id\":\"https:\/\/www.satel-iberia.com\/en\/products\/energy-monitoring-2\/analizadores-electricos\/\",\"url\":\"https:\/\/www.satel-iberia.com\/en\/products\/energy-monitoring-2\/analizadores-electricos\/\",\"name\":\"\u226b ANALIZADORES EL\u00c9CTRICOS - Satel Iberia\",\"isPartOf\":{\"@id\":\"https:\/\/www.satel-iberia.com\/#website\"},\"datePublished\":\"2018-03-16T08:49:40+00:00\",\"dateModified\":\"2018-10-09T08:24:11+00:00\",\"description\":\"Los analizadores el\u00e9ctricos permiten realizar sumatorios dentro del cuadro, abaratando la mano de obra y disminuyendo equipamiento.\",\"breadcrumb\":{\"@id\":\"https:\/\/www.satel-iberia.com\/en\/products\/energy-monitoring-2\/analizadores-electricos\/#breadcrumb\"},\"inLanguage\":\"en-US\",\"potentialAction\":[{\"@type\":\"ReadAction\",\"target\":[\"https:\/\/www.satel-iberia.com\/en\/products\/energy-monitoring-2\/analizadores-electricos\/\"]}]},{\"@type\":\"BreadcrumbList\",\"@id\":\"https:\/\/www.satel-iberia.com\/en\/products\/energy-monitoring-2\/analizadores-electricos\/#breadcrumb\",\"itemListElement\":[{\"@type\":\"ListItem\",\"position\":1,\"name\":\"Portada\",\"item\":\"https:\/\/www.satel-iberia.com\/en\/\"},{\"@type\":\"ListItem\",\"position\":2,\"name\":\"PRODUCTS\",\"item\":\"https:\/\/www.satel-iberia.com\/en\/products\/\"},{\"@type\":\"ListItem\",\"position\":3,\"name\":\"ENERGY MONITORING\",\"item\":\"https:\/\/www.satel-iberia.com\/en\/products\/energy-monitoring-2\/\"},{\"@type\":\"ListItem\",\"position\":4,\"name\":\"ANALIZADORES EL\u00c9CTRICOS\"}]},{\"@type\":\"WebSite\",\"@id\":\"https:\/\/www.satel-iberia.com\/#website\",\"url\":\"https:\/\/www.satel-iberia.com\/\",\"name\":\"Satel Iberia\",\"description\":\"Soluciones de monitorizaci\u00f3n y telecontrol a su medida\",\"potentialAction\":[{\"@type\":\"SearchAction\",\"target\":{\"@type\":\"EntryPoint\",\"urlTemplate\":\"https:\/\/www.satel-iberia.com\/?s={search_term_string}\"},\"query-input\":{\"@type\":\"PropertyValueSpecification\",\"valueRequired\":true,\"valueName\":\"search_term_string\"}}],\"inLanguage\":\"en-US\"}]}<\/script>\n<!-- \/ Yoast SEO plugin. -->","yoast_head_json":{"title":"\u226b ANALIZADORES EL\u00c9CTRICOS - Satel Iberia","description":"Los analizadores el\u00e9ctricos permiten realizar sumatorios dentro del cuadro, abaratando la mano de obra y disminuyendo equipamiento.","robots":{"index":"noindex","follow":"follow"},"og_locale":"en_US","og_type":"article","og_title":"\u226b ANALIZADORES EL\u00c9CTRICOS - Satel Iberia","og_description":"Los analizadores el\u00e9ctricos permiten realizar sumatorios dentro del cuadro, abaratando la mano de obra y disminuyendo equipamiento.","og_url":"https:\/\/www.satel-iberia.com\/en\/products\/energy-monitoring-2\/analizadores-electricos\/","og_site_name":"Satel Iberia","article_modified_time":"2018-10-09T08:24:11+00:00","twitter_card":"summary_large_image","twitter_misc":{"Est. reading time":"1 minute"},"schema":{"@context":"https:\/\/schema.org","@graph":[{"@type":"WebPage","@id":"https:\/\/www.satel-iberia.com\/en\/products\/energy-monitoring-2\/analizadores-electricos\/","url":"https:\/\/www.satel-iberia.com\/en\/products\/energy-monitoring-2\/analizadores-electricos\/","name":"\u226b ANALIZADORES EL\u00c9CTRICOS - Satel Iberia","isPartOf":{"@id":"https:\/\/www.satel-iberia.com\/#website"},"datePublished":"2018-03-16T08:49:40+00:00","dateModified":"2018-10-09T08:24:11+00:00","description":"Los analizadores el\u00e9ctricos permiten realizar sumatorios dentro del cuadro, abaratando la mano de obra y disminuyendo equipamiento.","breadcrumb":{"@id":"https:\/\/www.satel-iberia.com\/en\/products\/energy-monitoring-2\/analizadores-electricos\/#breadcrumb"},"inLanguage":"en-US","potentialAction":[{"@type":"ReadAction","target":["https:\/\/www.satel-iberia.com\/en\/products\/energy-monitoring-2\/analizadores-electricos\/"]}]},{"@type":"BreadcrumbList","@id":"https:\/\/www.satel-iberia.com\/en\/products\/energy-monitoring-2\/analizadores-electricos\/#breadcrumb","itemListElement":[{"@type":"ListItem","position":1,"name":"Portada","item":"https:\/\/www.satel-iberia.com\/en\/"},{"@type":"ListItem","position":2,"name":"PRODUCTS","item":"https:\/\/www.satel-iberia.com\/en\/products\/"},{"@type":"ListItem","position":3,"name":"ENERGY MONITORING","item":"https:\/\/www.satel-iberia.com\/en\/products\/energy-monitoring-2\/"},{"@type":"ListItem","position":4,"name":"ANALIZADORES EL\u00c9CTRICOS"}]},{"@type":"WebSite","@id":"https:\/\/www.satel-iberia.com\/#website","url":"https:\/\/www.satel-iberia.com\/","name":"Satel Iberia","description":"Soluciones de monitorizaci\u00f3n y telecontrol a su medida","potentialAction":[{"@type":"SearchAction","target":{"@type":"EntryPoint","urlTemplate":"https:\/\/www.satel-iberia.com\/?s={search_term_string}"},"query-input":{"@type":"PropertyValueSpecification","valueRequired":true,"valueName":"search_term_string"}}],"inLanguage":"en-US"}]}},"post_mailing_queue_ids":[],"_links":{"self":[{"href":"https:\/\/www.satel-iberia.com\/en\/wp-json\/wp\/v2\/pages\/2185","targetHints":{"allow":["GET"]}}],"collection":[{"href":"https:\/\/www.satel-iberia.com\/en\/wp-json\/wp\/v2\/pages"}],"about":[{"href":"https:\/\/www.satel-iberia.com\/en\/wp-json\/wp\/v2\/types\/page"}],"author":[{"embeddable":true,"href":"https:\/\/www.satel-iberia.com\/en\/wp-json\/wp\/v2\/users\/1"}],"replies":[{"embeddable":true,"href":"https:\/\/www.satel-iberia.com\/en\/wp-json\/wp\/v2\/comments?post=2185"}],"version-history":[{"count":2,"href":"https:\/\/www.satel-iberia.com\/en\/wp-json\/wp\/v2\/pages\/2185\/revisions"}],"predecessor-version":[{"id":5153,"href":"https:\/\/www.satel-iberia.com\/en\/wp-json\/wp\/v2\/pages\/2185\/revisions\/5153"}],"up":[{"embeddable":true,"href":"https:\/\/www.satel-iberia.com\/en\/wp-json\/wp\/v2\/pages\/2148"}],"wp:attachment":[{"href":"https:\/\/www.satel-iberia.com\/en\/wp-json\/wp\/v2\/media?parent=2185"}],"wp:term":[{"taxonomy":"category","embeddable":true,"href":"https:\/\/www.satel-iberia.com\/en\/wp-json\/wp\/v2\/categories?post=2185"},{"taxonomy":"post_tag","embeddable":true,"href":"https:\/\/www.satel-iberia.com\/en\/wp-json\/wp\/v2\/tags?post=2185"}],"curies":[{"name":"wp","href":"https:\/\/api.w.org\/{rel}","templated":true}]}}