{"id":2188,"date":"2018-03-16T12:28:43","date_gmt":"2018-03-16T12:28:43","guid":{"rendered":"http:\/\/www.satel-iberia.com\/satel2018\/productos\/datos-y-senales-por-radio\/interfaces-de-senales\/"},"modified":"2025-07-15T10:03:31","modified_gmt":"2025-07-15T10:03:31","slug":"interfaces-de-senales","status":"publish","type":"page","link":"https:\/\/www.satel-iberia.com\/en\/products\/radio-signals-and-data\/interfaces-de-senales\/","title":{"rendered":"Equipamiento adicional"},"content":{"rendered":"<div class=\"wpb-content-wrapper\">[vc_row][vc_column][mk_fancy_title color=&#8221;#353535&#8243; size=&#8221;28&#8243; force_font_size=&#8221;true&#8221; size_phone=&#8221;24&#8243; font_weight=&#8221;400&#8243; txt_transform=&#8221;capitalize&#8221; letter_spacing=&#8221;1&#8243; font_family=&#8221;none&#8221; align=&#8221;center&#8221;]\n<p>PRODUCTOS<\/p>\n[\/mk_fancy_title][vc_column_text align=&#8221;center&#8221; css=&#8221;.vc_custom_1752573791975{margin-bottom: 0px !important;}&#8221;]\n<header id=\"mk-header-1\" class=\"mk-header header-style-1 header-align-left toolbar-true menu-hover-5 sticky-style-fixed mk-background-stretch boxed-header\" role=\"banner\" data-height=\"90\" data-sticky-height=\"55\" data-responsive-height=\"90\" data-transparent-skin=\"\" data-header-style=\"1\" data-sticky-style=\"fixed\" data-sticky-offset=\"header\">\n<div class=\"mk-grid\">\n<div>\n<h3>Convertidores de E\/S y RS, Placas base<\/h3>\n<\/div>\n<div class=\"clearboth\"><\/div>\n<\/div>\n<\/header>\n<div id=\"theme-page\" class=\"master-holder clearfix\" role=\"main\">\n<div class=\"master-holder-bg-holder\"><\/div>\n<\/div>\n[\/vc_column_text][\/vc_column][\/vc_row][vc_row][vc_column][mk_padding_divider][\/vc_column][\/vc_row][vc_row][vc_column][vc_basic_grid post_type=&#8221;page&#8221; max_items=&#8221;10&#8243; element_width=&#8221;6&#8243; item=&#8221;1070&#8243; initial_loading_animation=&#8221;none&#8221; css=&#8221;&#8221; grid_id=&#8221;vc_gid:1752573567942-a2fb3289-5450-3&#8243; taxonomies=&#8221;10&#8243;][\/vc_column][\/vc_row]\n<\/div>","protected":false},"excerpt":{"rendered":"<p>[vc_row][vc_column][mk_fancy_title color=&#8221;#353535&#8243; size=&#8221;28&#8243; force_font_size=&#8221;true&#8221; size_phone=&#8221;24&#8243; font_weight=&#8221;400&#8243; txt_transform=&#8221;capitalize&#8221; letter_spacing=&#8221;1&#8243; font_family=&#8221;none&#8221; align=&#8221;center&#8221;] PRODUCTOS [\/mk_fancy_title][vc_column_text align=&#8221;center&#8221; css=&#8221;.vc_custom_1752573791975{margin-bottom: 0px !important;}&#8221;] Convertidores de E\/S y RS, Placas base [\/vc_column_text][\/vc_column][\/vc_row][vc_row][vc_column][mk_padding_divider][\/vc_column][\/vc_row][vc_row][vc_column][vc_basic_grid post_type=&#8221;page&#8221; max_items=&#8221;10&#8243; element_width=&#8221;6&#8243; item=&#8221;1070&#8243; initial_loading_animation=&#8221;none&#8221; css=&#8221;&#8221; grid_id=&#8221;vc_gid:1752573567942-a2fb3289-5450-3&#8243; taxonomies=&#8221;10&#8243;][\/vc_column][\/vc_row]<\/p>\n","protected":false},"author":1,"featured_media":0,"parent":2147,"menu_order":0,"comment_status":"closed","ping_status":"closed","template":"","meta":{"_joinchat":[],"footnotes":""},"categories":[49],"tags":[],"class_list":["post-2188","page","type-page","status-publish","hentry","category-radio-signals-and-data"],"yoast_head":"<!-- This site is optimized with the Yoast SEO plugin v24.6 - https:\/\/yoast.com\/wordpress\/plugins\/seo\/ -->\n<title>Interfaces de Se\u00f1ales - Convertidores de se\u00f1ales - Satel Iberia<\/title>\n<meta name=\"description\" content=\"Interfaces de Se\u00f1ales. M\u00f3dulos convertidores de se\u00f1ales anal\u00f3gicas y digitales.\" \/>\n<meta name=\"robots\" content=\"noindex, follow\" \/>\n<meta property=\"og:locale\" content=\"en_US\" \/>\n<meta property=\"og:type\" content=\"article\" \/>\n<meta property=\"og:title\" content=\"Interfaces de Se\u00f1ales - Convertidores de se\u00f1ales - Satel Iberia\" \/>\n<meta property=\"og:description\" content=\"Interfaces de Se\u00f1ales. M\u00f3dulos convertidores de se\u00f1ales anal\u00f3gicas y digitales.\" \/>\n<meta property=\"og:url\" content=\"https:\/\/www.satel-iberia.com\/en\/products\/radio-signals-and-data\/interfaces-de-senales\/\" \/>\n<meta property=\"og:site_name\" content=\"Satel Iberia\" \/>\n<meta property=\"article:modified_time\" content=\"2025-07-15T10:03:31+00:00\" \/>\n<meta name=\"twitter:card\" content=\"summary_large_image\" \/>\n<meta name=\"twitter:label1\" content=\"Est. reading time\" \/>\n\t<meta name=\"twitter:data1\" content=\"1 minute\" \/>\n<script type=\"application\/ld+json\" class=\"yoast-schema-graph\">{\"@context\":\"https:\/\/schema.org\",\"@graph\":[{\"@type\":\"WebPage\",\"@id\":\"https:\/\/www.satel-iberia.com\/en\/products\/radio-signals-and-data\/interfaces-de-senales\/\",\"url\":\"https:\/\/www.satel-iberia.com\/en\/products\/radio-signals-and-data\/interfaces-de-senales\/\",\"name\":\"Interfaces de Se\u00f1ales - Convertidores de se\u00f1ales - Satel Iberia\",\"isPartOf\":{\"@id\":\"https:\/\/www.satel-iberia.com\/#website\"},\"datePublished\":\"2018-03-16T12:28:43+00:00\",\"dateModified\":\"2025-07-15T10:03:31+00:00\",\"description\":\"Interfaces de Se\u00f1ales. M\u00f3dulos convertidores de se\u00f1ales anal\u00f3gicas y digitales.\",\"breadcrumb\":{\"@id\":\"https:\/\/www.satel-iberia.com\/en\/products\/radio-signals-and-data\/interfaces-de-senales\/#breadcrumb\"},\"inLanguage\":\"en-US\",\"potentialAction\":[{\"@type\":\"ReadAction\",\"target\":[\"https:\/\/www.satel-iberia.com\/en\/products\/radio-signals-and-data\/interfaces-de-senales\/\"]}]},{\"@type\":\"BreadcrumbList\",\"@id\":\"https:\/\/www.satel-iberia.com\/en\/products\/radio-signals-and-data\/interfaces-de-senales\/#breadcrumb\",\"itemListElement\":[{\"@type\":\"ListItem\",\"position\":1,\"name\":\"Portada\",\"item\":\"https:\/\/www.satel-iberia.com\/en\/\"},{\"@type\":\"ListItem\",\"position\":2,\"name\":\"PRODUCTS\",\"item\":\"https:\/\/www.satel-iberia.com\/en\/products\/\"},{\"@type\":\"ListItem\",\"position\":3,\"name\":\"RADIO SIGNALS AND DATA\",\"item\":\"https:\/\/www.satel-iberia.com\/en\/products\/radio-signals-and-data\/\"},{\"@type\":\"ListItem\",\"position\":4,\"name\":\"Equipamiento adicional\"}]},{\"@type\":\"WebSite\",\"@id\":\"https:\/\/www.satel-iberia.com\/#website\",\"url\":\"https:\/\/www.satel-iberia.com\/\",\"name\":\"Satel Iberia\",\"description\":\"Soluciones de monitorizaci\u00f3n y telecontrol a su medida\",\"potentialAction\":[{\"@type\":\"SearchAction\",\"target\":{\"@type\":\"EntryPoint\",\"urlTemplate\":\"https:\/\/www.satel-iberia.com\/?s={search_term_string}\"},\"query-input\":{\"@type\":\"PropertyValueSpecification\",\"valueRequired\":true,\"valueName\":\"search_term_string\"}}],\"inLanguage\":\"en-US\"}]}<\/script>\n<!-- \/ Yoast SEO plugin. -->","yoast_head_json":{"title":"Interfaces de Se\u00f1ales - Convertidores de se\u00f1ales - Satel Iberia","description":"Interfaces de Se\u00f1ales. M\u00f3dulos convertidores de se\u00f1ales anal\u00f3gicas y digitales.","robots":{"index":"noindex","follow":"follow"},"og_locale":"en_US","og_type":"article","og_title":"Interfaces de Se\u00f1ales - Convertidores de se\u00f1ales - Satel Iberia","og_description":"Interfaces de Se\u00f1ales. M\u00f3dulos convertidores de se\u00f1ales anal\u00f3gicas y digitales.","og_url":"https:\/\/www.satel-iberia.com\/en\/products\/radio-signals-and-data\/interfaces-de-senales\/","og_site_name":"Satel Iberia","article_modified_time":"2025-07-15T10:03:31+00:00","twitter_card":"summary_large_image","twitter_misc":{"Est. reading time":"1 minute"},"schema":{"@context":"https:\/\/schema.org","@graph":[{"@type":"WebPage","@id":"https:\/\/www.satel-iberia.com\/en\/products\/radio-signals-and-data\/interfaces-de-senales\/","url":"https:\/\/www.satel-iberia.com\/en\/products\/radio-signals-and-data\/interfaces-de-senales\/","name":"Interfaces de Se\u00f1ales - Convertidores de se\u00f1ales - Satel Iberia","isPartOf":{"@id":"https:\/\/www.satel-iberia.com\/#website"},"datePublished":"2018-03-16T12:28:43+00:00","dateModified":"2025-07-15T10:03:31+00:00","description":"Interfaces de Se\u00f1ales. M\u00f3dulos convertidores de se\u00f1ales anal\u00f3gicas y digitales.","breadcrumb":{"@id":"https:\/\/www.satel-iberia.com\/en\/products\/radio-signals-and-data\/interfaces-de-senales\/#breadcrumb"},"inLanguage":"en-US","potentialAction":[{"@type":"ReadAction","target":["https:\/\/www.satel-iberia.com\/en\/products\/radio-signals-and-data\/interfaces-de-senales\/"]}]},{"@type":"BreadcrumbList","@id":"https:\/\/www.satel-iberia.com\/en\/products\/radio-signals-and-data\/interfaces-de-senales\/#breadcrumb","itemListElement":[{"@type":"ListItem","position":1,"name":"Portada","item":"https:\/\/www.satel-iberia.com\/en\/"},{"@type":"ListItem","position":2,"name":"PRODUCTS","item":"https:\/\/www.satel-iberia.com\/en\/products\/"},{"@type":"ListItem","position":3,"name":"RADIO SIGNALS AND DATA","item":"https:\/\/www.satel-iberia.com\/en\/products\/radio-signals-and-data\/"},{"@type":"ListItem","position":4,"name":"Equipamiento adicional"}]},{"@type":"WebSite","@id":"https:\/\/www.satel-iberia.com\/#website","url":"https:\/\/www.satel-iberia.com\/","name":"Satel Iberia","description":"Soluciones de monitorizaci\u00f3n y telecontrol a su medida","potentialAction":[{"@type":"SearchAction","target":{"@type":"EntryPoint","urlTemplate":"https:\/\/www.satel-iberia.com\/?s={search_term_string}"},"query-input":{"@type":"PropertyValueSpecification","valueRequired":true,"valueName":"search_term_string"}}],"inLanguage":"en-US"}]}},"post_mailing_queue_ids":[],"_links":{"self":[{"href":"https:\/\/www.satel-iberia.com\/en\/wp-json\/wp\/v2\/pages\/2188","targetHints":{"allow":["GET"]}}],"collection":[{"href":"https:\/\/www.satel-iberia.com\/en\/wp-json\/wp\/v2\/pages"}],"about":[{"href":"https:\/\/www.satel-iberia.com\/en\/wp-json\/wp\/v2\/types\/page"}],"author":[{"embeddable":true,"href":"https:\/\/www.satel-iberia.com\/en\/wp-json\/wp\/v2\/users\/1"}],"replies":[{"embeddable":true,"href":"https:\/\/www.satel-iberia.com\/en\/wp-json\/wp\/v2\/comments?post=2188"}],"version-history":[{"count":4,"href":"https:\/\/www.satel-iberia.com\/en\/wp-json\/wp\/v2\/pages\/2188\/revisions"}],"predecessor-version":[{"id":12771,"href":"https:\/\/www.satel-iberia.com\/en\/wp-json\/wp\/v2\/pages\/2188\/revisions\/12771"}],"up":[{"embeddable":true,"href":"https:\/\/www.satel-iberia.com\/en\/wp-json\/wp\/v2\/pages\/2147"}],"wp:attachment":[{"href":"https:\/\/www.satel-iberia.com\/en\/wp-json\/wp\/v2\/media?parent=2188"}],"wp:term":[{"taxonomy":"category","embeddable":true,"href":"https:\/\/www.satel-iberia.com\/en\/wp-json\/wp\/v2\/categories?post=2188"},{"taxonomy":"post_tag","embeddable":true,"href":"https:\/\/www.satel-iberia.com\/en\/wp-json\/wp\/v2\/tags?post=2188"}],"curies":[{"name":"wp","href":"https:\/\/api.w.org\/{rel}","templated":true}]}}