{"id":2252,"date":"2018-04-03T12:05:13","date_gmt":"2018-04-03T12:05:13","guid":{"rendered":"http:\/\/www.satel-iberia.com\/satel2018\/productos\/monitorizacion-energetica\/dataloggers-concentradores-de-medida\/owa-31-i\/"},"modified":"2018-07-19T09:03:07","modified_gmt":"2018-07-19T09:03:07","slug":"owa-31-i","status":"publish","type":"page","link":"https:\/\/www.satel-iberia.com\/en\/products\/energy-monitoring-2\/datalogger-measurement-concentrators\/owa-31-i\/","title":{"rendered":"OWA 31 I"},"content":{"rendered":"<div class=\"wpb-content-wrapper\">[vc_row][vc_column width=&#8221;1\/2&#8243;][vc_column_text css=&#8221;.vc_custom_1531990864178{margin-bottom: 0px !important;}&#8221;]\n<div class=\"wpb_text_column wpb_content_element vc_custom_1483085463092\">\n<div class=\"wpb_wrapper\">\n<h3>Large number of configurable inputs and outputs<\/h3>\n<p>OWA31I dataloggers are used for applications that require a<strong>\u00a0large number of configurable inputs and outputs<\/strong>, such as real-time telemetry of energy meters, solar-plant monitoring and multipoint-signal telemetry.<\/p>\n<p>The device offers connectivity by RS232, RS485, Ethernet and GPRS, as well as up to 10 configurable digital input\/outputs and 4 analog inputs.<\/p>\n<\/div>\n<\/div>\n[\/vc_column_text][\/vc_column][vc_column width=&#8221;1\/2&#8243;][mk_gallery title=&#8221;IM\u00c1GENES DE PRODUCTO&#8221; images=&#8221;901&#8243; column=&#8221;1&#8243; image_size=&#8221;full&#8221; order=&#8221;DESC&#8221;][vc_accordions action_style=&#8221;toggle-action&#8221;][vc_accordion_tab icon=&#8221;mk-li-file&#8221; title=&#8221;TECHNICAL SPECS&#8221;][mk_table]\n<table class=\" alignleft\" style=\"font-size: 10px;\" width=\"100%\">\n<thead>\n<tr>\n<th><span style=\"font-weight: 400;\">TECHNICAL SPECS<\/span><\/th>\n<th><span style=\"font-weight: 400;\">VALUE<\/span><\/th>\n<th><\/th>\n<th><\/th>\n<\/tr>\n<\/thead>\n<tbody>\n<tr>\n<td class=\"rowheader\">Alimentaci\u00f3n<\/td>\n<td>7..48 Vdc<\/td>\n<td><\/td>\n<td><\/td>\n<\/tr>\n<tr>\n<td class=\"rowheader\">Conectividad<\/td>\n<td>Ethernet<\/td>\n<td>GSM-GPRS<\/td>\n<td>WiFi<\/td>\n<\/tr>\n<tr>\n<td class=\"rowheader\">Interfaz<\/td>\n<td>RS485<\/td>\n<td>(x3) RS232<\/td>\n<td><\/td>\n<\/tr>\n<tr>\n<td class=\"rowheader\">Entradas y Salidas<\/td>\n<td>(x10) entradas o salidas digitales configurables<\/td>\n<td>(x8) salidas de colector abierto<\/td>\n<td>(x4) entradas anal\u00f3gicas<\/td>\n<\/tr>\n<tr>\n<td class=\"rowheader\">Sistema operativo \/ procesadores<\/td>\n<td>Linux OS 2.6.32<\/td>\n<td colspan=\"2\">ARM9 at 400MHz clock speed.<\/td>\n<\/tr>\n<tr>\n<td class=\"rowheader\">Memoria RAM<\/td>\n<td>32Mb<\/td>\n<td><\/td>\n<td><\/td>\n<\/tr>\n<tr>\n<td class=\"rowheader\">eMMC interna<\/td>\n<td>32 Mb<\/td>\n<td><\/td>\n<td><\/td>\n<\/tr>\n<tr>\n<td class=\"rowheader\">Ampliaci\u00f3n de memoria (no incl.)<\/td>\n<td>micro-SD externa<\/td>\n<td colspan=\"2\"><\/td>\n<\/tr>\n<tr>\n<td class=\"rowheader\">Bater\u00eda<\/td>\n<td colspan=\"2\">Bater\u00eda interna para backup. (hasta 10 a\u00f1os de duraci\u00f3n).<\/td>\n<td>Bater\u00eda opcional Li-Ion 3.7V 1800mAh.<\/td>\n<\/tr>\n<tr>\n<td class=\"rowheader\">Reloj en Tiempo Real<\/td>\n<td colspan=\"3\">Real Time Clock<\/td>\n<\/tr>\n<tr>\n<td class=\"rowheader\">Montaje<\/td>\n<td colspan=\"3\">Carril DIN<\/td>\n<\/tr>\n<\/tbody>\n<\/table>\n[\/mk_table][\/vc_accordion_tab][vc_accordion_tab icon=&#8221;mk-moon-download-4&#8243; title=&#8221;DOWNLOADS&#8221;][mk_icon_box icon=&#8221;mk-moon-download-4&#8243; title=&#8221;DATA SHEET&#8221; text_size=&#8221;26&#8243; font_weight=&#8221;bold&#8221; read_more_url=&#8221;https:\/\/www.satel-iberia.com\/wp-content\/uploads\/2018\/04\/datasheet_owa31i-.pdf&#8221; icon_size=&#8221;large&#8221; icon_color=&#8221;#005c97&#8243; icon_circle_color=&#8221;&#8221; title_color=&#8221;#51b9e9&#8243; margin=&#8221;19&#8243;][\/mk_icon_box][mk_icon_box icon=&#8221;mk-moon-download-4&#8243; title=&#8221;BROCHURE&#8221; text_size=&#8221;26&#8243; font_weight=&#8221;bold&#8221; read_more_url=&#8221;https:\/\/www.satel-iberia.com\/wp-content\/uploads\/2018\/04\/manual_hardware_datalogger_owa31ieth_v1.01.pdf&#8221; icon_size=&#8221;large&#8221; icon_color=&#8221;#005c97&#8243; icon_circle_color=&#8221;&#8221; title_color=&#8221;#51b9e9&#8243; margin=&#8221;19&#8243;][\/mk_icon_box][\/vc_accordion_tab][\/vc_accordions][\/vc_column][\/vc_row]\n<\/div>","protected":false},"excerpt":{"rendered":"<p>[vc_row][vc_column width=&#8221;1\/2&#8243;][vc_column_text css=&#8221;.vc_custom_1531990864178{margin-bottom: 0px !important;}&#8221;] Large number of configurable inputs and outputs OWA31I dataloggers are used for applications that require a\u00a0large number of configurable inputs and outputs, such as real-time telemetry of energy meters, solar-plant monitoring and multipoint-signal telemetry. The device offers connectivity by RS232, RS485, Ethernet and GPRS, as well as up to 10 [&hellip;]<\/p>\n","protected":false},"author":1,"featured_media":901,"parent":2195,"menu_order":0,"comment_status":"closed","ping_status":"closed","template":"","meta":{"_joinchat":[],"footnotes":""},"categories":[59],"tags":[],"class_list":["post-2252","page","type-page","status-publish","has-post-thumbnail","hentry","category-datalogger-measurement-concentrators"],"yoast_head":"<!-- This site is optimized with the Yoast SEO plugin v24.6 - https:\/\/yoast.com\/wordpress\/plugins\/seo\/ -->\n<title>\u226b OWA 31 I - Satel Iberia<\/title>\n<meta name=\"description\" content=\"Large number of configurable inputs and outputs OWA31I dataloggers are used for applications that require a\u00a0large number of configurable inputs and\" \/>\n<meta name=\"robots\" content=\"noindex, follow\" \/>\n<meta property=\"og:locale\" content=\"en_US\" \/>\n<meta property=\"og:type\" content=\"article\" \/>\n<meta property=\"og:title\" content=\"\u226b OWA 31 I - Satel Iberia\" \/>\n<meta property=\"og:description\" content=\"Large number of configurable inputs and outputs OWA31I dataloggers are used for applications that require a\u00a0large number of configurable inputs and\" \/>\n<meta property=\"og:url\" content=\"https:\/\/www.satel-iberia.com\/en\/products\/energy-monitoring-2\/datalogger-measurement-concentrators\/owa-31-i\/\" \/>\n<meta property=\"og:site_name\" content=\"Satel Iberia\" \/>\n<meta property=\"article:modified_time\" content=\"2018-07-19T09:03:07+00:00\" \/>\n<meta property=\"og:image\" content=\"https:\/\/www.satel-iberia.com\/wp-content\/uploads\/2018\/04\/sennet-owa31ieth-300x300.jpg\" \/>\n\t<meta property=\"og:image:width\" content=\"300\" \/>\n\t<meta property=\"og:image:height\" content=\"300\" \/>\n\t<meta property=\"og:image:type\" content=\"image\/jpeg\" \/>\n<meta name=\"twitter:card\" content=\"summary_large_image\" \/>\n<meta name=\"twitter:label1\" content=\"Est. reading time\" \/>\n\t<meta name=\"twitter:data1\" content=\"2 minutes\" \/>\n<script type=\"application\/ld+json\" class=\"yoast-schema-graph\">{\"@context\":\"https:\/\/schema.org\",\"@graph\":[{\"@type\":\"WebPage\",\"@id\":\"https:\/\/www.satel-iberia.com\/en\/products\/energy-monitoring-2\/datalogger-measurement-concentrators\/owa-31-i\/\",\"url\":\"https:\/\/www.satel-iberia.com\/en\/products\/energy-monitoring-2\/datalogger-measurement-concentrators\/owa-31-i\/\",\"name\":\"\u226b OWA 31 I - Satel Iberia\",\"isPartOf\":{\"@id\":\"https:\/\/www.satel-iberia.com\/#website\"},\"primaryImageOfPage\":{\"@id\":\"https:\/\/www.satel-iberia.com\/en\/products\/energy-monitoring-2\/datalogger-measurement-concentrators\/owa-31-i\/#primaryimage\"},\"image\":{\"@id\":\"https:\/\/www.satel-iberia.com\/en\/products\/energy-monitoring-2\/datalogger-measurement-concentrators\/owa-31-i\/#primaryimage\"},\"thumbnailUrl\":\"https:\/\/www.satel-iberia.com\/wp-content\/uploads\/2018\/04\/sennet-owa31ieth-300x300.jpg\",\"datePublished\":\"2018-04-03T12:05:13+00:00\",\"dateModified\":\"2018-07-19T09:03:07+00:00\",\"description\":\"Large number of configurable inputs and outputs OWA31I dataloggers are used for applications that require a\u00a0large number of configurable inputs and\",\"breadcrumb\":{\"@id\":\"https:\/\/www.satel-iberia.com\/en\/products\/energy-monitoring-2\/datalogger-measurement-concentrators\/owa-31-i\/#breadcrumb\"},\"inLanguage\":\"en-US\",\"potentialAction\":[{\"@type\":\"ReadAction\",\"target\":[\"https:\/\/www.satel-iberia.com\/en\/products\/energy-monitoring-2\/datalogger-measurement-concentrators\/owa-31-i\/\"]}]},{\"@type\":\"ImageObject\",\"inLanguage\":\"en-US\",\"@id\":\"https:\/\/www.satel-iberia.com\/en\/products\/energy-monitoring-2\/datalogger-measurement-concentrators\/owa-31-i\/#primaryimage\",\"url\":\"https:\/\/www.satel-iberia.com\/wp-content\/uploads\/2018\/04\/sennet-owa31ieth-300x300.jpg\",\"contentUrl\":\"https:\/\/www.satel-iberia.com\/wp-content\/uploads\/2018\/04\/sennet-owa31ieth-300x300.jpg\",\"width\":300,\"height\":300},{\"@type\":\"BreadcrumbList\",\"@id\":\"https:\/\/www.satel-iberia.com\/en\/products\/energy-monitoring-2\/datalogger-measurement-concentrators\/owa-31-i\/#breadcrumb\",\"itemListElement\":[{\"@type\":\"ListItem\",\"position\":1,\"name\":\"Portada\",\"item\":\"https:\/\/www.satel-iberia.com\/en\/\"},{\"@type\":\"ListItem\",\"position\":2,\"name\":\"PRODUCTS\",\"item\":\"https:\/\/www.satel-iberia.com\/en\/products\/\"},{\"@type\":\"ListItem\",\"position\":3,\"name\":\"ENERGY MONITORING\",\"item\":\"https:\/\/www.satel-iberia.com\/en\/products\/energy-monitoring-2\/\"},{\"@type\":\"ListItem\",\"position\":4,\"name\":\"DATALOGGER \u2013 MEASUREMENT CONCENTRATORS\",\"item\":\"https:\/\/www.satel-iberia.com\/en\/products\/energy-monitoring-2\/datalogger-measurement-concentrators\/\"},{\"@type\":\"ListItem\",\"position\":5,\"name\":\"OWA 31 I\"}]},{\"@type\":\"WebSite\",\"@id\":\"https:\/\/www.satel-iberia.com\/#website\",\"url\":\"https:\/\/www.satel-iberia.com\/\",\"name\":\"Satel Iberia\",\"description\":\"Soluciones de monitorizaci\u00f3n y telecontrol a su medida\",\"potentialAction\":[{\"@type\":\"SearchAction\",\"target\":{\"@type\":\"EntryPoint\",\"urlTemplate\":\"https:\/\/www.satel-iberia.com\/?s={search_term_string}\"},\"query-input\":{\"@type\":\"PropertyValueSpecification\",\"valueRequired\":true,\"valueName\":\"search_term_string\"}}],\"inLanguage\":\"en-US\"}]}<\/script>\n<!-- \/ Yoast SEO plugin. -->","yoast_head_json":{"title":"\u226b OWA 31 I - Satel Iberia","description":"Large number of configurable inputs and outputs OWA31I dataloggers are used for applications that require a\u00a0large number of configurable inputs and","robots":{"index":"noindex","follow":"follow"},"og_locale":"en_US","og_type":"article","og_title":"\u226b OWA 31 I - Satel Iberia","og_description":"Large number of configurable inputs and outputs OWA31I dataloggers are used for applications that require a\u00a0large number of configurable inputs and","og_url":"https:\/\/www.satel-iberia.com\/en\/products\/energy-monitoring-2\/datalogger-measurement-concentrators\/owa-31-i\/","og_site_name":"Satel Iberia","article_modified_time":"2018-07-19T09:03:07+00:00","og_image":[{"width":300,"height":300,"url":"https:\/\/www.satel-iberia.com\/wp-content\/uploads\/2018\/04\/sennet-owa31ieth-300x300.jpg","type":"image\/jpeg"}],"twitter_card":"summary_large_image","twitter_misc":{"Est. reading time":"2 minutes"},"schema":{"@context":"https:\/\/schema.org","@graph":[{"@type":"WebPage","@id":"https:\/\/www.satel-iberia.com\/en\/products\/energy-monitoring-2\/datalogger-measurement-concentrators\/owa-31-i\/","url":"https:\/\/www.satel-iberia.com\/en\/products\/energy-monitoring-2\/datalogger-measurement-concentrators\/owa-31-i\/","name":"\u226b OWA 31 I - Satel Iberia","isPartOf":{"@id":"https:\/\/www.satel-iberia.com\/#website"},"primaryImageOfPage":{"@id":"https:\/\/www.satel-iberia.com\/en\/products\/energy-monitoring-2\/datalogger-measurement-concentrators\/owa-31-i\/#primaryimage"},"image":{"@id":"https:\/\/www.satel-iberia.com\/en\/products\/energy-monitoring-2\/datalogger-measurement-concentrators\/owa-31-i\/#primaryimage"},"thumbnailUrl":"https:\/\/www.satel-iberia.com\/wp-content\/uploads\/2018\/04\/sennet-owa31ieth-300x300.jpg","datePublished":"2018-04-03T12:05:13+00:00","dateModified":"2018-07-19T09:03:07+00:00","description":"Large number of configurable inputs and outputs OWA31I dataloggers are used for applications that require a\u00a0large number of configurable inputs and","breadcrumb":{"@id":"https:\/\/www.satel-iberia.com\/en\/products\/energy-monitoring-2\/datalogger-measurement-concentrators\/owa-31-i\/#breadcrumb"},"inLanguage":"en-US","potentialAction":[{"@type":"ReadAction","target":["https:\/\/www.satel-iberia.com\/en\/products\/energy-monitoring-2\/datalogger-measurement-concentrators\/owa-31-i\/"]}]},{"@type":"ImageObject","inLanguage":"en-US","@id":"https:\/\/www.satel-iberia.com\/en\/products\/energy-monitoring-2\/datalogger-measurement-concentrators\/owa-31-i\/#primaryimage","url":"https:\/\/www.satel-iberia.com\/wp-content\/uploads\/2018\/04\/sennet-owa31ieth-300x300.jpg","contentUrl":"https:\/\/www.satel-iberia.com\/wp-content\/uploads\/2018\/04\/sennet-owa31ieth-300x300.jpg","width":300,"height":300},{"@type":"BreadcrumbList","@id":"https:\/\/www.satel-iberia.com\/en\/products\/energy-monitoring-2\/datalogger-measurement-concentrators\/owa-31-i\/#breadcrumb","itemListElement":[{"@type":"ListItem","position":1,"name":"Portada","item":"https:\/\/www.satel-iberia.com\/en\/"},{"@type":"ListItem","position":2,"name":"PRODUCTS","item":"https:\/\/www.satel-iberia.com\/en\/products\/"},{"@type":"ListItem","position":3,"name":"ENERGY MONITORING","item":"https:\/\/www.satel-iberia.com\/en\/products\/energy-monitoring-2\/"},{"@type":"ListItem","position":4,"name":"DATALOGGER \u2013 MEASUREMENT CONCENTRATORS","item":"https:\/\/www.satel-iberia.com\/en\/products\/energy-monitoring-2\/datalogger-measurement-concentrators\/"},{"@type":"ListItem","position":5,"name":"OWA 31 I"}]},{"@type":"WebSite","@id":"https:\/\/www.satel-iberia.com\/#website","url":"https:\/\/www.satel-iberia.com\/","name":"Satel Iberia","description":"Soluciones de monitorizaci\u00f3n y telecontrol a su medida","potentialAction":[{"@type":"SearchAction","target":{"@type":"EntryPoint","urlTemplate":"https:\/\/www.satel-iberia.com\/?s={search_term_string}"},"query-input":{"@type":"PropertyValueSpecification","valueRequired":true,"valueName":"search_term_string"}}],"inLanguage":"en-US"}]}},"post_mailing_queue_ids":[],"_links":{"self":[{"href":"https:\/\/www.satel-iberia.com\/en\/wp-json\/wp\/v2\/pages\/2252","targetHints":{"allow":["GET"]}}],"collection":[{"href":"https:\/\/www.satel-iberia.com\/en\/wp-json\/wp\/v2\/pages"}],"about":[{"href":"https:\/\/www.satel-iberia.com\/en\/wp-json\/wp\/v2\/types\/page"}],"author":[{"embeddable":true,"href":"https:\/\/www.satel-iberia.com\/en\/wp-json\/wp\/v2\/users\/1"}],"replies":[{"embeddable":true,"href":"https:\/\/www.satel-iberia.com\/en\/wp-json\/wp\/v2\/comments?post=2252"}],"version-history":[{"count":2,"href":"https:\/\/www.satel-iberia.com\/en\/wp-json\/wp\/v2\/pages\/2252\/revisions"}],"predecessor-version":[{"id":4555,"href":"https:\/\/www.satel-iberia.com\/en\/wp-json\/wp\/v2\/pages\/2252\/revisions\/4555"}],"up":[{"embeddable":true,"href":"https:\/\/www.satel-iberia.com\/en\/wp-json\/wp\/v2\/pages\/2195"}],"wp:featuredmedia":[{"embeddable":true,"href":"https:\/\/www.satel-iberia.com\/en\/wp-json\/wp\/v2\/media\/901"}],"wp:attachment":[{"href":"https:\/\/www.satel-iberia.com\/en\/wp-json\/wp\/v2\/media?parent=2252"}],"wp:term":[{"taxonomy":"category","embeddable":true,"href":"https:\/\/www.satel-iberia.com\/en\/wp-json\/wp\/v2\/categories?post=2252"},{"taxonomy":"post_tag","embeddable":true,"href":"https:\/\/www.satel-iberia.com\/en\/wp-json\/wp\/v2\/tags?post=2252"}],"curies":[{"name":"wp","href":"https:\/\/api.w.org\/{rel}","templated":true}]}}