{"id":2253,"date":"2018-04-04T07:55:29","date_gmt":"2018-04-04T07:55:29","guid":{"rendered":"http:\/\/www.satel-iberia.com\/satel2018\/productos\/monitorizacion-energetica\/sondas-medioambientales\/sennet-co2-rf\/"},"modified":"2018-07-19T11:13:56","modified_gmt":"2018-07-19T11:13:56","slug":"sennet-co2-rf","status":"publish","type":"page","link":"https:\/\/www.satel-iberia.com\/en\/products\/energy-monitoring-2\/environmental-sounding-lines\/sennet-co2-rf\/","title":{"rendered":"SenNet CO2 \u2013 RF"},"content":{"rendered":"<div class=\"wpb-content-wrapper\">[vc_row][vc_column width=&#8221;1\/2&#8243;][vc_column_text css=&#8221;.vc_custom_1531998718929{margin-bottom: 0px !important;}&#8221;]\n<h3><strong>Carbon dioxide meter in ppm (parts per million)<\/strong><\/h3>\n<p>The sensor SenNet CO2 \u2013 RF meters the concentration of CO2 in the air in ppm (parts per million). It can also work as a router, transmitting the signals of other devices, hence increasing the coverage of the RF network.<\/p>\n<p>SenNet dataloggers can read the information of the SenNet CO2 devices using radio frequency.<\/p>\n<p>This device needs a power supply of 100-265VAC (included). The sensor is factory calibrated, no additional setting is needed.<\/p>\n<p>For radio communication an external SMA antenna is needed (the device is supplied with one).<\/p>\n<p>Para la comunicaci\u00f3n por radio frecuencia se requiere una antena SMA (incluida).[\/vc_column_text][\/vc_column][vc_column width=&#8221;1\/2&#8243;][mk_gallery title=&#8221;IM\u00c1GENES DE PRODUCTO&#8221; images=&#8221;2030&#8243; column=&#8221;1&#8243; image_size=&#8221;full&#8221; order=&#8221;DESC&#8221;][vc_accordions action_style=&#8221;toggle-action&#8221;][vc_accordion_tab icon=&#8221;mk-li-file&#8221; title=&#8221;TECHNICAL SPECS&#8221;][mk_table]\n<table class=\" alignleft\" width=\"100%\">\n<thead>\n<tr>\n<th><span style=\"font-weight: 400;\">Especificaci\u00f3n<\/span><\/th>\n<th><span style=\"font-weight: 400;\">Valor<\/span><\/th>\n<\/tr>\n<\/thead>\n<tbody>\n<tr>\n<td class=\"rowheader\">Alimentaci\u00f3n<\/td>\n<td>100 \u2013 265 Vac<\/td>\n<\/tr>\n<tr>\n<td class=\"rowheader\">Medida de CO2<\/td>\n<td>0 \u2013 10.000 ppm de CO2<\/td>\n<\/tr>\n<tr>\n<td class=\"rowheader\">Precisi\u00f3n<\/td>\n<td>\u00b130 ppm (precisi\u00f3n)<\/p>\n<p>\u00b120 ppm (repetitividad)<\/td>\n<\/tr>\n<tr>\n<td class=\"rowheader\">Antena externa (incluida)<\/td>\n<td>Conector SMA<\/td>\n<\/tr>\n<tr>\n<td class=\"rowheader\">Radio Frecuencia<\/td>\n<td>868 MHz por defecto (Europa)<\/p>\n<p>Disponibles tambi\u00e9n:<\/p>\n<p>915 MHz (para la mayor\u00eda de pa\u00edses de Am\u00e9rica)<\/p>\n<p>784 MHz (para pa\u00edses asi\u00e1ticos)<\/td>\n<\/tr>\n<tr>\n<td class=\"rowheader\">Rango de operaci\u00f3n<\/td>\n<td>-10\u00baC a 60\u00baC<\/td>\n<\/tr>\n<tr>\n<td class=\"rowheader\">Opera adem\u00e1s como repetidor<\/td>\n<td>Si<\/td>\n<\/tr>\n<tr>\n<td class=\"rowheader\">Montaje<\/td>\n<td>Panel \/ cinta doble \/ velcro \/ taladro<\/td>\n<\/tr>\n<\/tbody>\n<\/table>\n[\/mk_table][\/vc_accordion_tab][vc_accordion_tab icon=&#8221;mk-moon-download-4&#8243; title=&#8221;DOWNLOADS&#8221;][mk_icon_box icon=&#8221;mk-moon-download-4&#8243; title=&#8221;DATASHEET&#8221; text_size=&#8221;26&#8243; font_weight=&#8221;bold&#8221; read_more_url=&#8221;https:\/\/www.satel-iberia.com\/wp-content\/uploads\/2018\/07\/bx_sennet_thl-i-2016en-1.pdf&#8221; icon_size=&#8221;large&#8221; icon_color=&#8221;#005c97&#8243; icon_circle_color=&#8221;&#8221; title_color=&#8221;#51b9e9&#8243; margin=&#8221;19&#8243;][\/mk_icon_box][\/vc_accordion_tab][\/vc_accordions][\/vc_column][\/vc_row]\n<\/div>","protected":false},"excerpt":{"rendered":"<p>[vc_row][vc_column width=&#8221;1\/2&#8243;][vc_column_text css=&#8221;.vc_custom_1531998718929{margin-bottom: 0px !important;}&#8221;] Carbon dioxide meter in ppm (parts per million) The sensor SenNet CO2 \u2013 RF meters the concentration of CO2 in the air in ppm (parts per million). It can also work as a router, transmitting the signals of other devices, hence increasing the coverage of the RF network. SenNet dataloggers [&hellip;]<\/p>\n","protected":false},"author":1,"featured_media":2030,"parent":2191,"menu_order":0,"comment_status":"closed","ping_status":"closed","template":"","meta":{"_joinchat":[],"footnotes":""},"categories":[58],"tags":[],"class_list":["post-2253","page","type-page","status-publish","has-post-thumbnail","hentry","category-environmental-sounding-lines"],"yoast_head":"<!-- This site is optimized with the Yoast SEO plugin v24.6 - https:\/\/yoast.com\/wordpress\/plugins\/seo\/ -->\n<title>\u226b SenNet CO2 \u2013 RF - Satel Iberia<\/title>\n<meta name=\"description\" content=\"Carbon dioxide meter in ppm (parts per million) The sensor SenNet CO2 \u2013 RF meters the concentration of CO2 in the air in ppm (parts per million). It can\" \/>\n<meta name=\"robots\" content=\"index, follow, max-snippet:-1, max-image-preview:large, max-video-preview:-1\" \/>\n<link rel=\"canonical\" href=\"https:\/\/www.satel-iberia.com\/en\/products\/energy-monitoring-2\/environmental-sounding-lines\/sennet-co2-rf\/\" \/>\n<meta property=\"og:locale\" content=\"en_US\" \/>\n<meta property=\"og:type\" content=\"article\" \/>\n<meta property=\"og:title\" content=\"\u226b SenNet CO2 \u2013 RF - Satel Iberia\" \/>\n<meta property=\"og:description\" content=\"Carbon dioxide meter in ppm (parts per million) The sensor SenNet CO2 \u2013 RF meters the concentration of CO2 in the air in ppm (parts per million). It can\" \/>\n<meta property=\"og:url\" content=\"https:\/\/www.satel-iberia.com\/en\/products\/energy-monitoring-2\/environmental-sounding-lines\/sennet-co2-rf\/\" \/>\n<meta property=\"og:site_name\" content=\"Satel Iberia\" \/>\n<meta property=\"article:modified_time\" content=\"2018-07-19T11:13:56+00:00\" \/>\n<meta property=\"og:image\" content=\"https:\/\/www.satel-iberia.com\/wp-content\/uploads\/2018\/07\/sennet-co2-rf.png\" \/>\n\t<meta property=\"og:image:width\" content=\"800\" \/>\n\t<meta property=\"og:image:height\" content=\"800\" \/>\n\t<meta property=\"og:image:type\" content=\"image\/png\" \/>\n<meta name=\"twitter:card\" content=\"summary_large_image\" \/>\n<meta name=\"twitter:label1\" content=\"Est. reading time\" \/>\n\t<meta name=\"twitter:data1\" content=\"1 minute\" \/>\n<script type=\"application\/ld+json\" class=\"yoast-schema-graph\">{\"@context\":\"https:\/\/schema.org\",\"@graph\":[{\"@type\":\"WebPage\",\"@id\":\"https:\/\/www.satel-iberia.com\/en\/products\/energy-monitoring-2\/environmental-sounding-lines\/sennet-co2-rf\/\",\"url\":\"https:\/\/www.satel-iberia.com\/en\/products\/energy-monitoring-2\/environmental-sounding-lines\/sennet-co2-rf\/\",\"name\":\"\u226b SenNet CO2 \u2013 RF - Satel Iberia\",\"isPartOf\":{\"@id\":\"https:\/\/www.satel-iberia.com\/#website\"},\"primaryImageOfPage\":{\"@id\":\"https:\/\/www.satel-iberia.com\/en\/products\/energy-monitoring-2\/environmental-sounding-lines\/sennet-co2-rf\/#primaryimage\"},\"image\":{\"@id\":\"https:\/\/www.satel-iberia.com\/en\/products\/energy-monitoring-2\/environmental-sounding-lines\/sennet-co2-rf\/#primaryimage\"},\"thumbnailUrl\":\"https:\/\/www.satel-iberia.com\/wp-content\/uploads\/2018\/07\/sennet-co2-rf.png\",\"datePublished\":\"2018-04-04T07:55:29+00:00\",\"dateModified\":\"2018-07-19T11:13:56+00:00\",\"description\":\"Carbon dioxide meter in ppm (parts per million) The sensor SenNet CO2 \u2013 RF meters the concentration of CO2 in the air in ppm (parts per million). It can\",\"breadcrumb\":{\"@id\":\"https:\/\/www.satel-iberia.com\/en\/products\/energy-monitoring-2\/environmental-sounding-lines\/sennet-co2-rf\/#breadcrumb\"},\"inLanguage\":\"en-US\",\"potentialAction\":[{\"@type\":\"ReadAction\",\"target\":[\"https:\/\/www.satel-iberia.com\/en\/products\/energy-monitoring-2\/environmental-sounding-lines\/sennet-co2-rf\/\"]}]},{\"@type\":\"ImageObject\",\"inLanguage\":\"en-US\",\"@id\":\"https:\/\/www.satel-iberia.com\/en\/products\/energy-monitoring-2\/environmental-sounding-lines\/sennet-co2-rf\/#primaryimage\",\"url\":\"https:\/\/www.satel-iberia.com\/wp-content\/uploads\/2018\/07\/sennet-co2-rf.png\",\"contentUrl\":\"https:\/\/www.satel-iberia.com\/wp-content\/uploads\/2018\/07\/sennet-co2-rf.png\",\"width\":800,\"height\":800},{\"@type\":\"BreadcrumbList\",\"@id\":\"https:\/\/www.satel-iberia.com\/en\/products\/energy-monitoring-2\/environmental-sounding-lines\/sennet-co2-rf\/#breadcrumb\",\"itemListElement\":[{\"@type\":\"ListItem\",\"position\":1,\"name\":\"Portada\",\"item\":\"https:\/\/www.satel-iberia.com\/en\/\"},{\"@type\":\"ListItem\",\"position\":2,\"name\":\"PRODUCTS\",\"item\":\"https:\/\/www.satel-iberia.com\/en\/products\/\"},{\"@type\":\"ListItem\",\"position\":3,\"name\":\"ENERGY MONITORING\",\"item\":\"https:\/\/www.satel-iberia.com\/en\/products\/energy-monitoring-2\/\"},{\"@type\":\"ListItem\",\"position\":4,\"name\":\"ENVIRONMENTAL SOUNDING LINES\",\"item\":\"https:\/\/www.satel-iberia.com\/en\/products\/energy-monitoring-2\/environmental-sounding-lines\/\"},{\"@type\":\"ListItem\",\"position\":5,\"name\":\"SenNet CO2 \u2013 RF\"}]},{\"@type\":\"WebSite\",\"@id\":\"https:\/\/www.satel-iberia.com\/#website\",\"url\":\"https:\/\/www.satel-iberia.com\/\",\"name\":\"Satel Iberia\",\"description\":\"Soluciones de monitorizaci\u00f3n y telecontrol a su medida\",\"potentialAction\":[{\"@type\":\"SearchAction\",\"target\":{\"@type\":\"EntryPoint\",\"urlTemplate\":\"https:\/\/www.satel-iberia.com\/?s={search_term_string}\"},\"query-input\":{\"@type\":\"PropertyValueSpecification\",\"valueRequired\":true,\"valueName\":\"search_term_string\"}}],\"inLanguage\":\"en-US\"}]}<\/script>\n<!-- \/ Yoast SEO plugin. -->","yoast_head_json":{"title":"\u226b SenNet CO2 \u2013 RF - Satel Iberia","description":"Carbon dioxide meter in ppm (parts per million) The sensor SenNet CO2 \u2013 RF meters the concentration of CO2 in the air in ppm (parts per million). It can","robots":{"index":"index","follow":"follow","max-snippet":"max-snippet:-1","max-image-preview":"max-image-preview:large","max-video-preview":"max-video-preview:-1"},"canonical":"https:\/\/www.satel-iberia.com\/en\/products\/energy-monitoring-2\/environmental-sounding-lines\/sennet-co2-rf\/","og_locale":"en_US","og_type":"article","og_title":"\u226b SenNet CO2 \u2013 RF - Satel Iberia","og_description":"Carbon dioxide meter in ppm (parts per million) The sensor SenNet CO2 \u2013 RF meters the concentration of CO2 in the air in ppm (parts per million). It can","og_url":"https:\/\/www.satel-iberia.com\/en\/products\/energy-monitoring-2\/environmental-sounding-lines\/sennet-co2-rf\/","og_site_name":"Satel Iberia","article_modified_time":"2018-07-19T11:13:56+00:00","og_image":[{"width":800,"height":800,"url":"https:\/\/www.satel-iberia.com\/wp-content\/uploads\/2018\/07\/sennet-co2-rf.png","type":"image\/png"}],"twitter_card":"summary_large_image","twitter_misc":{"Est. reading time":"1 minute"},"schema":{"@context":"https:\/\/schema.org","@graph":[{"@type":"WebPage","@id":"https:\/\/www.satel-iberia.com\/en\/products\/energy-monitoring-2\/environmental-sounding-lines\/sennet-co2-rf\/","url":"https:\/\/www.satel-iberia.com\/en\/products\/energy-monitoring-2\/environmental-sounding-lines\/sennet-co2-rf\/","name":"\u226b SenNet CO2 \u2013 RF - Satel Iberia","isPartOf":{"@id":"https:\/\/www.satel-iberia.com\/#website"},"primaryImageOfPage":{"@id":"https:\/\/www.satel-iberia.com\/en\/products\/energy-monitoring-2\/environmental-sounding-lines\/sennet-co2-rf\/#primaryimage"},"image":{"@id":"https:\/\/www.satel-iberia.com\/en\/products\/energy-monitoring-2\/environmental-sounding-lines\/sennet-co2-rf\/#primaryimage"},"thumbnailUrl":"https:\/\/www.satel-iberia.com\/wp-content\/uploads\/2018\/07\/sennet-co2-rf.png","datePublished":"2018-04-04T07:55:29+00:00","dateModified":"2018-07-19T11:13:56+00:00","description":"Carbon dioxide meter in ppm (parts per million) The sensor SenNet CO2 \u2013 RF meters the concentration of CO2 in the air in ppm (parts per million). It can","breadcrumb":{"@id":"https:\/\/www.satel-iberia.com\/en\/products\/energy-monitoring-2\/environmental-sounding-lines\/sennet-co2-rf\/#breadcrumb"},"inLanguage":"en-US","potentialAction":[{"@type":"ReadAction","target":["https:\/\/www.satel-iberia.com\/en\/products\/energy-monitoring-2\/environmental-sounding-lines\/sennet-co2-rf\/"]}]},{"@type":"ImageObject","inLanguage":"en-US","@id":"https:\/\/www.satel-iberia.com\/en\/products\/energy-monitoring-2\/environmental-sounding-lines\/sennet-co2-rf\/#primaryimage","url":"https:\/\/www.satel-iberia.com\/wp-content\/uploads\/2018\/07\/sennet-co2-rf.png","contentUrl":"https:\/\/www.satel-iberia.com\/wp-content\/uploads\/2018\/07\/sennet-co2-rf.png","width":800,"height":800},{"@type":"BreadcrumbList","@id":"https:\/\/www.satel-iberia.com\/en\/products\/energy-monitoring-2\/environmental-sounding-lines\/sennet-co2-rf\/#breadcrumb","itemListElement":[{"@type":"ListItem","position":1,"name":"Portada","item":"https:\/\/www.satel-iberia.com\/en\/"},{"@type":"ListItem","position":2,"name":"PRODUCTS","item":"https:\/\/www.satel-iberia.com\/en\/products\/"},{"@type":"ListItem","position":3,"name":"ENERGY MONITORING","item":"https:\/\/www.satel-iberia.com\/en\/products\/energy-monitoring-2\/"},{"@type":"ListItem","position":4,"name":"ENVIRONMENTAL SOUNDING LINES","item":"https:\/\/www.satel-iberia.com\/en\/products\/energy-monitoring-2\/environmental-sounding-lines\/"},{"@type":"ListItem","position":5,"name":"SenNet CO2 \u2013 RF"}]},{"@type":"WebSite","@id":"https:\/\/www.satel-iberia.com\/#website","url":"https:\/\/www.satel-iberia.com\/","name":"Satel Iberia","description":"Soluciones de monitorizaci\u00f3n y telecontrol a su medida","potentialAction":[{"@type":"SearchAction","target":{"@type":"EntryPoint","urlTemplate":"https:\/\/www.satel-iberia.com\/?s={search_term_string}"},"query-input":{"@type":"PropertyValueSpecification","valueRequired":true,"valueName":"search_term_string"}}],"inLanguage":"en-US"}]}},"post_mailing_queue_ids":[],"_links":{"self":[{"href":"https:\/\/www.satel-iberia.com\/en\/wp-json\/wp\/v2\/pages\/2253","targetHints":{"allow":["GET"]}}],"collection":[{"href":"https:\/\/www.satel-iberia.com\/en\/wp-json\/wp\/v2\/pages"}],"about":[{"href":"https:\/\/www.satel-iberia.com\/en\/wp-json\/wp\/v2\/types\/page"}],"author":[{"embeddable":true,"href":"https:\/\/www.satel-iberia.com\/en\/wp-json\/wp\/v2\/users\/1"}],"replies":[{"embeddable":true,"href":"https:\/\/www.satel-iberia.com\/en\/wp-json\/wp\/v2\/comments?post=2253"}],"version-history":[{"count":2,"href":"https:\/\/www.satel-iberia.com\/en\/wp-json\/wp\/v2\/pages\/2253\/revisions"}],"predecessor-version":[{"id":4622,"href":"https:\/\/www.satel-iberia.com\/en\/wp-json\/wp\/v2\/pages\/2253\/revisions\/4622"}],"up":[{"embeddable":true,"href":"https:\/\/www.satel-iberia.com\/en\/wp-json\/wp\/v2\/pages\/2191"}],"wp:featuredmedia":[{"embeddable":true,"href":"https:\/\/www.satel-iberia.com\/en\/wp-json\/wp\/v2\/media\/2030"}],"wp:attachment":[{"href":"https:\/\/www.satel-iberia.com\/en\/wp-json\/wp\/v2\/media?parent=2253"}],"wp:term":[{"taxonomy":"category","embeddable":true,"href":"https:\/\/www.satel-iberia.com\/en\/wp-json\/wp\/v2\/categories?post=2253"},{"taxonomy":"post_tag","embeddable":true,"href":"https:\/\/www.satel-iberia.com\/en\/wp-json\/wp\/v2\/tags?post=2253"}],"curies":[{"name":"wp","href":"https:\/\/api.w.org\/{rel}","templated":true}]}}