{"id":2254,"date":"2018-04-04T08:16:17","date_gmt":"2018-04-04T08:16:17","guid":{"rendered":"http:\/\/www.satel-iberia.com\/satel2018\/productos\/monitorizacion-energetica\/agua-gas-termico\/sennet-pulse-counter-rf\/"},"modified":"2018-07-19T12:01:43","modified_gmt":"2018-07-19T12:01:43","slug":"sennet-pulse-counter-rf","status":"publish","type":"page","link":"https:\/\/www.satel-iberia.com\/en\/products\/energy-monitoring-2\/water-gas-and-thermal-measurement\/sennet-pulse-counter-rf\/","title":{"rendered":"SenNet Pulse Counter RF"},"content":{"rendered":"<div class=\"wpb-content-wrapper\">[vc_row][vc_column width=&#8221;1\/2&#8243;][vc_column_text css=&#8221;.vc_custom_1532001590718{margin-bottom: 0px !important;}&#8221;]\n<h3><strong>Pulse counter (x2) with radiofrequency<\/strong><\/h3>\n<p>The device SenNet Pulse Counter RF is used to meter consumption in facilities with old meters (non smart meters). It can be used for metering water, gas or electricity consumption. The device can be connected by radio to the datalogger and to other devices within the SenNet network.<\/p>\n<p>The installation of this device is non intrusive, and it can be done without needing a technician from the electricity company (or gas or water as appropriate), since the installation is not altered.<\/p>\n<p>The team has 2 low frequency pulse inputs, and can be powered either by battery or by an external power supply (12 \/ 24Vdc). It is supplied with an external SMA antenna.[\/vc_column_text][\/vc_column][vc_column width=&#8221;1\/2&#8243;][mk_gallery title=&#8221;IM\u00c1GENES DE PRODUCTO&#8221; images=&#8221;2033,2031&#8243; column=&#8221;2&#8243; image_size=&#8221;full&#8221; order=&#8221;DESC&#8221;][vc_accordions action_style=&#8221;toggle-action&#8221;][vc_accordion_tab icon=&#8221;mk-li-file&#8221; title=&#8221;TECHNICAL SPECS&#8221;][mk_table]\n<table class=\" alignleft\" width=\"100%\">\n<thead>\n<tr>\n<th><span style=\"font-weight: 400;\">Especificaci\u00f3n<\/span><\/th>\n<th><span style=\"font-weight: 400;\">Valor<\/span><\/th>\n<\/tr>\n<\/thead>\n<tbody>\n<tr>\n<td class=\"rowheader\">Alimentaci\u00f3n<\/td>\n<td>10..24 Vdc \/ bater\u00eda 3.6V<\/td>\n<\/tr>\n<tr>\n<td class=\"rowheader\">Durabilidad de la bater\u00eda<\/p>\n<p>Enviando valores ambientales (cada 5 min)<\/p>\n<p>Contabilizando pulsos (1 pulso \/ 10 s)<\/td>\n<td>Duraci\u00f3n<\/p>\n<p>3 a\u00f1os (aprox.)<\/p>\n<p>2 a\u00f1os (aprox.)<\/td>\n<\/tr>\n<tr>\n<td class=\"rowheader\">Antena externa (incluida)<\/td>\n<td>Conector SMA<\/td>\n<\/tr>\n<tr>\n<td class=\"rowheader\">Radio Frecuencia<\/td>\n<td>868 MHz por defecto (Europa)<\/p>\n<p>Disponibles tambi\u00e9n:<\/p>\n<p>915 MHz (para la mayor\u00eda de pa\u00edses de Am\u00e9rica)<\/p>\n<p>784 MHz (para pa\u00edses asi\u00e1ticos)<\/td>\n<\/tr>\n<tr>\n<td class=\"rowheader\">Rango de operaci\u00f3n<\/td>\n<td>-20\u00baC a 60\u00baC<\/td>\n<\/tr>\n<tr>\n<td class=\"rowheader\">Opera adem\u00e1s como repetidor<\/td>\n<td>No<\/td>\n<\/tr>\n<tr>\n<td class=\"rowheader\">Montaje<\/td>\n<td>Panel \/ cinta doble \/ velcro \/ taladro<\/td>\n<\/tr>\n<\/tbody>\n<\/table>\n[\/mk_table][\/vc_accordion_tab][vc_accordion_tab icon=&#8221;mk-moon-download-4&#8243; title=&#8221;DOWNLOADS&#8221;][mk_icon_box icon=&#8221;mk-moon-download-4&#8243; title=&#8221;DATASHEET&#8221; text_size=&#8221;26&#8243; font_weight=&#8221;bold&#8221; read_more_url=&#8221;https:\/\/www.satel-iberia.com\/wp-content\/uploads\/2018\/07\/bx_sennet_pulse-counter-rf_2016en.pdf&#8221; icon_size=&#8221;large&#8221; icon_color=&#8221;#005c97&#8243; icon_circle_color=&#8221;&#8221; title_color=&#8221;#51b9e9&#8243; margin=&#8221;19&#8243;][\/mk_icon_box][\/vc_accordion_tab][\/vc_accordions][\/vc_column][\/vc_row]\n<\/div>","protected":false},"excerpt":{"rendered":"<p>[vc_row][vc_column width=&#8221;1\/2&#8243;][vc_column_text css=&#8221;.vc_custom_1532001590718{margin-bottom: 0px !important;}&#8221;] Pulse counter (x2) with radiofrequency The device SenNet Pulse Counter RF is used to meter consumption in facilities with old meters (non smart meters). It can be used for metering water, gas or electricity consumption. The device can be connected by radio to the datalogger and to other devices within [&hellip;]<\/p>\n","protected":false},"author":1,"featured_media":2031,"parent":2192,"menu_order":1,"comment_status":"closed","ping_status":"closed","template":"","meta":{"_joinchat":[],"footnotes":""},"categories":[60],"tags":[],"class_list":["post-2254","page","type-page","status-publish","has-post-thumbnail","hentry","category-water-gas-and-thermal-measurement"],"yoast_head":"<!-- This site is optimized with the Yoast SEO plugin v24.6 - https:\/\/yoast.com\/wordpress\/plugins\/seo\/ -->\n<title>\u226b SenNet Pulse Counter RF - Satel Iberia<\/title>\n<meta name=\"description\" content=\"Pulse counter (x2) with radiofrequency The device SenNet Pulse Counter RF is used to meter consumption in facilities with old meters (non smart meters).\" \/>\n<meta name=\"robots\" content=\"noindex, follow\" \/>\n<meta property=\"og:locale\" content=\"en_US\" \/>\n<meta property=\"og:type\" content=\"article\" \/>\n<meta property=\"og:title\" content=\"\u226b SenNet Pulse Counter RF - Satel Iberia\" \/>\n<meta property=\"og:description\" content=\"Pulse counter (x2) with radiofrequency The device SenNet Pulse Counter RF is used to meter consumption in facilities with old meters (non smart meters).\" \/>\n<meta property=\"og:url\" content=\"https:\/\/www.satel-iberia.com\/en\/products\/energy-monitoring-2\/water-gas-and-thermal-measurement\/sennet-pulse-counter-rf\/\" \/>\n<meta property=\"og:site_name\" content=\"Satel Iberia\" \/>\n<meta property=\"article:modified_time\" content=\"2018-07-19T12:01:43+00:00\" \/>\n<meta property=\"og:image\" content=\"https:\/\/www.satel-iberia.com\/wp-content\/uploads\/2018\/07\/sennet-pulse-counter-rf-2.png\" \/>\n\t<meta property=\"og:image:width\" content=\"800\" \/>\n\t<meta property=\"og:image:height\" content=\"800\" \/>\n\t<meta property=\"og:image:type\" content=\"image\/png\" \/>\n<meta name=\"twitter:card\" content=\"summary_large_image\" \/>\n<meta name=\"twitter:label1\" content=\"Est. reading time\" \/>\n\t<meta name=\"twitter:data1\" content=\"2 minutes\" \/>\n<script type=\"application\/ld+json\" class=\"yoast-schema-graph\">{\"@context\":\"https:\/\/schema.org\",\"@graph\":[{\"@type\":\"WebPage\",\"@id\":\"https:\/\/www.satel-iberia.com\/en\/products\/energy-monitoring-2\/water-gas-and-thermal-measurement\/sennet-pulse-counter-rf\/\",\"url\":\"https:\/\/www.satel-iberia.com\/en\/products\/energy-monitoring-2\/water-gas-and-thermal-measurement\/sennet-pulse-counter-rf\/\",\"name\":\"\u226b SenNet Pulse Counter RF - Satel Iberia\",\"isPartOf\":{\"@id\":\"https:\/\/www.satel-iberia.com\/#website\"},\"primaryImageOfPage\":{\"@id\":\"https:\/\/www.satel-iberia.com\/en\/products\/energy-monitoring-2\/water-gas-and-thermal-measurement\/sennet-pulse-counter-rf\/#primaryimage\"},\"image\":{\"@id\":\"https:\/\/www.satel-iberia.com\/en\/products\/energy-monitoring-2\/water-gas-and-thermal-measurement\/sennet-pulse-counter-rf\/#primaryimage\"},\"thumbnailUrl\":\"https:\/\/www.satel-iberia.com\/wp-content\/uploads\/2018\/07\/sennet-pulse-counter-rf-2.png\",\"datePublished\":\"2018-04-04T08:16:17+00:00\",\"dateModified\":\"2018-07-19T12:01:43+00:00\",\"description\":\"Pulse counter (x2) with radiofrequency The device SenNet Pulse Counter RF is used to meter consumption in facilities with old meters (non smart meters).\",\"breadcrumb\":{\"@id\":\"https:\/\/www.satel-iberia.com\/en\/products\/energy-monitoring-2\/water-gas-and-thermal-measurement\/sennet-pulse-counter-rf\/#breadcrumb\"},\"inLanguage\":\"en-US\",\"potentialAction\":[{\"@type\":\"ReadAction\",\"target\":[\"https:\/\/www.satel-iberia.com\/en\/products\/energy-monitoring-2\/water-gas-and-thermal-measurement\/sennet-pulse-counter-rf\/\"]}]},{\"@type\":\"ImageObject\",\"inLanguage\":\"en-US\",\"@id\":\"https:\/\/www.satel-iberia.com\/en\/products\/energy-monitoring-2\/water-gas-and-thermal-measurement\/sennet-pulse-counter-rf\/#primaryimage\",\"url\":\"https:\/\/www.satel-iberia.com\/wp-content\/uploads\/2018\/07\/sennet-pulse-counter-rf-2.png\",\"contentUrl\":\"https:\/\/www.satel-iberia.com\/wp-content\/uploads\/2018\/07\/sennet-pulse-counter-rf-2.png\",\"width\":800,\"height\":800},{\"@type\":\"BreadcrumbList\",\"@id\":\"https:\/\/www.satel-iberia.com\/en\/products\/energy-monitoring-2\/water-gas-and-thermal-measurement\/sennet-pulse-counter-rf\/#breadcrumb\",\"itemListElement\":[{\"@type\":\"ListItem\",\"position\":1,\"name\":\"Portada\",\"item\":\"https:\/\/www.satel-iberia.com\/en\/\"},{\"@type\":\"ListItem\",\"position\":2,\"name\":\"PRODUCTS\",\"item\":\"https:\/\/www.satel-iberia.com\/en\/products\/\"},{\"@type\":\"ListItem\",\"position\":3,\"name\":\"ENERGY MONITORING\",\"item\":\"https:\/\/www.satel-iberia.com\/en\/products\/energy-monitoring-2\/\"},{\"@type\":\"ListItem\",\"position\":4,\"name\":\"WATER, GAS AND THERMAL MEASUREMENT\",\"item\":\"https:\/\/www.satel-iberia.com\/en\/products\/energy-monitoring-2\/water-gas-and-thermal-measurement\/\"},{\"@type\":\"ListItem\",\"position\":5,\"name\":\"SenNet Pulse Counter RF\"}]},{\"@type\":\"WebSite\",\"@id\":\"https:\/\/www.satel-iberia.com\/#website\",\"url\":\"https:\/\/www.satel-iberia.com\/\",\"name\":\"Satel Iberia\",\"description\":\"Soluciones de monitorizaci\u00f3n y telecontrol a su medida\",\"potentialAction\":[{\"@type\":\"SearchAction\",\"target\":{\"@type\":\"EntryPoint\",\"urlTemplate\":\"https:\/\/www.satel-iberia.com\/?s={search_term_string}\"},\"query-input\":{\"@type\":\"PropertyValueSpecification\",\"valueRequired\":true,\"valueName\":\"search_term_string\"}}],\"inLanguage\":\"en-US\"}]}<\/script>\n<!-- \/ Yoast SEO plugin. -->","yoast_head_json":{"title":"\u226b SenNet Pulse Counter RF - Satel Iberia","description":"Pulse counter (x2) with radiofrequency The device SenNet Pulse Counter RF is used to meter consumption in facilities with old meters (non smart meters).","robots":{"index":"noindex","follow":"follow"},"og_locale":"en_US","og_type":"article","og_title":"\u226b SenNet Pulse Counter RF - Satel Iberia","og_description":"Pulse counter (x2) with radiofrequency The device SenNet Pulse Counter RF is used to meter consumption in facilities with old meters (non smart meters).","og_url":"https:\/\/www.satel-iberia.com\/en\/products\/energy-monitoring-2\/water-gas-and-thermal-measurement\/sennet-pulse-counter-rf\/","og_site_name":"Satel Iberia","article_modified_time":"2018-07-19T12:01:43+00:00","og_image":[{"width":800,"height":800,"url":"https:\/\/www.satel-iberia.com\/wp-content\/uploads\/2018\/07\/sennet-pulse-counter-rf-2.png","type":"image\/png"}],"twitter_card":"summary_large_image","twitter_misc":{"Est. reading time":"2 minutes"},"schema":{"@context":"https:\/\/schema.org","@graph":[{"@type":"WebPage","@id":"https:\/\/www.satel-iberia.com\/en\/products\/energy-monitoring-2\/water-gas-and-thermal-measurement\/sennet-pulse-counter-rf\/","url":"https:\/\/www.satel-iberia.com\/en\/products\/energy-monitoring-2\/water-gas-and-thermal-measurement\/sennet-pulse-counter-rf\/","name":"\u226b SenNet Pulse Counter RF - Satel Iberia","isPartOf":{"@id":"https:\/\/www.satel-iberia.com\/#website"},"primaryImageOfPage":{"@id":"https:\/\/www.satel-iberia.com\/en\/products\/energy-monitoring-2\/water-gas-and-thermal-measurement\/sennet-pulse-counter-rf\/#primaryimage"},"image":{"@id":"https:\/\/www.satel-iberia.com\/en\/products\/energy-monitoring-2\/water-gas-and-thermal-measurement\/sennet-pulse-counter-rf\/#primaryimage"},"thumbnailUrl":"https:\/\/www.satel-iberia.com\/wp-content\/uploads\/2018\/07\/sennet-pulse-counter-rf-2.png","datePublished":"2018-04-04T08:16:17+00:00","dateModified":"2018-07-19T12:01:43+00:00","description":"Pulse counter (x2) with radiofrequency The device SenNet Pulse Counter RF is used to meter consumption in facilities with old meters (non smart meters).","breadcrumb":{"@id":"https:\/\/www.satel-iberia.com\/en\/products\/energy-monitoring-2\/water-gas-and-thermal-measurement\/sennet-pulse-counter-rf\/#breadcrumb"},"inLanguage":"en-US","potentialAction":[{"@type":"ReadAction","target":["https:\/\/www.satel-iberia.com\/en\/products\/energy-monitoring-2\/water-gas-and-thermal-measurement\/sennet-pulse-counter-rf\/"]}]},{"@type":"ImageObject","inLanguage":"en-US","@id":"https:\/\/www.satel-iberia.com\/en\/products\/energy-monitoring-2\/water-gas-and-thermal-measurement\/sennet-pulse-counter-rf\/#primaryimage","url":"https:\/\/www.satel-iberia.com\/wp-content\/uploads\/2018\/07\/sennet-pulse-counter-rf-2.png","contentUrl":"https:\/\/www.satel-iberia.com\/wp-content\/uploads\/2018\/07\/sennet-pulse-counter-rf-2.png","width":800,"height":800},{"@type":"BreadcrumbList","@id":"https:\/\/www.satel-iberia.com\/en\/products\/energy-monitoring-2\/water-gas-and-thermal-measurement\/sennet-pulse-counter-rf\/#breadcrumb","itemListElement":[{"@type":"ListItem","position":1,"name":"Portada","item":"https:\/\/www.satel-iberia.com\/en\/"},{"@type":"ListItem","position":2,"name":"PRODUCTS","item":"https:\/\/www.satel-iberia.com\/en\/products\/"},{"@type":"ListItem","position":3,"name":"ENERGY MONITORING","item":"https:\/\/www.satel-iberia.com\/en\/products\/energy-monitoring-2\/"},{"@type":"ListItem","position":4,"name":"WATER, GAS AND THERMAL MEASUREMENT","item":"https:\/\/www.satel-iberia.com\/en\/products\/energy-monitoring-2\/water-gas-and-thermal-measurement\/"},{"@type":"ListItem","position":5,"name":"SenNet Pulse Counter RF"}]},{"@type":"WebSite","@id":"https:\/\/www.satel-iberia.com\/#website","url":"https:\/\/www.satel-iberia.com\/","name":"Satel Iberia","description":"Soluciones de monitorizaci\u00f3n y telecontrol a su medida","potentialAction":[{"@type":"SearchAction","target":{"@type":"EntryPoint","urlTemplate":"https:\/\/www.satel-iberia.com\/?s={search_term_string}"},"query-input":{"@type":"PropertyValueSpecification","valueRequired":true,"valueName":"search_term_string"}}],"inLanguage":"en-US"}]}},"post_mailing_queue_ids":[],"_links":{"self":[{"href":"https:\/\/www.satel-iberia.com\/en\/wp-json\/wp\/v2\/pages\/2254","targetHints":{"allow":["GET"]}}],"collection":[{"href":"https:\/\/www.satel-iberia.com\/en\/wp-json\/wp\/v2\/pages"}],"about":[{"href":"https:\/\/www.satel-iberia.com\/en\/wp-json\/wp\/v2\/types\/page"}],"author":[{"embeddable":true,"href":"https:\/\/www.satel-iberia.com\/en\/wp-json\/wp\/v2\/users\/1"}],"replies":[{"embeddable":true,"href":"https:\/\/www.satel-iberia.com\/en\/wp-json\/wp\/v2\/comments?post=2254"}],"version-history":[{"count":2,"href":"https:\/\/www.satel-iberia.com\/en\/wp-json\/wp\/v2\/pages\/2254\/revisions"}],"predecessor-version":[{"id":4652,"href":"https:\/\/www.satel-iberia.com\/en\/wp-json\/wp\/v2\/pages\/2254\/revisions\/4652"}],"up":[{"embeddable":true,"href":"https:\/\/www.satel-iberia.com\/en\/wp-json\/wp\/v2\/pages\/2192"}],"wp:featuredmedia":[{"embeddable":true,"href":"https:\/\/www.satel-iberia.com\/en\/wp-json\/wp\/v2\/media\/2031"}],"wp:attachment":[{"href":"https:\/\/www.satel-iberia.com\/en\/wp-json\/wp\/v2\/media?parent=2254"}],"wp:term":[{"taxonomy":"category","embeddable":true,"href":"https:\/\/www.satel-iberia.com\/en\/wp-json\/wp\/v2\/categories?post=2254"},{"taxonomy":"post_tag","embeddable":true,"href":"https:\/\/www.satel-iberia.com\/en\/wp-json\/wp\/v2\/tags?post=2254"}],"curies":[{"name":"wp","href":"https:\/\/api.w.org\/{rel}","templated":true}]}}