{"id":2257,"date":"2018-04-04T11:33:11","date_gmt":"2018-04-04T11:33:11","guid":{"rendered":"http:\/\/www.satel-iberia.com\/satel2018\/productos\/monitorizacion-energetica\/agua-gas-termico\/conversores-mbus-rs485\/"},"modified":"2020-11-18T08:02:37","modified_gmt":"2020-11-18T08:02:37","slug":"conversores-mbus-rs485","status":"publish","type":"page","link":"https:\/\/www.satel-iberia.com\/en\/products\/energy-monitoring-2\/water-gas-and-thermal-measurement\/conversores-mbus-rs485\/","title":{"rendered":"CONVERSORES MBUS-RS485"},"content":{"rendered":"<div class=\"wpb-content-wrapper\">[vc_row][vc_column width=&#8221;1\/2&#8243;][vc_column_text css=&#8221;.vc_custom_1532072741819{margin-bottom: 0px !important;}&#8221;]\n<h3><strong>Conecte hasta 10 M-Bus est\u00e1ndar<\/strong><\/h3>\n<p>El mBus 10 es un convertidor transparente de M-Bus a la interfaz serie RS-232. El convertidor funciona como un M-Bus Master y le permite alimentar (conectar) hasta 10 receptores M-Bus est\u00e1ndar (los llamados M-Bus Slaves) a trav\u00e9s de M-Bus.<\/p>\n<p>Puede utilizar mBus con cualquier dispositivo equipado con interfaz M-Bus, por ejemplo, contadores de calor, contadores de electricidad, contadores de gas, m\u00f3dulos ejecutivos, registradores, instrumentos de medici\u00f3n.<\/p>\n<h4><strong>El convertidor dispone de LEDs que indican la transmisi\u00f3n de datos:<\/strong><\/h4>\n<ul>\n<li>Transmisi\u00f3n (TxD), recepci\u00f3n (RxD) y alimentaci\u00f3n (POWER).<\/li>\n<li>Las interfaces de conexi\u00f3n est\u00e1n formadas por bornas de conexi\u00f3n por tornillo<\/li>\n<\/ul>\n[\/vc_column_text][\/vc_column][vc_column width=&#8221;1\/2&#8243;][mk_gallery title=&#8221;IM\u00c1GENES DE PRODUCTO&#8221; images=&#8221;768&#8243; column=&#8221;1&#8243; image_size=&#8221;full&#8221; order=&#8221;DESC&#8221;][vc_column_text css=&#8221;.vc_custom_1534501831025{margin-bottom: 0px !important;}&#8221;]<a class=\"vc_gitem-link vc_general vc_btn3 vc_btn3-size-md vc_btn3-shape-square vc_btn3-style-flat vc_btn3-block vc_btn3-color-primary\" style=\"text-align: center; font-size: 1.2em; background-color: orange;\" href=\"\/contacto\/?producto=CONVERSORES MBUS-RS485\"> Solicitar ahora <b>CONVERSORES MBUS-RS485<\/b> <\/a><br><br>[\/vc_column_text][vc_accordions action_style=&#8221;toggle-action&#8221;][vc_accordion_tab icon=&#8221;mk-li-file&#8221; title=&#8221;ESPECIFICACIONES&#8221;][mk_table]\n<table class=\" alignleft\" width=\"100%\">\n<tbody>\n<tr>\n<td class=\"ppzag-c\" colspan=\"3\">Construction<\/td>\n<\/tr>\n<tr>\n<td colspan=\"2\">Construction<\/td>\n<td>RS-232\/MBus Converter<br \/>\n*Ethernet option<\/td>\n<\/tr>\n<tr>\n<td class=\"ppzag-c\" colspan=\"3\">Input Interface<\/td>\n<\/tr>\n<tr>\n<td rowspan=\"2\">Input<\/td>\n<td>Interface<\/td>\n<td>RS-232<br \/>\n*Ethernet option<\/td>\n<\/tr>\n<tr>\n<td>Connector<\/td>\n<td>Screw Terminal Block (3 pin)<\/td>\n<\/tr>\n<tr>\n<td class=\"ppzag-c\" colspan=\"3\">Output Interface<\/td>\n<\/tr>\n<tr>\n<td rowspan=\"4\">Output<\/td>\n<td>Interface<\/td>\n<td>MBus<\/td>\n<\/tr>\n<tr>\n<td>Port number<\/td>\n<td>1<\/td>\n<\/tr>\n<tr>\n<td>Maximum baudrate<\/td>\n<td>300 do 19200 baud\/sec<\/td>\n<\/tr>\n<tr>\n<td>Connector<\/td>\n<td>Screw Terminal Block (5 pin)<\/td>\n<\/tr>\n<tr>\n<td rowspan=\"2\">Output<br \/>\nConfiguration<\/td>\n<td>Interface<\/td>\n<td>MBus<\/td>\n<\/tr>\n<tr>\n<td>Maximum M-Bus slave number<\/td>\n<td>10<\/td>\n<\/tr>\n<tr>\n<td class=\"ppzag-c\" colspan=\"3\">I\/O Configuration<\/td>\n<\/tr>\n<tr>\n<td colspan=\"2\">Hardware Data Direction Control<\/td>\n<td>No<\/td>\n<\/tr>\n<tr>\n<td colspan=\"2\">Automatic Data Direction Control<\/td>\n<td>Yes<\/td>\n<\/tr>\n<tr>\n<td class=\"ppzag-c\" colspan=\"3\">Opto Isolation<\/td>\n<\/tr>\n<tr>\n<td colspan=\"2\">M-Bus &#8211; Power Supply<\/td>\n<td>No<\/td>\n<\/tr>\n<tr>\n<td colspan=\"2\">M-Bus &#8211; RS 232<\/td>\n<td>100V AC\/DC<\/td>\n<\/tr>\n<tr>\n<td colspan=\"2\">Power Supply &#8211; RS 232<\/td>\n<td>100V AC\/DC<\/td>\n<\/tr>\n<tr>\n<td class=\"ppzag-c\" colspan=\"3\">Surge Protection \/ Over Voltage Protection<\/td>\n<\/tr>\n<tr>\n<td colspan=\"2\">M-Bus Interface<\/td>\n<td>43V 600W\/1ms<\/td>\n<\/tr>\n<tr>\n<td class=\"ppzag-c\" colspan=\"3\">LED Indicators<\/td>\n<\/tr>\n<tr>\n<td colspan=\"2\">Data Transmission<\/td>\n<td>2xLED (Tx-Yellow, Rx-Green)<\/td>\n<\/tr>\n<tr>\n<td colspan=\"2\">Power Supply<\/td>\n<td>LED (Red)<\/td>\n<\/tr>\n<tr>\n<td class=\"ppzag-c\" colspan=\"3\">Power Supply Conditions<\/td>\n<\/tr>\n<tr>\n<td colspan=\"2\">Voltage<\/td>\n<td>(+12 &#8211; +25)Vdc<\/td>\n<\/tr>\n<tr>\n<td colspan=\"2\">Current<\/td>\n<td>0.25 A max<\/td>\n<\/tr>\n<tr>\n<td class=\"ppzag-c\" colspan=\"3\">Operating Conditions<\/td>\n<\/tr>\n<tr>\n<td colspan=\"2\">Temperature<\/td>\n<td>0&#8230;+60\u00b0C<\/td>\n<\/tr>\n<tr>\n<td class=\"ppzag-c\" colspan=\"3\">Dimensions and Waight<\/td>\n<\/tr>\n<tr>\n<td rowspan=\"3\">Dimensions<\/td>\n<td>Depth<\/td>\n<td>60 mm<\/td>\n<\/tr>\n<tr>\n<td>Width<\/td>\n<td>34 mm<\/td>\n<\/tr>\n<tr>\n<td>Height<\/td>\n<td>90 mm<\/td>\n<\/tr>\n<tr>\n<td colspan=\"2\" rowspan=\"3\">Weight<\/td>\n<td>0,1 kg<\/td>\n<\/tr>\n<\/tbody>\n<\/table>\n[\/mk_table][\/vc_accordion_tab][vc_accordion_tab icon=&#8221;mk-moon-download-4&#8243; title=&#8221;DESCARGAS&#8221;][mk_icon_box icon=&#8221;mk-moon-download-4&#8243; title=&#8221;FICHA T\u00c9CNICA&#8221; text_size=&#8221;26&#8243; font_weight=&#8221;bold&#8221; read_more_url=&#8221;https:\/\/www.satel-iberia.com\/wp-content\/uploads\/2018\/04\/mbus_wiring_eng.pdf&#8221; icon_size=&#8221;large&#8221; icon_color=&#8221;#005c97&#8243; icon_circle_color=&#8221;&#8221; title_color=&#8221;#51b9e9&#8243; margin=&#8221;19&#8243;][\/mk_icon_box][\/vc_accordion_tab][\/vc_accordions][\/vc_column][\/vc_row]\n<\/div>","protected":false},"excerpt":{"rendered":"<p>[vc_row][vc_column width=&#8221;1\/2&#8243;][vc_column_text css=&#8221;.vc_custom_1532072741819{margin-bottom: 0px !important;}&#8221;] Conecte hasta 10 M-Bus est\u00e1ndar El mBus 10 es un convertidor transparente de M-Bus a la interfaz serie RS-232. El convertidor funciona como un M-Bus Master y le permite alimentar (conectar) hasta 10 receptores M-Bus est\u00e1ndar (los llamados M-Bus Slaves) a trav\u00e9s de M-Bus. Puede utilizar mBus con cualquier dispositivo [&hellip;]<\/p>\n","protected":false},"author":1,"featured_media":0,"parent":2192,"menu_order":0,"comment_status":"closed","ping_status":"closed","template":"","meta":{"_joinchat":[],"footnotes":""},"categories":[60],"tags":[],"class_list":["post-2257","page","type-page","status-publish","hentry","category-water-gas-and-thermal-measurement"],"yoast_head":"<!-- This site is optimized with the Yoast SEO plugin v24.6 - https:\/\/yoast.com\/wordpress\/plugins\/seo\/ -->\n<title>\u226b CONVERSORES MBUS-RS485 - Satel Iberia<\/title>\n<meta name=\"description\" content=\"Conecte hasta 10 M-Bus est\u00e1ndar El mBus 10 es un convertidor transparente de M-Bus a la interfaz serie RS-232. El convertidor funciona como un M-Bus\" \/>\n<meta name=\"robots\" content=\"noindex, follow\" \/>\n<meta property=\"og:locale\" content=\"en_US\" \/>\n<meta property=\"og:type\" content=\"article\" \/>\n<meta property=\"og:title\" content=\"\u226b CONVERSORES MBUS-RS485 - Satel Iberia\" \/>\n<meta property=\"og:description\" content=\"Conecte hasta 10 M-Bus est\u00e1ndar El mBus 10 es un convertidor transparente de M-Bus a la interfaz serie RS-232. El convertidor funciona como un M-Bus\" \/>\n<meta property=\"og:url\" content=\"https:\/\/www.satel-iberia.com\/en\/products\/energy-monitoring-2\/water-gas-and-thermal-measurement\/conversores-mbus-rs485\/\" \/>\n<meta property=\"og:site_name\" content=\"Satel Iberia\" \/>\n<meta property=\"article:modified_time\" content=\"2020-11-18T08:02:37+00:00\" \/>\n<meta name=\"twitter:card\" content=\"summary_large_image\" \/>\n<meta name=\"twitter:label1\" content=\"Est. reading time\" \/>\n\t<meta name=\"twitter:data1\" content=\"2 minutes\" \/>\n<script type=\"application\/ld+json\" class=\"yoast-schema-graph\">{\"@context\":\"https:\/\/schema.org\",\"@graph\":[{\"@type\":\"WebPage\",\"@id\":\"https:\/\/www.satel-iberia.com\/en\/products\/energy-monitoring-2\/water-gas-and-thermal-measurement\/conversores-mbus-rs485\/\",\"url\":\"https:\/\/www.satel-iberia.com\/en\/products\/energy-monitoring-2\/water-gas-and-thermal-measurement\/conversores-mbus-rs485\/\",\"name\":\"\u226b CONVERSORES MBUS-RS485 - Satel Iberia\",\"isPartOf\":{\"@id\":\"https:\/\/www.satel-iberia.com\/#website\"},\"datePublished\":\"2018-04-04T11:33:11+00:00\",\"dateModified\":\"2020-11-18T08:02:37+00:00\",\"description\":\"Conecte hasta 10 M-Bus est\u00e1ndar El mBus 10 es un convertidor transparente de M-Bus a la interfaz serie RS-232. El convertidor funciona como un M-Bus\",\"breadcrumb\":{\"@id\":\"https:\/\/www.satel-iberia.com\/en\/products\/energy-monitoring-2\/water-gas-and-thermal-measurement\/conversores-mbus-rs485\/#breadcrumb\"},\"inLanguage\":\"en-US\",\"potentialAction\":[{\"@type\":\"ReadAction\",\"target\":[\"https:\/\/www.satel-iberia.com\/en\/products\/energy-monitoring-2\/water-gas-and-thermal-measurement\/conversores-mbus-rs485\/\"]}]},{\"@type\":\"BreadcrumbList\",\"@id\":\"https:\/\/www.satel-iberia.com\/en\/products\/energy-monitoring-2\/water-gas-and-thermal-measurement\/conversores-mbus-rs485\/#breadcrumb\",\"itemListElement\":[{\"@type\":\"ListItem\",\"position\":1,\"name\":\"Portada\",\"item\":\"https:\/\/www.satel-iberia.com\/en\/\"},{\"@type\":\"ListItem\",\"position\":2,\"name\":\"PRODUCTS\",\"item\":\"https:\/\/www.satel-iberia.com\/en\/products\/\"},{\"@type\":\"ListItem\",\"position\":3,\"name\":\"ENERGY MONITORING\",\"item\":\"https:\/\/www.satel-iberia.com\/en\/products\/energy-monitoring-2\/\"},{\"@type\":\"ListItem\",\"position\":4,\"name\":\"WATER, GAS AND THERMAL MEASUREMENT\",\"item\":\"https:\/\/www.satel-iberia.com\/en\/products\/energy-monitoring-2\/water-gas-and-thermal-measurement\/\"},{\"@type\":\"ListItem\",\"position\":5,\"name\":\"CONVERSORES MBUS-RS485\"}]},{\"@type\":\"WebSite\",\"@id\":\"https:\/\/www.satel-iberia.com\/#website\",\"url\":\"https:\/\/www.satel-iberia.com\/\",\"name\":\"Satel Iberia\",\"description\":\"Soluciones de monitorizaci\u00f3n y telecontrol a su medida\",\"potentialAction\":[{\"@type\":\"SearchAction\",\"target\":{\"@type\":\"EntryPoint\",\"urlTemplate\":\"https:\/\/www.satel-iberia.com\/?s={search_term_string}\"},\"query-input\":{\"@type\":\"PropertyValueSpecification\",\"valueRequired\":true,\"valueName\":\"search_term_string\"}}],\"inLanguage\":\"en-US\"}]}<\/script>\n<!-- \/ Yoast SEO plugin. -->","yoast_head_json":{"title":"\u226b CONVERSORES MBUS-RS485 - Satel Iberia","description":"Conecte hasta 10 M-Bus est\u00e1ndar El mBus 10 es un convertidor transparente de M-Bus a la interfaz serie RS-232. El convertidor funciona como un M-Bus","robots":{"index":"noindex","follow":"follow"},"og_locale":"en_US","og_type":"article","og_title":"\u226b CONVERSORES MBUS-RS485 - Satel Iberia","og_description":"Conecte hasta 10 M-Bus est\u00e1ndar El mBus 10 es un convertidor transparente de M-Bus a la interfaz serie RS-232. El convertidor funciona como un M-Bus","og_url":"https:\/\/www.satel-iberia.com\/en\/products\/energy-monitoring-2\/water-gas-and-thermal-measurement\/conversores-mbus-rs485\/","og_site_name":"Satel Iberia","article_modified_time":"2020-11-18T08:02:37+00:00","twitter_card":"summary_large_image","twitter_misc":{"Est. reading time":"2 minutes"},"schema":{"@context":"https:\/\/schema.org","@graph":[{"@type":"WebPage","@id":"https:\/\/www.satel-iberia.com\/en\/products\/energy-monitoring-2\/water-gas-and-thermal-measurement\/conversores-mbus-rs485\/","url":"https:\/\/www.satel-iberia.com\/en\/products\/energy-monitoring-2\/water-gas-and-thermal-measurement\/conversores-mbus-rs485\/","name":"\u226b CONVERSORES MBUS-RS485 - Satel Iberia","isPartOf":{"@id":"https:\/\/www.satel-iberia.com\/#website"},"datePublished":"2018-04-04T11:33:11+00:00","dateModified":"2020-11-18T08:02:37+00:00","description":"Conecte hasta 10 M-Bus est\u00e1ndar El mBus 10 es un convertidor transparente de M-Bus a la interfaz serie RS-232. El convertidor funciona como un M-Bus","breadcrumb":{"@id":"https:\/\/www.satel-iberia.com\/en\/products\/energy-monitoring-2\/water-gas-and-thermal-measurement\/conversores-mbus-rs485\/#breadcrumb"},"inLanguage":"en-US","potentialAction":[{"@type":"ReadAction","target":["https:\/\/www.satel-iberia.com\/en\/products\/energy-monitoring-2\/water-gas-and-thermal-measurement\/conversores-mbus-rs485\/"]}]},{"@type":"BreadcrumbList","@id":"https:\/\/www.satel-iberia.com\/en\/products\/energy-monitoring-2\/water-gas-and-thermal-measurement\/conversores-mbus-rs485\/#breadcrumb","itemListElement":[{"@type":"ListItem","position":1,"name":"Portada","item":"https:\/\/www.satel-iberia.com\/en\/"},{"@type":"ListItem","position":2,"name":"PRODUCTS","item":"https:\/\/www.satel-iberia.com\/en\/products\/"},{"@type":"ListItem","position":3,"name":"ENERGY MONITORING","item":"https:\/\/www.satel-iberia.com\/en\/products\/energy-monitoring-2\/"},{"@type":"ListItem","position":4,"name":"WATER, GAS AND THERMAL MEASUREMENT","item":"https:\/\/www.satel-iberia.com\/en\/products\/energy-monitoring-2\/water-gas-and-thermal-measurement\/"},{"@type":"ListItem","position":5,"name":"CONVERSORES MBUS-RS485"}]},{"@type":"WebSite","@id":"https:\/\/www.satel-iberia.com\/#website","url":"https:\/\/www.satel-iberia.com\/","name":"Satel Iberia","description":"Soluciones de monitorizaci\u00f3n y telecontrol a su medida","potentialAction":[{"@type":"SearchAction","target":{"@type":"EntryPoint","urlTemplate":"https:\/\/www.satel-iberia.com\/?s={search_term_string}"},"query-input":{"@type":"PropertyValueSpecification","valueRequired":true,"valueName":"search_term_string"}}],"inLanguage":"en-US"}]}},"post_mailing_queue_ids":[],"_links":{"self":[{"href":"https:\/\/www.satel-iberia.com\/en\/wp-json\/wp\/v2\/pages\/2257","targetHints":{"allow":["GET"]}}],"collection":[{"href":"https:\/\/www.satel-iberia.com\/en\/wp-json\/wp\/v2\/pages"}],"about":[{"href":"https:\/\/www.satel-iberia.com\/en\/wp-json\/wp\/v2\/types\/page"}],"author":[{"embeddable":true,"href":"https:\/\/www.satel-iberia.com\/en\/wp-json\/wp\/v2\/users\/1"}],"replies":[{"embeddable":true,"href":"https:\/\/www.satel-iberia.com\/en\/wp-json\/wp\/v2\/comments?post=2257"}],"version-history":[{"count":4,"href":"https:\/\/www.satel-iberia.com\/en\/wp-json\/wp\/v2\/pages\/2257\/revisions"}],"predecessor-version":[{"id":8421,"href":"https:\/\/www.satel-iberia.com\/en\/wp-json\/wp\/v2\/pages\/2257\/revisions\/8421"}],"up":[{"embeddable":true,"href":"https:\/\/www.satel-iberia.com\/en\/wp-json\/wp\/v2\/pages\/2192"}],"wp:attachment":[{"href":"https:\/\/www.satel-iberia.com\/en\/wp-json\/wp\/v2\/media?parent=2257"}],"wp:term":[{"taxonomy":"category","embeddable":true,"href":"https:\/\/www.satel-iberia.com\/en\/wp-json\/wp\/v2\/categories?post=2257"},{"taxonomy":"post_tag","embeddable":true,"href":"https:\/\/www.satel-iberia.com\/en\/wp-json\/wp\/v2\/tags?post=2257"}],"curies":[{"name":"wp","href":"https:\/\/api.w.org\/{rel}","templated":true}]}}