{"id":2259,"date":"2018-04-04T13:42:01","date_gmt":"2018-04-04T13:42:01","guid":{"rendered":"http:\/\/www.satel-iberia.com\/satel2018\/productos\/monitorizacion-energetica\/adaptadores-de-senal\/sennet-4input-4output-rf\/"},"modified":"2018-07-19T11:39:17","modified_gmt":"2018-07-19T11:39:17","slug":"sennet-4input-4output-rf","status":"publish","type":"page","link":"https:\/\/www.satel-iberia.com\/en\/products\/energy-monitoring-2\/signal-adapters\/sennet-4input-4output-rf\/","title":{"rendered":"SenNet 4Input \u2013 4Output \u2013 RF"},"content":{"rendered":"<div class=\"wpb-content-wrapper\">[vc_row][vc_column width=&#8221;1\/2&#8243;][vc_column_text css=&#8221;.vc_custom_1532000264646{margin-bottom: 0px !important;}&#8221;]\n<h3>Communication between equipment<\/h3>\n<p>The device SenNet 4 input 4 output \u2013 RS485 adds digital inputs and outputs to the dataloggers. There are two versions: RF, which connects to the datalogger using radio; and RS485 (for the latter, see\u00a0<a href=\"http:\/\/www.sennetmonitoring.com\/en\/accessories-and-antennas\/#4Input4Output-RS485\">4Input-4Output \u2013 RS485<\/a>),\u00a0which is connected to the datalogger through the port RS485.<\/p>\n<p>The device can also work as a repeater (router) of the radio signal, increasing the coverage of the SenNet radio network.<\/p>\n<p>In both cases the equipment includes:<\/p>\n<ul>\n<li>Power supply unit (24 Vdc)<\/li>\n<li>4 inputs and 4 outputs<\/li>\n<\/ul>\n<p>It is supplied with an external SMA antenna.[\/vc_column_text][\/vc_column][vc_column width=&#8221;1\/2&#8243;][mk_gallery title=&#8221;IM\u00c1GENES DE PRODUCTO&#8221; images=&#8221;2043&#8243; column=&#8221;1&#8243; image_size=&#8221;full&#8221; order=&#8221;DESC&#8221;][vc_accordions action_style=&#8221;toggle-action&#8221;][vc_accordion_tab icon=&#8221;mk-li-file&#8221; title=&#8221;TECHNICAL SPECS&#8221;][mk_table]\n<table class=\" alignleft\" width=\"100%\">\n<thead>\n<tr>\n<th><span style=\"font-weight: 400;\">Especificaci\u00f3n<\/span><\/th>\n<th><span style=\"font-weight: 400;\">Valor<\/span><\/th>\n<\/tr>\n<\/thead>\n<tbody>\n<tr>\n<td class=\"rowheader\">Alimentaci\u00f3n<\/td>\n<td>24 Vdc<\/td>\n<\/tr>\n<tr>\n<td class=\"rowheader\">Entradas (I1, I2, I3, I4)<\/p>\n<p>Nivel l\u00f3gico bajo<\/p>\n<p>Nivel l\u00f3gico alto<\/td>\n<td>Valores:<\/p>\n<p>0\u20260.7 Vdc<\/p>\n<p>10\u202624 Vdc<\/td>\n<\/tr>\n<tr>\n<td class=\"rowheader\">Salidas (K1, K2, K3, K4)<\/p>\n<p>Potencia maxima<\/p>\n<p>Tensi\u00f3n m\u00e1xima<\/p>\n<p>Intensidad m\u00e1xima<\/td>\n<td>Valores:<\/p>\n<p>1500 VA \/ 180 W<\/p>\n<p>250 VA \/ 30 Vdc<\/p>\n<p>6 A (AC1 250V; DC1\/30V)<\/td>\n<\/tr>\n<tr>\n<td class=\"rowheader\">Antena externa (incluida)<\/td>\n<td>Conector SMA<\/td>\n<\/tr>\n<tr>\n<td class=\"rowheader\">Radio Frecuencia<\/td>\n<td>868 MHz por defecto (Europa)<\/p>\n<p>Disponibles tambi\u00e9n:<\/p>\n<p>915 MHz (para la mayor\u00eda de pa\u00edses de Am\u00e9rica)<\/p>\n<p>784 MHz (para pa\u00edses asi\u00e1ticos)<\/td>\n<\/tr>\n<tr>\n<td class=\"rowheader\">Rango de operaci\u00f3n<\/td>\n<td>-20\u00baC a 60\u00baC<\/td>\n<\/tr>\n<tr>\n<td class=\"rowheader\">Opera adem\u00e1s como repetidor<\/td>\n<td>Si<\/td>\n<\/tr>\n<tr>\n<td class=\"rowheader\">Montaje<\/td>\n<td>Carril DIN<\/td>\n<\/tr>\n<\/tbody>\n<\/table>\n[\/mk_table][\/vc_accordion_tab][vc_accordion_tab icon=&#8221;mk-moon-download-4&#8243; title=&#8221;DOWNLOADS&#8221;][mk_icon_box icon=&#8221;mk-moon-download-4&#8243; title=&#8221;DATASHEET&#8221; text_size=&#8221;26&#8243; font_weight=&#8221;bold&#8221; read_more_url=&#8221;https:\/\/www.satel-iberia.com\/wp-content\/uploads\/2018\/07\/bx_sennet_4input-4output-rf_2016-1.pdf&#8221; icon_size=&#8221;large&#8221; icon_color=&#8221;#005c97&#8243; icon_circle_color=&#8221;&#8221; title_color=&#8221;#51b9e9&#8243; margin=&#8221;19&#8243;][\/mk_icon_box][\/vc_accordion_tab][\/vc_accordions][\/vc_column][\/vc_row]\n<\/div>","protected":false},"excerpt":{"rendered":"<p>[vc_row][vc_column width=&#8221;1\/2&#8243;][vc_column_text css=&#8221;.vc_custom_1532000264646{margin-bottom: 0px !important;}&#8221;] Communication between equipment The device SenNet 4 input 4 output \u2013 RS485 adds digital inputs and outputs to the dataloggers. There are two versions: RF, which connects to the datalogger using radio; and RS485 (for the latter, see\u00a04Input-4Output \u2013 RS485),\u00a0which is connected to the datalogger through the port RS485. The [&hellip;]<\/p>\n","protected":false},"author":1,"featured_media":2043,"parent":2193,"menu_order":0,"comment_status":"closed","ping_status":"closed","template":"","meta":{"_joinchat":[],"footnotes":""},"categories":[61],"tags":[],"class_list":["post-2259","page","type-page","status-publish","has-post-thumbnail","hentry","category-signal-adapters"],"yoast_head":"<!-- This site is optimized with the Yoast SEO plugin v24.6 - https:\/\/yoast.com\/wordpress\/plugins\/seo\/ -->\n<title>\u226b SenNet 4Input \u2013 4Output \u2013 RF - Satel Iberia<\/title>\n<meta name=\"description\" content=\"Communication between equipment The device SenNet 4 input 4 output \u2013 RS485 adds digital inputs and outputs to the dataloggers. There are two versions: RF,\" \/>\n<meta name=\"robots\" content=\"noindex, follow\" \/>\n<meta property=\"og:locale\" content=\"en_US\" \/>\n<meta property=\"og:type\" content=\"article\" \/>\n<meta property=\"og:title\" content=\"\u226b SenNet 4Input \u2013 4Output \u2013 RF - Satel Iberia\" \/>\n<meta property=\"og:description\" content=\"Communication between equipment The device SenNet 4 input 4 output \u2013 RS485 adds digital inputs and outputs to the dataloggers. There are two versions: RF,\" \/>\n<meta property=\"og:url\" content=\"https:\/\/www.satel-iberia.com\/en\/products\/energy-monitoring-2\/signal-adapters\/sennet-4input-4output-rf\/\" \/>\n<meta property=\"og:site_name\" content=\"Satel Iberia\" \/>\n<meta property=\"article:modified_time\" content=\"2018-07-19T11:39:17+00:00\" \/>\n<meta property=\"og:image\" content=\"https:\/\/www.satel-iberia.com\/wp-content\/uploads\/2018\/07\/sennet-4input-4output-rf.png\" \/>\n\t<meta property=\"og:image:width\" content=\"800\" \/>\n\t<meta property=\"og:image:height\" content=\"800\" \/>\n\t<meta property=\"og:image:type\" content=\"image\/png\" \/>\n<meta name=\"twitter:card\" content=\"summary_large_image\" \/>\n<meta name=\"twitter:label1\" content=\"Est. reading time\" \/>\n\t<meta name=\"twitter:data1\" content=\"2 minutes\" \/>\n<script type=\"application\/ld+json\" class=\"yoast-schema-graph\">{\"@context\":\"https:\/\/schema.org\",\"@graph\":[{\"@type\":\"WebPage\",\"@id\":\"https:\/\/www.satel-iberia.com\/en\/products\/energy-monitoring-2\/signal-adapters\/sennet-4input-4output-rf\/\",\"url\":\"https:\/\/www.satel-iberia.com\/en\/products\/energy-monitoring-2\/signal-adapters\/sennet-4input-4output-rf\/\",\"name\":\"\u226b SenNet 4Input \u2013 4Output \u2013 RF - Satel Iberia\",\"isPartOf\":{\"@id\":\"https:\/\/www.satel-iberia.com\/#website\"},\"primaryImageOfPage\":{\"@id\":\"https:\/\/www.satel-iberia.com\/en\/products\/energy-monitoring-2\/signal-adapters\/sennet-4input-4output-rf\/#primaryimage\"},\"image\":{\"@id\":\"https:\/\/www.satel-iberia.com\/en\/products\/energy-monitoring-2\/signal-adapters\/sennet-4input-4output-rf\/#primaryimage\"},\"thumbnailUrl\":\"https:\/\/www.satel-iberia.com\/wp-content\/uploads\/2018\/07\/sennet-4input-4output-rf.png\",\"datePublished\":\"2018-04-04T13:42:01+00:00\",\"dateModified\":\"2018-07-19T11:39:17+00:00\",\"description\":\"Communication between equipment The device SenNet 4 input 4 output \u2013 RS485 adds digital inputs and outputs to the dataloggers. There are two versions: RF,\",\"breadcrumb\":{\"@id\":\"https:\/\/www.satel-iberia.com\/en\/products\/energy-monitoring-2\/signal-adapters\/sennet-4input-4output-rf\/#breadcrumb\"},\"inLanguage\":\"en-US\",\"potentialAction\":[{\"@type\":\"ReadAction\",\"target\":[\"https:\/\/www.satel-iberia.com\/en\/products\/energy-monitoring-2\/signal-adapters\/sennet-4input-4output-rf\/\"]}]},{\"@type\":\"ImageObject\",\"inLanguage\":\"en-US\",\"@id\":\"https:\/\/www.satel-iberia.com\/en\/products\/energy-monitoring-2\/signal-adapters\/sennet-4input-4output-rf\/#primaryimage\",\"url\":\"https:\/\/www.satel-iberia.com\/wp-content\/uploads\/2018\/07\/sennet-4input-4output-rf.png\",\"contentUrl\":\"https:\/\/www.satel-iberia.com\/wp-content\/uploads\/2018\/07\/sennet-4input-4output-rf.png\",\"width\":800,\"height\":800},{\"@type\":\"BreadcrumbList\",\"@id\":\"https:\/\/www.satel-iberia.com\/en\/products\/energy-monitoring-2\/signal-adapters\/sennet-4input-4output-rf\/#breadcrumb\",\"itemListElement\":[{\"@type\":\"ListItem\",\"position\":1,\"name\":\"Portada\",\"item\":\"https:\/\/www.satel-iberia.com\/en\/\"},{\"@type\":\"ListItem\",\"position\":2,\"name\":\"PRODUCTS\",\"item\":\"https:\/\/www.satel-iberia.com\/en\/products\/\"},{\"@type\":\"ListItem\",\"position\":3,\"name\":\"ENERGY MONITORING\",\"item\":\"https:\/\/www.satel-iberia.com\/en\/products\/energy-monitoring-2\/\"},{\"@type\":\"ListItem\",\"position\":4,\"name\":\"Signal Adapters\",\"item\":\"https:\/\/www.satel-iberia.com\/en\/products\/energy-monitoring-2\/signal-adapters\/\"},{\"@type\":\"ListItem\",\"position\":5,\"name\":\"SenNet 4Input \u2013 4Output \u2013 RF\"}]},{\"@type\":\"WebSite\",\"@id\":\"https:\/\/www.satel-iberia.com\/#website\",\"url\":\"https:\/\/www.satel-iberia.com\/\",\"name\":\"Satel Iberia\",\"description\":\"Soluciones de monitorizaci\u00f3n y telecontrol a su medida\",\"potentialAction\":[{\"@type\":\"SearchAction\",\"target\":{\"@type\":\"EntryPoint\",\"urlTemplate\":\"https:\/\/www.satel-iberia.com\/?s={search_term_string}\"},\"query-input\":{\"@type\":\"PropertyValueSpecification\",\"valueRequired\":true,\"valueName\":\"search_term_string\"}}],\"inLanguage\":\"en-US\"}]}<\/script>\n<!-- \/ Yoast SEO plugin. -->","yoast_head_json":{"title":"\u226b SenNet 4Input \u2013 4Output \u2013 RF - Satel Iberia","description":"Communication between equipment The device SenNet 4 input 4 output \u2013 RS485 adds digital inputs and outputs to the dataloggers. There are two versions: RF,","robots":{"index":"noindex","follow":"follow"},"og_locale":"en_US","og_type":"article","og_title":"\u226b SenNet 4Input \u2013 4Output \u2013 RF - Satel Iberia","og_description":"Communication between equipment The device SenNet 4 input 4 output \u2013 RS485 adds digital inputs and outputs to the dataloggers. There are two versions: RF,","og_url":"https:\/\/www.satel-iberia.com\/en\/products\/energy-monitoring-2\/signal-adapters\/sennet-4input-4output-rf\/","og_site_name":"Satel Iberia","article_modified_time":"2018-07-19T11:39:17+00:00","og_image":[{"width":800,"height":800,"url":"https:\/\/www.satel-iberia.com\/wp-content\/uploads\/2018\/07\/sennet-4input-4output-rf.png","type":"image\/png"}],"twitter_card":"summary_large_image","twitter_misc":{"Est. reading time":"2 minutes"},"schema":{"@context":"https:\/\/schema.org","@graph":[{"@type":"WebPage","@id":"https:\/\/www.satel-iberia.com\/en\/products\/energy-monitoring-2\/signal-adapters\/sennet-4input-4output-rf\/","url":"https:\/\/www.satel-iberia.com\/en\/products\/energy-monitoring-2\/signal-adapters\/sennet-4input-4output-rf\/","name":"\u226b SenNet 4Input \u2013 4Output \u2013 RF - Satel Iberia","isPartOf":{"@id":"https:\/\/www.satel-iberia.com\/#website"},"primaryImageOfPage":{"@id":"https:\/\/www.satel-iberia.com\/en\/products\/energy-monitoring-2\/signal-adapters\/sennet-4input-4output-rf\/#primaryimage"},"image":{"@id":"https:\/\/www.satel-iberia.com\/en\/products\/energy-monitoring-2\/signal-adapters\/sennet-4input-4output-rf\/#primaryimage"},"thumbnailUrl":"https:\/\/www.satel-iberia.com\/wp-content\/uploads\/2018\/07\/sennet-4input-4output-rf.png","datePublished":"2018-04-04T13:42:01+00:00","dateModified":"2018-07-19T11:39:17+00:00","description":"Communication between equipment The device SenNet 4 input 4 output \u2013 RS485 adds digital inputs and outputs to the dataloggers. There are two versions: RF,","breadcrumb":{"@id":"https:\/\/www.satel-iberia.com\/en\/products\/energy-monitoring-2\/signal-adapters\/sennet-4input-4output-rf\/#breadcrumb"},"inLanguage":"en-US","potentialAction":[{"@type":"ReadAction","target":["https:\/\/www.satel-iberia.com\/en\/products\/energy-monitoring-2\/signal-adapters\/sennet-4input-4output-rf\/"]}]},{"@type":"ImageObject","inLanguage":"en-US","@id":"https:\/\/www.satel-iberia.com\/en\/products\/energy-monitoring-2\/signal-adapters\/sennet-4input-4output-rf\/#primaryimage","url":"https:\/\/www.satel-iberia.com\/wp-content\/uploads\/2018\/07\/sennet-4input-4output-rf.png","contentUrl":"https:\/\/www.satel-iberia.com\/wp-content\/uploads\/2018\/07\/sennet-4input-4output-rf.png","width":800,"height":800},{"@type":"BreadcrumbList","@id":"https:\/\/www.satel-iberia.com\/en\/products\/energy-monitoring-2\/signal-adapters\/sennet-4input-4output-rf\/#breadcrumb","itemListElement":[{"@type":"ListItem","position":1,"name":"Portada","item":"https:\/\/www.satel-iberia.com\/en\/"},{"@type":"ListItem","position":2,"name":"PRODUCTS","item":"https:\/\/www.satel-iberia.com\/en\/products\/"},{"@type":"ListItem","position":3,"name":"ENERGY MONITORING","item":"https:\/\/www.satel-iberia.com\/en\/products\/energy-monitoring-2\/"},{"@type":"ListItem","position":4,"name":"Signal Adapters","item":"https:\/\/www.satel-iberia.com\/en\/products\/energy-monitoring-2\/signal-adapters\/"},{"@type":"ListItem","position":5,"name":"SenNet 4Input \u2013 4Output \u2013 RF"}]},{"@type":"WebSite","@id":"https:\/\/www.satel-iberia.com\/#website","url":"https:\/\/www.satel-iberia.com\/","name":"Satel Iberia","description":"Soluciones de monitorizaci\u00f3n y telecontrol a su medida","potentialAction":[{"@type":"SearchAction","target":{"@type":"EntryPoint","urlTemplate":"https:\/\/www.satel-iberia.com\/?s={search_term_string}"},"query-input":{"@type":"PropertyValueSpecification","valueRequired":true,"valueName":"search_term_string"}}],"inLanguage":"en-US"}]}},"post_mailing_queue_ids":[],"_links":{"self":[{"href":"https:\/\/www.satel-iberia.com\/en\/wp-json\/wp\/v2\/pages\/2259","targetHints":{"allow":["GET"]}}],"collection":[{"href":"https:\/\/www.satel-iberia.com\/en\/wp-json\/wp\/v2\/pages"}],"about":[{"href":"https:\/\/www.satel-iberia.com\/en\/wp-json\/wp\/v2\/types\/page"}],"author":[{"embeddable":true,"href":"https:\/\/www.satel-iberia.com\/en\/wp-json\/wp\/v2\/users\/1"}],"replies":[{"embeddable":true,"href":"https:\/\/www.satel-iberia.com\/en\/wp-json\/wp\/v2\/comments?post=2259"}],"version-history":[{"count":2,"href":"https:\/\/www.satel-iberia.com\/en\/wp-json\/wp\/v2\/pages\/2259\/revisions"}],"predecessor-version":[{"id":4642,"href":"https:\/\/www.satel-iberia.com\/en\/wp-json\/wp\/v2\/pages\/2259\/revisions\/4642"}],"up":[{"embeddable":true,"href":"https:\/\/www.satel-iberia.com\/en\/wp-json\/wp\/v2\/pages\/2193"}],"wp:featuredmedia":[{"embeddable":true,"href":"https:\/\/www.satel-iberia.com\/en\/wp-json\/wp\/v2\/media\/2043"}],"wp:attachment":[{"href":"https:\/\/www.satel-iberia.com\/en\/wp-json\/wp\/v2\/media?parent=2259"}],"wp:term":[{"taxonomy":"category","embeddable":true,"href":"https:\/\/www.satel-iberia.com\/en\/wp-json\/wp\/v2\/categories?post=2259"},{"taxonomy":"post_tag","embeddable":true,"href":"https:\/\/www.satel-iberia.com\/en\/wp-json\/wp\/v2\/tags?post=2259"}],"curies":[{"name":"wp","href":"https:\/\/api.w.org\/{rel}","templated":true}]}}