{"id":4572,"date":"2018-06-22T12:06:31","date_gmt":"2018-06-22T12:06:31","guid":{"rendered":"http:\/\/www.satel-iberia.com\/products\/energy-monitoring\/electrical-analyzers\/sennet-case\/"},"modified":"2018-07-19T09:31:13","modified_gmt":"2018-07-19T09:31:13","slug":"sennet-case","status":"publish","type":"page","link":"https:\/\/www.satel-iberia.com\/en\/products\/energy-monitoring-2\/analizadores-electricos\/sennet-case\/","title":{"rendered":"SenNet Case"},"content":{"rendered":"<div class=\"wpb-content-wrapper\">[vc_row][vc_column width=&#8221;1\/2&#8243;][vc_column_text css=&#8221;.vc_custom_1531992527038{margin-bottom: 0px !important;}&#8221;]\n<h3><span style=\"color: #000000;\">PORTABLE ELECTRICAL METER<\/span><\/h3>\n<p>The SenNet case is a portable device which do not require installation, it permits to analyse power consumption from 1 up to 6 three-phase or 18 single-phase electrical circuits at the same time.<\/p>\n<p>The SenNet Case is the ideal tool to analyse electrical circuits for companies and professionals which need to capture energy consumption profiles as well as electrical parameters of operation in a facility during period of time.<\/p>\n<p>&nbsp;<\/p>\n<h4 style=\"text-align: left;\"><strong>Data it captures<\/strong><\/h4>\n<p>The SenNet Case can capture the following parameters from up to 6 three-phase electrical circuits:<\/p>\n<ul>\n<li>Active, reactive and apparent total and per phase Power.<\/li>\n<li>Active, reactive and apparent total and per phase Energy<\/li>\n<li>Voltage of each phase.<\/li>\n<li>Current of each phase.<\/li>\n<li>Power factor of each phase.<\/li>\n<\/ul>\n<p>&nbsp;<\/p>\n<h4 style=\"text-align: left;\"><strong>Utilities<\/strong><\/h4>\n<p>Additionally, the SenNet Case is a quality analyser tool of supply.<\/p>\n<p><strong>It can analyse:<\/strong><\/p>\n<ul>\n<li>Voltage and current harmonics from every single phase.<\/li>\n<li>Harmonics up to 16\u00ba of current and voltage from every single phase.<\/li>\n<li>Detection of overvoltage.<\/li>\n<li>Detection of low voltage.<\/li>\n<li>High accuracy in frequency captured value.<\/li>\n<\/ul>\n<p>&nbsp;<\/p>\n<h4><strong>Ready to use<\/strong><\/h4>\n<p>The SenNet Case do not require installation, you only have to leave it in an electrical panel or hang it up close to a panel.<br \/>\nIts design is thought to measure temporal electrical consumptions: hours, days, weeks, even months\u2026<br \/>\nData is logged in a SD card or is sent to a virtual platform by CSV.<\/p>\n<h4><strong>Portable<\/strong><\/h4>\n<p>The SenNet case is completely portable due to its weight, size and shape. Moreover, it is really easy to move from a facility to an another one.<br \/>\nThe device has been designed as a little suitcase with bags to carry the components required: current sensors, pliers of current-measuring, pliers of measurement voltage reference, etc.<br \/>\nConnection to electrical circuits from 5A up to 5000A using current transducers and flexible coils.<\/p>\n<p>&nbsp;<\/p>\n<h4>Multi-use<\/h4>\n<p>The target is to analyse the behaviour of energy in different electrical systems. Capturing data of 6 three-phase or 18 single-phase circuits.<br \/>\nPerfect device for office, shops, hotels, industrial plants, and in general, for any building which is required to do a measurement study of energy consumption.[\/vc_column_text][\/vc_column][vc_column width=&#8221;1\/2&#8243;][mk_gallery title=&#8221;IMAGEN DE PRODUCTO&#8221; images=&#8221;1136&#8243; column=&#8221;1&#8243; image_size=&#8221;full&#8221;][vc_video link=&#8221;https:\/\/www.youtube.com\/watch?v=ushtvMOSTGQ&#8221;][vc_row_inner css=&#8221;.vc_custom_1530704185936{margin-top: 30px !important;}&#8221;][vc_column_inner][mk_icon_box icon=&#8221;mk-moon-download-4&#8243; title=&#8221;BROCHURE&#8221; text_size=&#8221;26&#8243; font_weight=&#8221;bold&#8221; read_more_url=&#8221;\/wp-content\/uploads\/2018\/07\/folleto-sennet-case-eng-1.pdf&#8221; icon_size=&#8221;large&#8221; icon_color=&#8221;#005c97&#8243; icon_circle_color=&#8221;&#8221; title_color=&#8221;#51b9e9&#8243; margin=&#8221;19&#8243;][\/mk_icon_box][\/vc_column_inner][\/vc_row_inner][\/vc_column][\/vc_row]\n<\/div>","protected":false},"excerpt":{"rendered":"<p>[vc_row][vc_column width=&#8221;1\/2&#8243;][vc_column_text css=&#8221;.vc_custom_1531992527038{margin-bottom: 0px !important;}&#8221;] PORTABLE ELECTRICAL METER The SenNet case is a portable device which do not require installation, it permits to analyse power consumption from 1 up to 6 three-phase or 18 single-phase electrical circuits at the same time. The SenNet Case is the ideal tool to analyse electrical circuits for companies and [&hellip;]<\/p>\n","protected":false},"author":1,"featured_media":1136,"parent":2185,"menu_order":0,"comment_status":"closed","ping_status":"closed","template":"","meta":{"_joinchat":[],"footnotes":""},"categories":[53],"tags":[],"class_list":["post-4572","page","type-page","status-publish","has-post-thumbnail","hentry","category-electrical-analyzers"],"yoast_head":"<!-- This site is optimized with the Yoast SEO plugin v24.6 - https:\/\/yoast.com\/wordpress\/plugins\/seo\/ -->\n<title>\u226b SenNet Case - Satel Iberia<\/title>\n<meta name=\"description\" content=\"PORTABLE ELECTRICAL METER The SenNet case is a portable device which do not require installation, it permits to analyse power consumption from 1 up to 6\" \/>\n<meta name=\"robots\" content=\"index, follow, max-snippet:-1, max-image-preview:large, max-video-preview:-1\" \/>\n<link rel=\"canonical\" href=\"https:\/\/www.satel-iberia.com\/en\/products\/energy-monitoring-2\/analizadores-electricos\/sennet-case\/\" \/>\n<meta property=\"og:locale\" content=\"en_US\" \/>\n<meta property=\"og:type\" content=\"article\" \/>\n<meta property=\"og:title\" content=\"\u226b SenNet Case - Satel Iberia\" \/>\n<meta property=\"og:description\" content=\"PORTABLE ELECTRICAL METER The SenNet case is a portable device which do not require installation, it permits to analyse power consumption from 1 up to 6\" \/>\n<meta property=\"og:url\" content=\"https:\/\/www.satel-iberia.com\/en\/products\/energy-monitoring-2\/analizadores-electricos\/sennet-case\/\" \/>\n<meta property=\"og:site_name\" content=\"Satel Iberia\" \/>\n<meta property=\"article:modified_time\" content=\"2018-07-19T09:31:13+00:00\" \/>\n<meta property=\"og:image\" content=\"https:\/\/www.satel-iberia.com\/wp-content\/uploads\/2018\/04\/sennet-case.jpg\" \/>\n\t<meta property=\"og:image:width\" content=\"772\" \/>\n\t<meta property=\"og:image:height\" content=\"772\" \/>\n\t<meta property=\"og:image:type\" content=\"image\/jpeg\" \/>\n<meta name=\"twitter:card\" content=\"summary_large_image\" \/>\n<meta name=\"twitter:label1\" content=\"Est. reading time\" \/>\n\t<meta name=\"twitter:data1\" content=\"2 minutes\" \/>\n<script type=\"application\/ld+json\" class=\"yoast-schema-graph\">{\"@context\":\"https:\/\/schema.org\",\"@graph\":[{\"@type\":\"WebPage\",\"@id\":\"https:\/\/www.satel-iberia.com\/en\/products\/energy-monitoring-2\/analizadores-electricos\/sennet-case\/\",\"url\":\"https:\/\/www.satel-iberia.com\/en\/products\/energy-monitoring-2\/analizadores-electricos\/sennet-case\/\",\"name\":\"\u226b SenNet Case - Satel Iberia\",\"isPartOf\":{\"@id\":\"https:\/\/www.satel-iberia.com\/#website\"},\"primaryImageOfPage\":{\"@id\":\"https:\/\/www.satel-iberia.com\/en\/products\/energy-monitoring-2\/analizadores-electricos\/sennet-case\/#primaryimage\"},\"image\":{\"@id\":\"https:\/\/www.satel-iberia.com\/en\/products\/energy-monitoring-2\/analizadores-electricos\/sennet-case\/#primaryimage\"},\"thumbnailUrl\":\"https:\/\/www.satel-iberia.com\/wp-content\/uploads\/2018\/04\/sennet-case.jpg\",\"datePublished\":\"2018-06-22T12:06:31+00:00\",\"dateModified\":\"2018-07-19T09:31:13+00:00\",\"description\":\"PORTABLE ELECTRICAL METER The SenNet case is a portable device which do not require installation, it permits to analyse power consumption from 1 up to 6\",\"breadcrumb\":{\"@id\":\"https:\/\/www.satel-iberia.com\/en\/products\/energy-monitoring-2\/analizadores-electricos\/sennet-case\/#breadcrumb\"},\"inLanguage\":\"en-US\",\"potentialAction\":[{\"@type\":\"ReadAction\",\"target\":[\"https:\/\/www.satel-iberia.com\/en\/products\/energy-monitoring-2\/analizadores-electricos\/sennet-case\/\"]}]},{\"@type\":\"ImageObject\",\"inLanguage\":\"en-US\",\"@id\":\"https:\/\/www.satel-iberia.com\/en\/products\/energy-monitoring-2\/analizadores-electricos\/sennet-case\/#primaryimage\",\"url\":\"https:\/\/www.satel-iberia.com\/wp-content\/uploads\/2018\/04\/sennet-case.jpg\",\"contentUrl\":\"https:\/\/www.satel-iberia.com\/wp-content\/uploads\/2018\/04\/sennet-case.jpg\",\"width\":772,\"height\":772,\"caption\":\"Maleta port\u00e1til con funci\u00f3n de datalogger y 6 analizadores el\u00e9ctricos\"},{\"@type\":\"BreadcrumbList\",\"@id\":\"https:\/\/www.satel-iberia.com\/en\/products\/energy-monitoring-2\/analizadores-electricos\/sennet-case\/#breadcrumb\",\"itemListElement\":[{\"@type\":\"ListItem\",\"position\":1,\"name\":\"Portada\",\"item\":\"https:\/\/www.satel-iberia.com\/en\/\"},{\"@type\":\"ListItem\",\"position\":2,\"name\":\"PRODUCTS\",\"item\":\"https:\/\/www.satel-iberia.com\/en\/products\/\"},{\"@type\":\"ListItem\",\"position\":3,\"name\":\"ENERGY MONITORING\",\"item\":\"https:\/\/www.satel-iberia.com\/en\/products\/energy-monitoring-2\/\"},{\"@type\":\"ListItem\",\"position\":4,\"name\":\"ANALIZADORES EL\u00c9CTRICOS\",\"item\":\"https:\/\/www.satel-iberia.com\/en\/products\/energy-monitoring-2\/analizadores-electricos\/\"},{\"@type\":\"ListItem\",\"position\":5,\"name\":\"SenNet Case\"}]},{\"@type\":\"WebSite\",\"@id\":\"https:\/\/www.satel-iberia.com\/#website\",\"url\":\"https:\/\/www.satel-iberia.com\/\",\"name\":\"Satel Iberia\",\"description\":\"Soluciones de monitorizaci\u00f3n y telecontrol a su medida\",\"potentialAction\":[{\"@type\":\"SearchAction\",\"target\":{\"@type\":\"EntryPoint\",\"urlTemplate\":\"https:\/\/www.satel-iberia.com\/?s={search_term_string}\"},\"query-input\":{\"@type\":\"PropertyValueSpecification\",\"valueRequired\":true,\"valueName\":\"search_term_string\"}}],\"inLanguage\":\"en-US\"}]}<\/script>\n<!-- \/ Yoast SEO plugin. -->","yoast_head_json":{"title":"\u226b SenNet Case - Satel Iberia","description":"PORTABLE ELECTRICAL METER The SenNet case is a portable device which do not require installation, it permits to analyse power consumption from 1 up to 6","robots":{"index":"index","follow":"follow","max-snippet":"max-snippet:-1","max-image-preview":"max-image-preview:large","max-video-preview":"max-video-preview:-1"},"canonical":"https:\/\/www.satel-iberia.com\/en\/products\/energy-monitoring-2\/analizadores-electricos\/sennet-case\/","og_locale":"en_US","og_type":"article","og_title":"\u226b SenNet Case - Satel Iberia","og_description":"PORTABLE ELECTRICAL METER The SenNet case is a portable device which do not require installation, it permits to analyse power consumption from 1 up to 6","og_url":"https:\/\/www.satel-iberia.com\/en\/products\/energy-monitoring-2\/analizadores-electricos\/sennet-case\/","og_site_name":"Satel Iberia","article_modified_time":"2018-07-19T09:31:13+00:00","og_image":[{"width":772,"height":772,"url":"https:\/\/www.satel-iberia.com\/wp-content\/uploads\/2018\/04\/sennet-case.jpg","type":"image\/jpeg"}],"twitter_card":"summary_large_image","twitter_misc":{"Est. reading time":"2 minutes"},"schema":{"@context":"https:\/\/schema.org","@graph":[{"@type":"WebPage","@id":"https:\/\/www.satel-iberia.com\/en\/products\/energy-monitoring-2\/analizadores-electricos\/sennet-case\/","url":"https:\/\/www.satel-iberia.com\/en\/products\/energy-monitoring-2\/analizadores-electricos\/sennet-case\/","name":"\u226b SenNet Case - Satel Iberia","isPartOf":{"@id":"https:\/\/www.satel-iberia.com\/#website"},"primaryImageOfPage":{"@id":"https:\/\/www.satel-iberia.com\/en\/products\/energy-monitoring-2\/analizadores-electricos\/sennet-case\/#primaryimage"},"image":{"@id":"https:\/\/www.satel-iberia.com\/en\/products\/energy-monitoring-2\/analizadores-electricos\/sennet-case\/#primaryimage"},"thumbnailUrl":"https:\/\/www.satel-iberia.com\/wp-content\/uploads\/2018\/04\/sennet-case.jpg","datePublished":"2018-06-22T12:06:31+00:00","dateModified":"2018-07-19T09:31:13+00:00","description":"PORTABLE ELECTRICAL METER The SenNet case is a portable device which do not require installation, it permits to analyse power consumption from 1 up to 6","breadcrumb":{"@id":"https:\/\/www.satel-iberia.com\/en\/products\/energy-monitoring-2\/analizadores-electricos\/sennet-case\/#breadcrumb"},"inLanguage":"en-US","potentialAction":[{"@type":"ReadAction","target":["https:\/\/www.satel-iberia.com\/en\/products\/energy-monitoring-2\/analizadores-electricos\/sennet-case\/"]}]},{"@type":"ImageObject","inLanguage":"en-US","@id":"https:\/\/www.satel-iberia.com\/en\/products\/energy-monitoring-2\/analizadores-electricos\/sennet-case\/#primaryimage","url":"https:\/\/www.satel-iberia.com\/wp-content\/uploads\/2018\/04\/sennet-case.jpg","contentUrl":"https:\/\/www.satel-iberia.com\/wp-content\/uploads\/2018\/04\/sennet-case.jpg","width":772,"height":772,"caption":"Maleta port\u00e1til con funci\u00f3n de datalogger y 6 analizadores el\u00e9ctricos"},{"@type":"BreadcrumbList","@id":"https:\/\/www.satel-iberia.com\/en\/products\/energy-monitoring-2\/analizadores-electricos\/sennet-case\/#breadcrumb","itemListElement":[{"@type":"ListItem","position":1,"name":"Portada","item":"https:\/\/www.satel-iberia.com\/en\/"},{"@type":"ListItem","position":2,"name":"PRODUCTS","item":"https:\/\/www.satel-iberia.com\/en\/products\/"},{"@type":"ListItem","position":3,"name":"ENERGY MONITORING","item":"https:\/\/www.satel-iberia.com\/en\/products\/energy-monitoring-2\/"},{"@type":"ListItem","position":4,"name":"ANALIZADORES EL\u00c9CTRICOS","item":"https:\/\/www.satel-iberia.com\/en\/products\/energy-monitoring-2\/analizadores-electricos\/"},{"@type":"ListItem","position":5,"name":"SenNet Case"}]},{"@type":"WebSite","@id":"https:\/\/www.satel-iberia.com\/#website","url":"https:\/\/www.satel-iberia.com\/","name":"Satel Iberia","description":"Soluciones de monitorizaci\u00f3n y telecontrol a su medida","potentialAction":[{"@type":"SearchAction","target":{"@type":"EntryPoint","urlTemplate":"https:\/\/www.satel-iberia.com\/?s={search_term_string}"},"query-input":{"@type":"PropertyValueSpecification","valueRequired":true,"valueName":"search_term_string"}}],"inLanguage":"en-US"}]}},"post_mailing_queue_ids":[],"_links":{"self":[{"href":"https:\/\/www.satel-iberia.com\/en\/wp-json\/wp\/v2\/pages\/4572","targetHints":{"allow":["GET"]}}],"collection":[{"href":"https:\/\/www.satel-iberia.com\/en\/wp-json\/wp\/v2\/pages"}],"about":[{"href":"https:\/\/www.satel-iberia.com\/en\/wp-json\/wp\/v2\/types\/page"}],"author":[{"embeddable":true,"href":"https:\/\/www.satel-iberia.com\/en\/wp-json\/wp\/v2\/users\/1"}],"replies":[{"embeddable":true,"href":"https:\/\/www.satel-iberia.com\/en\/wp-json\/wp\/v2\/comments?post=4572"}],"version-history":[{"count":2,"href":"https:\/\/www.satel-iberia.com\/en\/wp-json\/wp\/v2\/pages\/4572\/revisions"}],"predecessor-version":[{"id":4582,"href":"https:\/\/www.satel-iberia.com\/en\/wp-json\/wp\/v2\/pages\/4572\/revisions\/4582"}],"up":[{"embeddable":true,"href":"https:\/\/www.satel-iberia.com\/en\/wp-json\/wp\/v2\/pages\/2185"}],"wp:featuredmedia":[{"embeddable":true,"href":"https:\/\/www.satel-iberia.com\/en\/wp-json\/wp\/v2\/media\/1136"}],"wp:attachment":[{"href":"https:\/\/www.satel-iberia.com\/en\/wp-json\/wp\/v2\/media?parent=4572"}],"wp:term":[{"taxonomy":"category","embeddable":true,"href":"https:\/\/www.satel-iberia.com\/en\/wp-json\/wp\/v2\/categories?post=4572"},{"taxonomy":"post_tag","embeddable":true,"href":"https:\/\/www.satel-iberia.com\/en\/wp-json\/wp\/v2\/tags?post=4572"}],"curies":[{"name":"wp","href":"https:\/\/api.w.org\/{rel}","templated":true}]}}