{"id":6363,"date":"2020-02-12T07:55:23","date_gmt":"2020-02-12T07:55:23","guid":{"rendered":"https:\/\/www.satel-iberia.com\/?page_id=6363"},"modified":"2020-02-12T11:38:48","modified_gmt":"2020-02-12T11:38:48","slug":"monitoring-and-energy-control","status":"publish","type":"page","link":"https:\/\/www.satel-iberia.com\/en\/products\/monitoring-and-energy-control\/","title":{"rendered":"MONITORING AND ENERGY CONTROL"},"content":{"rendered":"<div class=\"wpb-content-wrapper\">[mk_page_section bg_image=&#8221;https:\/\/www.satel-iberia.com\/wp-content\/uploads\/2018\/05\/eficiencia-energetica-2000.jpg&#8221; bg_color=&#8221;#005c97&#8243; bg_position=&#8221;center center&#8221; bg_repeat=&#8221;no-repeat&#8221; bg_stretch=&#8221;true&#8221; enable_3d=&#8221;true&#8221; bg_gradient=&#8221;vertical&#8221; video_color_mask=&#8221;#005c97&#8243; gr_end=&#8221;#0088dd&#8221; video_opacity=&#8221;0.7&#8243; min_height=&#8221;300&#8243; full_width=&#8221;true&#8221; js_vertical_centered=&#8221;true&#8221; top_shape_color=&#8221;#a0a0a0&#8243; top_shape_bg_color=&#8221;#1fc6c6&#8243; el_class=&#8221;first-element&#8221; sidebar=&#8221;sidebar-1&#8243;][vc_column][mk_fancy_title tag_name=&#8221;h1&#8243; color=&#8221;#ffffff&#8221; size=&#8221;42&#8243; force_font_size=&#8221;true&#8221; size_tablet=&#8221;30&#8243; size_phone=&#8221;36&#8243; font_weight=&#8221;300&#8243; letter_spacing=&#8221;2&#8243; font_family=&#8221;none&#8221; align=&#8221;center&#8221;]Monitor, measure, save.[\/mk_fancy_title][\/vc_column][\/mk_page_section][vc_row css=&#8221;.vc_custom_1526295651375{margin-top: 40px !important;}&#8221;][vc_column][vc_column_text align=&#8221;center&#8221; css=&#8221;.vc_custom_1581494077422{margin-bottom: 0px !important;}&#8221;]\n<p style=\"text-align: center; color: #305690; font-size: 34px; font-family: Roboto Condensed;\">IMPROVE THE ENERGY EFFICIENCY OF YOUR BUSINESS<\/p>\n[\/vc_column_text][vc_column_text css=&#8221;.vc_custom_1581494111963{margin-bottom: 0px !important;}&#8221;]\n<p class=\"p1\" style=\"text-align: center;\"><span class=\"s1\">Satel Iberia has the SenNet product line, a set of solutions for energy monitoring and remote control.<\/span><\/p>\n<p class=\"p1\" style=\"text-align: center;\"><span class=\"s1\">We are manufacturers of M2M (machine to machine) equipment for monitoring, both wireless and wired.<\/span><\/p>\n<p class=\"p1\" style=\"text-align: center;\"><span class=\"s1\">SenNet sensors and dataloggers are perfect for improving energy efficiency in all types of business: industry, power stations, shops, public buildings, etc.<\/span><\/p>\n<p class=\"p1\" style=\"text-align: center;\"><span class=\"s1\">With SenNet solutions it is possible to measure not only electricity consumption, but also thermal consumption, gas, water, etc.<\/span><\/p>\n<p class=\"p1\" style=\"text-align: center;\"><span class=\"s1\">We also have sensors to monitor all kinds of environmental parameters: temperature, humidity, luminosity, air quality, etc.<\/span><\/p>\n[\/vc_column_text][\/vc_column][\/vc_row][vc_row][vc_column][mk_padding_divider][\/vc_column][\/vc_row][vc_row css=&#8221;.vc_custom_1521024686884{margin-bottom: 40px !important;}&#8221;][vc_column width=&#8221;1\/2&#8243;][mk_custom_box padding_vertical=&#8221;0&#8243; padding_horizental=&#8221;0&#8243; margin_bottom=&#8221;0&#8243; min_height=&#8221;367&#8243; bg_image=&#8221;https:\/\/www.satel-iberia.com\/wp-content\/uploads\/2019\/12\/satel-monitorizacion-y-control-energetico-dataloggers-y-expansiones-1.png&#8221; bg_stretch=&#8221;false&#8221;][mk_fancy_title color=&#8221;#353535&#8243; size=&#8221;18&#8243; force_font_size=&#8221;true&#8221; size_phone=&#8221;14&#8243; font_weight=&#8221;bold&#8221; txt_transform=&#8221;capitalize&#8221; letter_spacing=&#8221;2&#8243; margin_top=&#8221;70&#8243; margin_bottom=&#8221;0&#8243; font_family=&#8221;Roboto+Condensed&#8221; font_type=&#8221;google&#8221; align=&#8221;center&#8221; drop_shadow=&#8221;true&#8221; shadow_distance=&#8221;4&#8243;]\n<p style=\"text-align: center;\"><span style=\"color: white;\">DATALOGGERS AND EXPANSIONS<\/span><\/p>\n[\/mk_fancy_title][mk_button dimension=&#8221;flat&#8221; size=&#8221;medium&#8221; letter_spacing=&#8221;1&#8243; url=&#8221;https:\/\/www.satel-iberia.com\/en\/products\/monitoring-and-energy-control\/dataloggers-and-expansions\/&#8221; align=&#8221;center&#8221; margin_top=&#8221;200&#8243; bg_color=&#8221;#34558e&#8221; btn_hover_bg=&#8221;#57b2ec&#8221; btn_hover_txt_color=&#8221;#ffffff&#8221;]SEE PRODUCTS[\/mk_button][\/mk_custom_box][\/vc_column][vc_column width=&#8221;1\/2&#8243;][mk_custom_box padding_vertical=&#8221;0&#8243; padding_horizental=&#8221;0&#8243; margin_bottom=&#8221;0&#8243; min_height=&#8221;367&#8243; bg_image=&#8221;https:\/\/www.satel-iberia.com\/wp-content\/uploads\/2019\/12\/satel-monitorizacion-y-control-energetico-analizadores-electricos.png&#8221; bg_stretch=&#8221;false&#8221;][mk_fancy_title color=&#8221;#353535&#8243; size=&#8221;18&#8243; force_font_size=&#8221;true&#8221; size_phone=&#8221;14&#8243; font_weight=&#8221;bold&#8221; txt_transform=&#8221;capitalize&#8221; letter_spacing=&#8221;2&#8243; margin_top=&#8221;70&#8243; margin_bottom=&#8221;0&#8243; font_family=&#8221;Roboto+Condensed&#8221; font_type=&#8221;google&#8221; align=&#8221;center&#8221; drop_shadow=&#8221;true&#8221; shadow_distance=&#8221;4&#8243;]\n<p style=\"text-align: center;\"><span style=\"color: white;\">ELECTRIC METERS<\/span><\/p>\n[\/mk_fancy_title][mk_button dimension=&#8221;flat&#8221; size=&#8221;medium&#8221; letter_spacing=&#8221;1&#8243; url=&#8221;https:\/\/www.satel-iberia.com\/en\/products\/monitoring-and-energy-control\/electric-meters\/&#8221; align=&#8221;center&#8221; margin_top=&#8221;200&#8243; bg_color=&#8221;#34558e&#8221; btn_hover_bg=&#8221;#57b2ec&#8221; btn_hover_txt_color=&#8221;#ffffff&#8221;]SEE PRODUCTS[\/mk_button][\/mk_custom_box][\/vc_column][\/vc_row][vc_row css=&#8221;.vc_custom_1521024686884{margin-bottom: 40px !important;}&#8221;][vc_column width=&#8221;1\/2&#8243;][mk_custom_box padding_vertical=&#8221;0&#8243; padding_horizental=&#8221;0&#8243; margin_bottom=&#8221;0&#8243; min_height=&#8221;367&#8243; bg_image=&#8221;https:\/\/www.satel-iberia.com\/wp-content\/uploads\/2020\/01\/satel-monitorizacion-y-control-energetico-sondas-contadores-y-accesorios.png&#8221; bg_stretch=&#8221;false&#8221;][mk_fancy_title color=&#8221;#353535&#8243; size=&#8221;18&#8243; force_font_size=&#8221;true&#8221; size_phone=&#8221;14&#8243; font_weight=&#8221;bold&#8221; txt_transform=&#8221;capitalize&#8221; letter_spacing=&#8221;2&#8243; margin_top=&#8221;70&#8243; margin_bottom=&#8221;0&#8243; font_family=&#8221;Roboto+Condensed&#8221; font_type=&#8221;google&#8221; align=&#8221;center&#8221; drop_shadow=&#8221;true&#8221; shadow_distance=&#8221;4&#8243;]\n<p style=\"text-align: center;\"><span style=\"color: white;\">PROBES, PULSE COUNTERS AND RADIO NETWORK ACCESSORIES<\/span><\/p>\n[\/mk_fancy_title][mk_button dimension=&#8221;flat&#8221; size=&#8221;medium&#8221; letter_spacing=&#8221;1&#8243; url=&#8221;https:\/\/www.satel-iberia.com\/en\/products\/monitoring-and-energy-control\/probes-pulse-counters-and-radio-network-accessories\/&#8221; align=&#8221;center&#8221; margin_top=&#8221;200&#8243; bg_color=&#8221;#34558e&#8221; btn_hover_bg=&#8221;#57b2ec&#8221; btn_hover_txt_color=&#8221;#ffffff&#8221;]SEE PRODUCTS[\/mk_button][\/mk_custom_box][\/vc_column][vc_column width=&#8221;1\/2&#8243;][mk_custom_box padding_vertical=&#8221;0&#8243; padding_horizental=&#8221;0&#8243; margin_bottom=&#8221;0&#8243; min_height=&#8221;367&#8243; bg_image=&#8221;https:\/\/www.satel-iberia.com\/wp-content\/uploads\/2020\/01\/satel-monitorizacion-y-control-energetico-monitorizacion-y-telegestion.png&#8221; bg_position=&#8221;left center&#8221; bg_stretch=&#8221;false&#8221;][mk_fancy_title color=&#8221;#353535&#8243; size=&#8221;18&#8243; force_font_size=&#8221;true&#8221; size_phone=&#8221;14&#8243; font_weight=&#8221;bold&#8221; txt_transform=&#8221;capitalize&#8221; letter_spacing=&#8221;2&#8243; margin_top=&#8221;70&#8243; margin_bottom=&#8221;0&#8243; font_family=&#8221;Roboto+Condensed&#8221; font_type=&#8221;google&#8221; align=&#8221;center&#8221; drop_shadow=&#8221;true&#8221; shadow_distance=&#8221;4&#8243;]\n<p style=\"text-align: center;\"><span style=\"color: white;\">MONITORING AND<br \/>\n<\/span><span style=\"color: white;\">REMOTE MANAGEMENT OF LIGHTING<\/span><\/p>\n[\/mk_fancy_title][mk_button dimension=&#8221;flat&#8221; size=&#8221;medium&#8221; letter_spacing=&#8221;1&#8243; url=&#8221;https:\/\/www.satel-iberia.com\/en\/products\/monitoring-and-energy-control\/monitoring-and-remote-management-of-lighting\/&#8221; align=&#8221;center&#8221; margin_top=&#8221;200&#8243; bg_color=&#8221;#34558e&#8221; btn_hover_bg=&#8221;#57b2ec&#8221; btn_hover_txt_color=&#8221;#ffffff&#8221;]SEE PRODUCTS[\/mk_button][\/mk_custom_box][\/vc_column][\/vc_row][vc_row][vc_column width=&#8221;1\/4&#8243;][\/vc_column][vc_column width=&#8221;1\/2&#8243;][mk_custom_box padding_vertical=&#8221;0&#8243; padding_horizental=&#8221;0&#8243; margin_bottom=&#8221;0&#8243; min_height=&#8221;367&#8243; bg_image=&#8221;https:\/\/www.satel-iberia.com\/wp-content\/uploads\/2020\/01\/satel-monitorizacion-y-control-energetico-software-y-servicios.png&#8221; bg_stretch=&#8221;false&#8221;][mk_fancy_title color=&#8221;#353535&#8243; size=&#8221;18&#8243; force_font_size=&#8221;true&#8221; size_phone=&#8221;14&#8243; font_weight=&#8221;bold&#8221; txt_transform=&#8221;capitalize&#8221; letter_spacing=&#8221;2&#8243; margin_top=&#8221;70&#8243; margin_bottom=&#8221;0&#8243; font_family=&#8221;Roboto+Condensed&#8221; font_type=&#8221;google&#8221; align=&#8221;center&#8221; drop_shadow=&#8221;true&#8221; shadow_distance=&#8221;4&#8243;]\n<p style=\"text-align: center;\"><span style=\"color: white;\">SOFTWARE AND SERVICES<\/span><\/p>\n[\/mk_fancy_title][mk_button dimension=&#8221;flat&#8221; size=&#8221;medium&#8221; letter_spacing=&#8221;1&#8243; url=&#8221;https:\/\/www.satel-iberia.com\/en\/products\/monitoring-and-energy-control\/software-and-services\/&#8221; align=&#8221;center&#8221; margin_top=&#8221;200&#8243; bg_color=&#8221;#34558e&#8221; btn_hover_bg=&#8221;#57b2ec&#8221; btn_hover_txt_color=&#8221;#ffffff&#8221;]SEE PRODUCTS[\/mk_button][\/mk_custom_box][vc_empty_space height=&#8221;42px&#8221;][\/vc_column][vc_column width=&#8221;1\/4&#8243;][\/vc_column][\/vc_row][vc_row fullwidth=&#8221;true&#8221; fullwidth_content=&#8221;false&#8221; css=&#8221;.vc_custom_1524571083790{padding-top: 20px !important;padding-bottom: 20px !important;background-color: #305690 !important;}&#8221;][vc_column][vc_column_text css=&#8221;.vc_custom_1581494752953{margin-bottom: 0px !important;}&#8221;]\n<h3 style=\"text-align: center;\"><span style=\"color: #ffffff;\">If you have any questions about our products and applications<br \/>\nyou can ask us for more information.<\/span><\/h3>\n[\/vc_column_text][mk_button dimension=&#8221;flat&#8221; url=&#8221;https:\/\/www.satel-iberia.com\/en\/contact\/&#8221; align=&#8221;center&#8221; bg_color=&#8221;#ffffff&#8221; text_color=&#8221;dark&#8221;]CONTACT NOW[\/mk_button][\/vc_column][\/vc_row][vc_row fullwidth=&#8221;true&#8221; fullwidth_content=&#8221;false&#8221; css=&#8221;.vc_custom_1530184007106{padding-top: 40px !important;padding-bottom: 40px !important;}&#8221;][vc_column][vc_column_text align=&#8221;center&#8221; css=&#8221;.vc_custom_1581494625600{margin-bottom: 0px !important;}&#8221;]\n<p style=\"text-align: center; color: #305690; font-size: 1.4em;\">ENERGY MONITORING APPLICATIONS<\/p>\n[\/vc_column_text][vc_column_text align=&#8221;center&#8221; css=&#8221;.vc_custom_1581494639088{margin-bottom: 0px !important;}&#8221;]\n<p style=\"text-align: center;\">Real applications of our products. Learn how to exploit their full potential.<\/p>\n[\/vc_column_text][\/vc_column][\/vc_row][vc_row][vc_column width=&#8221;1\/3&#8243; css=&#8221;.vc_custom_1526454457938{margin-bottom: 20px !important;}&#8221;][mk_custom_box padding_vertical=&#8221;0&#8243; padding_horizental=&#8221;0&#8243; margin_bottom=&#8221;0&#8243; min_height=&#8221;300&#8243; bg_color=&#8221;#34558e&#8221; bg_image=&#8221;https:\/\/www.satel-iberia.com\/wp-content\/uploads\/2018\/05\/aplicacion_0003_monitorizacion-consumos.jpg&#8221; background_hov_color_style=&#8221;image&#8221; overlay_color=&#8221;rgba(52,85,142,0.48)&#8221; bg_image_hov_effect=&#8221;zoom-in&#8221; bg_stretch=&#8221;false&#8221;][mk_fancy_title color=&#8221;#ffffff&#8221; size=&#8221;20&#8243; font_weight=&#8221;bold&#8221; margin_top=&#8221;200&#8243; font_family=&#8221;none&#8221; align=&#8221;center&#8221;]CONSUMPTIONS[\/mk_fancy_title][mk_button dimension=&#8221;flat&#8221; size=&#8221;medium&#8221; url=&#8221;https:\/\/www.satel-iberia.com\/en\/application\/consumption\/&#8221; align=&#8221;center&#8221; margin_right=&#8221;0&#8243; bg_color=&#8221;#34558e&#8221; btn_hover_bg=&#8221;#57b2ec&#8221; btn_hover_txt_color=&#8221;#ffffff&#8221;]VIEW APPLICATION[\/mk_button][\/mk_custom_box][\/vc_column][vc_column width=&#8221;1\/3&#8243; css=&#8221;.vc_custom_1526454466415{margin-bottom: 20px !important;}&#8221;][mk_custom_box padding_vertical=&#8221;0&#8243; padding_horizental=&#8221;0&#8243; margin_bottom=&#8221;0&#8243; min_height=&#8221;300&#8243; bg_color=&#8221;#34558e&#8221; bg_image=&#8221;https:\/\/www.satel-iberia.com\/wp-content\/uploads\/2018\/05\/aplicacion_0006_potencia-generacion.jpg&#8221; background_hov_color_style=&#8221;image&#8221; overlay_color=&#8221;rgba(52,85,142,0.51)&#8221; bg_image_hov_effect=&#8221;zoom-in&#8221; bg_stretch=&#8221;false&#8221;][mk_fancy_title color=&#8221;#ffffff&#8221; size=&#8221;20&#8243; font_weight=&#8221;bold&#8221; margin_top=&#8221;200&#8243; font_family=&#8221;none&#8221; align=&#8221;center&#8221;]GENERATION[\/mk_fancy_title][mk_button dimension=&#8221;flat&#8221; size=&#8221;medium&#8221; url=&#8221;https:\/\/www.satel-iberia.com\/en\/application\/generation\/&#8221; align=&#8221;center&#8221; margin_right=&#8221;0&#8243; bg_color=&#8221;#34558e&#8221; btn_hover_bg=&#8221;#57b2ec&#8221; btn_hover_txt_color=&#8221;#ffffff&#8221;]VIEW APPLICATION[\/mk_button][\/mk_custom_box][\/vc_column][vc_column width=&#8221;1\/3&#8243;][mk_custom_box padding_vertical=&#8221;0&#8243; padding_horizental=&#8221;0&#8243; margin_bottom=&#8221;0&#8243; min_height=&#8221;300&#8243; bg_color=&#8221;#34558e&#8221; bg_image=&#8221;https:\/\/www.satel-iberia.com\/wp-content\/uploads\/2018\/05\/aplicacion_0002_baterias.jpg&#8221; background_hov_color_style=&#8221;image&#8221; overlay_color=&#8221;rgba(52,85,142,0.47)&#8221; bg_image_hov_effect=&#8221;zoom-in&#8221; bg_stretch=&#8221;false&#8221;][mk_fancy_title color=&#8221;#ffffff&#8221; size=&#8221;20&#8243; font_weight=&#8221;bold&#8221; margin_top=&#8221;200&#8243; font_family=&#8221;none&#8221; align=&#8221;center&#8221;]BATTERIES[\/mk_fancy_title][mk_button dimension=&#8221;flat&#8221; size=&#8221;medium&#8221; url=&#8221;https:\/\/www.satel-iberia.com\/en\/application\/battery\/&#8221; align=&#8221;center&#8221; margin_right=&#8221;0&#8243; bg_color=&#8221;#34558e&#8221; btn_hover_bg=&#8221;#57b2ec&#8221; btn_hover_txt_color=&#8221;#ffffff&#8221;]VIEW APPLICATION[\/mk_button][\/mk_custom_box][\/vc_column][\/vc_row]\n<\/div>","protected":false},"excerpt":{"rendered":"<p>[mk_page_section bg_image=&#8221;https:\/\/www.satel-iberia.com\/wp-content\/uploads\/2018\/05\/eficiencia-energetica-2000.jpg&#8221; bg_color=&#8221;#005c97&#8243; bg_position=&#8221;center center&#8221; bg_repeat=&#8221;no-repeat&#8221; bg_stretch=&#8221;true&#8221; enable_3d=&#8221;true&#8221; bg_gradient=&#8221;vertical&#8221; video_color_mask=&#8221;#005c97&#8243; gr_end=&#8221;#0088dd&#8221; video_opacity=&#8221;0.7&#8243; min_height=&#8221;300&#8243; full_width=&#8221;true&#8221; js_vertical_centered=&#8221;true&#8221; top_shape_color=&#8221;#a0a0a0&#8243; top_shape_bg_color=&#8221;#1fc6c6&#8243; el_class=&#8221;first-element&#8221; sidebar=&#8221;sidebar-1&#8243;][vc_column][mk_fancy_title tag_name=&#8221;h1&#8243; color=&#8221;#ffffff&#8221; size=&#8221;42&#8243; force_font_size=&#8221;true&#8221; size_tablet=&#8221;30&#8243; size_phone=&#8221;36&#8243; font_weight=&#8221;300&#8243; letter_spacing=&#8221;2&#8243; font_family=&#8221;none&#8221; align=&#8221;center&#8221;]Monitor, measure, save.[\/mk_fancy_title][\/vc_column][\/mk_page_section][vc_row css=&#8221;.vc_custom_1526295651375{margin-top: 40px !important;}&#8221;][vc_column][vc_column_text align=&#8221;center&#8221; css=&#8221;.vc_custom_1581494077422{margin-bottom: 0px !important;}&#8221;] IMPROVE THE ENERGY EFFICIENCY OF YOUR BUSINESS [\/vc_column_text][vc_column_text css=&#8221;.vc_custom_1581494111963{margin-bottom: 0px !important;}&#8221;] Satel Iberia has the SenNet product [&hellip;]<\/p>\n","protected":false},"author":5,"featured_media":0,"parent":2145,"menu_order":0,"comment_status":"closed","ping_status":"closed","template":"","meta":{"_joinchat":[],"footnotes":""},"categories":[],"tags":[],"class_list":["post-6363","page","type-page","status-publish","hentry"],"yoast_head":"<!-- This site is optimized with the Yoast SEO plugin v24.6 - https:\/\/yoast.com\/wordpress\/plugins\/seo\/ -->\n<title>\u226b MONITORING AND ENERGY CONTROL - Satel Iberia<\/title>\n<meta name=\"description\" content=\"Satel Iberia cuenta con la l\u00ednea de productos SenNet, un conjunto de soluciones para la monitorizaci\u00f3n energ\u00e9tica y el telecontrol de la energ\u00eda.\" \/>\n<meta name=\"robots\" content=\"index, follow, max-snippet:-1, max-image-preview:large, max-video-preview:-1\" \/>\n<link rel=\"canonical\" href=\"https:\/\/www.satel-iberia.com\/en\/products\/monitoring-and-energy-control\/\" \/>\n<meta property=\"og:locale\" content=\"en_US\" \/>\n<meta property=\"og:type\" content=\"article\" \/>\n<meta property=\"og:title\" content=\"\u226b MONITORING AND ENERGY CONTROL - Satel Iberia\" \/>\n<meta property=\"og:description\" content=\"Satel Iberia cuenta con la l\u00ednea de productos SenNet, un conjunto de soluciones para la monitorizaci\u00f3n energ\u00e9tica y el telecontrol de la energ\u00eda.\" \/>\n<meta property=\"og:url\" content=\"https:\/\/www.satel-iberia.com\/en\/products\/monitoring-and-energy-control\/\" \/>\n<meta property=\"og:site_name\" content=\"Satel Iberia\" \/>\n<meta property=\"article:modified_time\" content=\"2020-02-12T11:38:48+00:00\" \/>\n<meta name=\"twitter:card\" content=\"summary_large_image\" \/>\n<meta name=\"twitter:label1\" content=\"Est. reading time\" \/>\n\t<meta name=\"twitter:data1\" content=\"7 minutes\" \/>\n<script type=\"application\/ld+json\" class=\"yoast-schema-graph\">{\"@context\":\"https:\/\/schema.org\",\"@graph\":[{\"@type\":\"WebPage\",\"@id\":\"https:\/\/www.satel-iberia.com\/en\/products\/monitoring-and-energy-control\/\",\"url\":\"https:\/\/www.satel-iberia.com\/en\/products\/monitoring-and-energy-control\/\",\"name\":\"\u226b MONITORING AND ENERGY CONTROL - Satel Iberia\",\"isPartOf\":{\"@id\":\"https:\/\/www.satel-iberia.com\/#website\"},\"datePublished\":\"2020-02-12T07:55:23+00:00\",\"dateModified\":\"2020-02-12T11:38:48+00:00\",\"description\":\"Satel Iberia cuenta con la l\u00ednea de productos SenNet, un conjunto de soluciones para la monitorizaci\u00f3n energ\u00e9tica y el telecontrol de la energ\u00eda.\",\"breadcrumb\":{\"@id\":\"https:\/\/www.satel-iberia.com\/en\/products\/monitoring-and-energy-control\/#breadcrumb\"},\"inLanguage\":\"en-US\",\"potentialAction\":[{\"@type\":\"ReadAction\",\"target\":[\"https:\/\/www.satel-iberia.com\/en\/products\/monitoring-and-energy-control\/\"]}]},{\"@type\":\"BreadcrumbList\",\"@id\":\"https:\/\/www.satel-iberia.com\/en\/products\/monitoring-and-energy-control\/#breadcrumb\",\"itemListElement\":[{\"@type\":\"ListItem\",\"position\":1,\"name\":\"Portada\",\"item\":\"https:\/\/www.satel-iberia.com\/en\/\"},{\"@type\":\"ListItem\",\"position\":2,\"name\":\"PRODUCTS\",\"item\":\"https:\/\/www.satel-iberia.com\/en\/products\/\"},{\"@type\":\"ListItem\",\"position\":3,\"name\":\"MONITORING AND ENERGY CONTROL\"}]},{\"@type\":\"WebSite\",\"@id\":\"https:\/\/www.satel-iberia.com\/#website\",\"url\":\"https:\/\/www.satel-iberia.com\/\",\"name\":\"Satel Iberia\",\"description\":\"Soluciones de monitorizaci\u00f3n y telecontrol a su medida\",\"potentialAction\":[{\"@type\":\"SearchAction\",\"target\":{\"@type\":\"EntryPoint\",\"urlTemplate\":\"https:\/\/www.satel-iberia.com\/?s={search_term_string}\"},\"query-input\":{\"@type\":\"PropertyValueSpecification\",\"valueRequired\":true,\"valueName\":\"search_term_string\"}}],\"inLanguage\":\"en-US\"}]}<\/script>\n<!-- \/ Yoast SEO plugin. -->","yoast_head_json":{"title":"\u226b MONITORING AND ENERGY CONTROL - Satel Iberia","description":"Satel Iberia cuenta con la l\u00ednea de productos SenNet, un conjunto de soluciones para la monitorizaci\u00f3n energ\u00e9tica y el telecontrol de la energ\u00eda.","robots":{"index":"index","follow":"follow","max-snippet":"max-snippet:-1","max-image-preview":"max-image-preview:large","max-video-preview":"max-video-preview:-1"},"canonical":"https:\/\/www.satel-iberia.com\/en\/products\/monitoring-and-energy-control\/","og_locale":"en_US","og_type":"article","og_title":"\u226b MONITORING AND ENERGY CONTROL - Satel Iberia","og_description":"Satel Iberia cuenta con la l\u00ednea de productos SenNet, un conjunto de soluciones para la monitorizaci\u00f3n energ\u00e9tica y el telecontrol de la energ\u00eda.","og_url":"https:\/\/www.satel-iberia.com\/en\/products\/monitoring-and-energy-control\/","og_site_name":"Satel Iberia","article_modified_time":"2020-02-12T11:38:48+00:00","twitter_card":"summary_large_image","twitter_misc":{"Est. reading time":"7 minutes"},"schema":{"@context":"https:\/\/schema.org","@graph":[{"@type":"WebPage","@id":"https:\/\/www.satel-iberia.com\/en\/products\/monitoring-and-energy-control\/","url":"https:\/\/www.satel-iberia.com\/en\/products\/monitoring-and-energy-control\/","name":"\u226b MONITORING AND ENERGY CONTROL - Satel Iberia","isPartOf":{"@id":"https:\/\/www.satel-iberia.com\/#website"},"datePublished":"2020-02-12T07:55:23+00:00","dateModified":"2020-02-12T11:38:48+00:00","description":"Satel Iberia cuenta con la l\u00ednea de productos SenNet, un conjunto de soluciones para la monitorizaci\u00f3n energ\u00e9tica y el telecontrol de la energ\u00eda.","breadcrumb":{"@id":"https:\/\/www.satel-iberia.com\/en\/products\/monitoring-and-energy-control\/#breadcrumb"},"inLanguage":"en-US","potentialAction":[{"@type":"ReadAction","target":["https:\/\/www.satel-iberia.com\/en\/products\/monitoring-and-energy-control\/"]}]},{"@type":"BreadcrumbList","@id":"https:\/\/www.satel-iberia.com\/en\/products\/monitoring-and-energy-control\/#breadcrumb","itemListElement":[{"@type":"ListItem","position":1,"name":"Portada","item":"https:\/\/www.satel-iberia.com\/en\/"},{"@type":"ListItem","position":2,"name":"PRODUCTS","item":"https:\/\/www.satel-iberia.com\/en\/products\/"},{"@type":"ListItem","position":3,"name":"MONITORING AND ENERGY CONTROL"}]},{"@type":"WebSite","@id":"https:\/\/www.satel-iberia.com\/#website","url":"https:\/\/www.satel-iberia.com\/","name":"Satel Iberia","description":"Soluciones de monitorizaci\u00f3n y telecontrol a su medida","potentialAction":[{"@type":"SearchAction","target":{"@type":"EntryPoint","urlTemplate":"https:\/\/www.satel-iberia.com\/?s={search_term_string}"},"query-input":{"@type":"PropertyValueSpecification","valueRequired":true,"valueName":"search_term_string"}}],"inLanguage":"en-US"}]}},"post_mailing_queue_ids":[],"_links":{"self":[{"href":"https:\/\/www.satel-iberia.com\/en\/wp-json\/wp\/v2\/pages\/6363","targetHints":{"allow":["GET"]}}],"collection":[{"href":"https:\/\/www.satel-iberia.com\/en\/wp-json\/wp\/v2\/pages"}],"about":[{"href":"https:\/\/www.satel-iberia.com\/en\/wp-json\/wp\/v2\/types\/page"}],"author":[{"embeddable":true,"href":"https:\/\/www.satel-iberia.com\/en\/wp-json\/wp\/v2\/users\/5"}],"replies":[{"embeddable":true,"href":"https:\/\/www.satel-iberia.com\/en\/wp-json\/wp\/v2\/comments?post=6363"}],"version-history":[{"count":9,"href":"https:\/\/www.satel-iberia.com\/en\/wp-json\/wp\/v2\/pages\/6363\/revisions"}],"predecessor-version":[{"id":7246,"href":"https:\/\/www.satel-iberia.com\/en\/wp-json\/wp\/v2\/pages\/6363\/revisions\/7246"}],"up":[{"embeddable":true,"href":"https:\/\/www.satel-iberia.com\/en\/wp-json\/wp\/v2\/pages\/2145"}],"wp:attachment":[{"href":"https:\/\/www.satel-iberia.com\/en\/wp-json\/wp\/v2\/media?parent=6363"}],"wp:term":[{"taxonomy":"category","embeddable":true,"href":"https:\/\/www.satel-iberia.com\/en\/wp-json\/wp\/v2\/categories?post=6363"},{"taxonomy":"post_tag","embeddable":true,"href":"https:\/\/www.satel-iberia.com\/en\/wp-json\/wp\/v2\/tags?post=6363"}],"curies":[{"name":"wp","href":"https:\/\/api.w.org\/{rel}","templated":true}]}}